{"id":1937,"date":"2026-01-15T18:55:04","date_gmt":"2026-01-15T10:55:04","guid":{"rendered":"https:\/\/carbitautoparts.com\/?post_type=product&#038;p=1937"},"modified":"2026-01-15T18:55:04","modified_gmt":"2026-01-15T10:55:04","slug":"shock-absorber-for-toyota-camry-oem-48510-06240","status":"publish","type":"product","link":"https:\/\/carbitautoparts.com\/sl\/product\/amortizer-za-toyoto-camry-oem-48510-06240\/","title":{"rendered":"Amortizer za Toyota Camry-OEM 48510-06240"},"content":{"rendered":"<p><span style=\"font-family: verdana, geneva, sans-serif; color: #383434;\"><strong>Visoko zmogljiv zadnji amortizer - gladka vo\u017enja in izbolj\u0161ana stabilnost<\/strong><\/span><br \/>\n<span style=\"font-family: verdana, geneva, sans-serif; color: #383434;\">Nadgradite svoje vzmetenje s tem vrhunskim zadnjim amortizerjem, zasnovanim za vrhunsko udobje vo\u017enje, odzivno upravljanje in dolgotrajno vzdr\u017eljivost. Pona\u0161a se s tehnologijo polnjenja s plinom, materiali, odpornimi proti koroziji, in nizkim hrupom - idealen za izbolj\u0161anje varnosti vozila in vozne izku\u0161nje. Neposredna vija\u010dna zasnova za brezskrbno namestitev.<\/span><\/p>\n<hr \/>\n<p><span style=\"font-family: verdana, geneva, sans-serif; color: #383434;\"><strong><b>Klju\u010dne prednosti<\/b><\/strong><strong><b>\uff1a<\/b><\/strong><strong><b>Natan\u010dna namestitev OEM<\/b><\/strong><strong><b><br \/>\n<\/b><\/strong>Zasnovan za neposredno zamenjavo tovarni\u0161kih amortizerjev - spremembe niso potrebne.<\/span><br \/>\n<span style=\"font-family: verdana, geneva, sans-serif; color: #383434;\"><strong><b>Gladka in stabilna vo\u017enja<\/b><\/strong><\/span><\/p>\n<p><span style=\"font-family: verdana, geneva, sans-serif; color: #383434;\">U\u010dinkovito bla\u017ei cestne neravnine in vibracije, izbolj\u0161uje kakovost vo\u017enje in zmanj\u0161uje nagibanje karoserije.<\/span><\/p>\n<p><span style=\"font-family: verdana, geneva, sans-serif; color: #383434;\"><strong><b>Trpe\u017ena in proti koroziji odporna konstrukcija<\/b><\/strong><\/span><\/p>\n<p><span style=\"font-family: verdana, geneva, sans-serif; color: #383434;\">Izdelan je iz vrhunskih materialov in prevle\u010den z antikorozijsko prevleko, ki zagotavlja dolgotrajno delovanje.<\/span><\/p>\n<p><span style=\"font-family: verdana, geneva, sans-serif; color: #383434;\"><strong><b>Izbolj\u0161ano rokovanje in varnost<\/b><\/strong><strong><b><br \/>\n<\/b><\/strong>Pove\u010da stik pnevmatike s cesti\u0161\u010dem, kar izbolj\u0161a zaviranje in zavijanje.<\/span><br \/>\n<span style=\"font-family: verdana, geneva, sans-serif; color: #383434;\"><strong><b>Delovanje z nizkim hrupom<\/b><\/strong><\/span><\/p>\n<p><span style=\"font-family: verdana, geneva, sans-serif; color: #383434;\">Zasnovan je tako, da zmanj\u0161uje hrup in hrupnost za ti\u0161jo in udobnej\u0161o vo\u017enjo.<\/span><\/p>\n<p><span style=\"font-family: verdana, geneva, sans-serif; color: #383434;\"><strong><b>Nasveti za namestitev<\/b><\/strong><\/span><\/p>\n<p><span style=\"font-family: verdana, geneva, sans-serif; color: #383434;\">Za optimalno delovanje in varnost je priporo\u010dljiva strokovna namestitev.<\/span><\/p>\n<p><span style=\"font-family: verdana, geneva, sans-serif; color: #383434;\">Amortizerje vedno zamenjajte v parih (npr. levi in desni), da ohranite ravnovesje vozila.<\/span><\/p>\n<p><span style=\"font-family: verdana, geneva, sans-serif; color: #383434;\">Pred nakupom preverite leto, znamko in model svojega vozila, da zagotovite zdru\u017eljivost.<\/span><\/p>","protected":false},"excerpt":{"rendered":"<p><span style=\"font-family: verdana, geneva, sans-serif;\"><strong><b>Ime izdelka\uff1aAbsorber udarcev<br \/>\nStanje: novo<br \/>\nVrsta \u0161oka: Plinski \/ hidravli\u010dni<\/b><br \/>\nVrsta pritrditve: Neposredna pritrditev z vijaki<br \/>\nMaterial: Legirano jeklo visoke trdnosti<br \/>\n<b>Model avtomobila\uff1aToyota Camry<\/b><br \/>\n<b>\u0160T. OEM: 48510-06240<br \/>\n<\/b><\/strong><\/span><strong><span style=\"font-family: verdana, geneva, sans-serif;\">Garancija: 12 mesecev \/ 50.000 km<\/span><\/strong><\/p>","protected":false},"featured_media":1938,"comment_status":"closed","ping_status":"closed","template":"","meta":[],"product_cat":[50],"product_tag":[],"class_list":{"0":"post-1937","1":"product","2":"type-product","3":"status-publish","4":"has-post-thumbnail","6":"product_cat-chassis-parts","8":"first","9":"instock","10":"shipping-taxable","11":"product-type-simple"},"_links":{"self":[{"href":"https:\/\/carbitautoparts.com\/sl\/wp-json\/wp\/v2\/product\/1937","targetHints":{"allow":["GET"]}}],"collection":[{"href":"https:\/\/carbitautoparts.com\/sl\/wp-json\/wp\/v2\/product"}],"about":[{"href":"https:\/\/carbitautoparts.com\/sl\/wp-json\/wp\/v2\/types\/product"}],"replies":[{"embeddable":true,"href":"https:\/\/carbitautoparts.com\/sl\/wp-json\/wp\/v2\/comments?post=1937"}],"wp:featuredmedia":[{"embeddable":true,"href":"https:\/\/carbitautoparts.com\/sl\/wp-json\/wp\/v2\/media\/1938"}],"wp:attachment":[{"href":"https:\/\/carbitautoparts.com\/sl\/wp-json\/wp\/v2\/media?parent=1937"}],"wp:term":[{"taxonomy":"product_cat","embeddable":true,"href":"https:\/\/carbitautoparts.com\/sl\/wp-json\/wp\/v2\/product_cat?post=1937"},{"taxonomy":"product_tag","embeddable":true,"href":"https:\/\/carbitautoparts.com\/sl\/wp-json\/wp\/v2\/product_tag?post=1937"}],"curies":[{"name":"wp","href":"https:\/\/api.w.org\/{rel}","templated":true}]}}