{"id":322,"date":"2025-02-12T20:10:47","date_gmt":"2025-02-12T12:10:47","guid":{"rendered":"https:\/\/carbitautoparts.com\/?post_type=product&#038;p=322"},"modified":"2025-03-07T18:16:12","modified_gmt":"2025-03-07T10:16:12","slug":"solar-powered-wireless-tpms-tire-pressure-monitoring-system","status":"publish","type":"product","link":"https:\/\/carbitautoparts.com\/sl\/product\/brezzicni-sistem-za-spremljanje-tlaka-v-pnevmatikah-tpms-na-soncno-energijo\/","title":{"rendered":"Brez\u017ei\u010dni sistem TPMS (sistem za nadzor tlaka v pnevmatikah) na son\u010dno energijo"},"content":{"rendered":"<p>&nbsp;<\/p>\n<p>&nbsp;<\/p>\n<p><img fetchpriority=\"high\" decoding=\"async\" class=\"wp-image-861 alignleft\" src=\"https:\/\/carbitautoparts.com\/wp-content\/uploads\/2025\/02\/\u5c4f\u5e55\u622a\u56fe-2025-02-18-114635-2.jpg\" alt=\"\" width=\"442\" height=\"636\" srcset=\"https:\/\/carbitautoparts.com\/wp-content\/uploads\/2025\/02\/\u5c4f\u5e55\u622a\u56fe-2025-02-18-114635-2.jpg 595w, https:\/\/carbitautoparts.com\/wp-content\/uploads\/2025\/02\/\u5c4f\u5e55\u622a\u56fe-2025-02-18-114635-2-209x300.jpg 209w, https:\/\/carbitautoparts.com\/wp-content\/uploads\/2025\/02\/\u5c4f\u5e55\u622a\u56fe-2025-02-18-114635-2-150x216.jpg 150w\" sizes=\"(max-width: 442px) 100vw, 442px\" \/><\/p>\n<p>&nbsp;<\/p>\n<p>&nbsp;<\/p>\n<p>&nbsp;<\/p>\n<ul>\n<li><span style=\"font-family: verdana, geneva, sans-serif;\">Na\u0161 brez\u017ei\u010dni sistem TPMS, ki ga napaja son\u010dna energija, uporablja napredne inteligentne \u010dipe za ve\u010djo natan\u010dnost. <\/span><br \/>\n<span style=\"font-family: verdana, geneva, sans-serif;\">Odlikujejo ga natan\u010dno zaznavanje, pravo\u010dasna opozorila, stabilen prenos signala in raz\u0161irjeno obmo\u010dje sprejema, <\/span><br \/>\n<span style=\"font-family: verdana, geneva, sans-serif;\"><span style=\"font-family: verdana, geneva, sans-serif;\">majhna poraba energije in visoka odpornost na razli\u010dne vrste elektromagnetnih motenj.<\/span><\/span><\/li>\n<li><span style=\"font-family: verdana, geneva, sans-serif;\">Uporabite v pnevmatike vgrajene senzorje za ve\u010djo natan\u010dnost, vrhunsko varnost, odpornost proti kraji in odpravo nevarnosti uhajanja zraka.<\/span><\/li>\n<\/ul>\n<p>&nbsp;<\/p>\n<p>&nbsp;<\/p>\n<p>&nbsp;<\/p>\n<p>&nbsp;<\/p>\n<p>&nbsp;<\/p>\n<p>&nbsp;<\/p>\n<p>&nbsp;<\/p>\n<p>&nbsp;<\/p>\n<p>&nbsp;<\/p>\n<p>&nbsp;<\/p>\n<p>&nbsp;<\/p>\n<p><img decoding=\"async\" class=\"alignright wp-image-961\" src=\"https:\/\/carbitautoparts.com\/wp-content\/uploads\/2025\/02\/O1CN01ndVyVa1vZEwYHduer_2200620026186-0-cib-2-1024x1024.jpg\" alt=\"\" width=\"410\" height=\"410\" srcset=\"https:\/\/carbitautoparts.com\/wp-content\/uploads\/2025\/02\/O1CN01ndVyVa1vZEwYHduer_2200620026186-0-cib-2-1024x1024.jpg 1024w, https:\/\/carbitautoparts.com\/wp-content\/uploads\/2025\/02\/O1CN01ndVyVa1vZEwYHduer_2200620026186-0-cib-2-300x300.jpg 300w, https:\/\/carbitautoparts.com\/wp-content\/uploads\/2025\/02\/O1CN01ndVyVa1vZEwYHduer_2200620026186-0-cib-2-150x150.jpg 150w, https:\/\/carbitautoparts.com\/wp-content\/uploads\/2025\/02\/O1CN01ndVyVa1vZEwYHduer_2200620026186-0-cib-2-768x768.jpg 768w, https:\/\/carbitautoparts.com\/wp-content\/uploads\/2025\/02\/O1CN01ndVyVa1vZEwYHduer_2200620026186-0-cib-2-600x600.jpg 600w, https:\/\/carbitautoparts.com\/wp-content\/uploads\/2025\/02\/O1CN01ndVyVa1vZEwYHduer_2200620026186-0-cib-2.jpg 1080w\" sizes=\"(max-width: 410px) 100vw, 410px\" \/><\/p>\n<p>&nbsp;<\/p>\n<p><strong><span style=\"font-family: verdana, geneva, sans-serif;\">Inteligentno preklapljanje<\/span><\/strong><\/p>\n<ul>\n<li><span style=\"font-family: verdana, geneva, sans-serif;\">Samodejno vklopi sistem TPMS, ko je vozilo<br \/>\nza\u010del.<\/span><\/li>\n<li><span style=\"font-family: verdana, geneva, sans-serif;\">Samodejno se izklopi, ko vozilo miruje.<\/span><\/li>\n<li><span style=\"font-family: verdana, geneva, sans-serif;\"><span style=\"font-family: verdana, geneva, sans-serif;\"><span style=\"font-family: verdana, geneva, sans-serif;\">Enostavna in hitra namestitev brez potrebe po priklju\u010ditvi<br \/>\nz vsemi \u017eicami.<\/span><\/span><\/span><\/li>\n<li><span style=\"font-family: verdana, geneva, sans-serif;\">Vodotesnost senzorjev po standardu IPX7.<br \/>\n<\/span><\/li>\n<li><span style=\"font-family: verdana, geneva, sans-serif;\"><span style=\"font-family: verdana, geneva, sans-serif;\">Prilagodljivi ve\u010djezi\u010dni pozivni toni (razli\u010dica z glasovnim pozivom)<\/span><\/span><\/li>\n<\/ul>\n<p>&nbsp;<\/p>\n<p>&nbsp;<\/p>\n<p>&nbsp;<\/p>\n<p>Sistem TPMS je pridobil certifikata ISO9001:2015 in IATF 16949:2016. Strogo so ga pregledali in odobrili razli\u010dni doma\u010di in mednarodni regulativni organi, vklju\u010dno s FCC, CE, ROHS in centri za preverjanje kakovosti tretjih oseb. Poleg tega je pridobil ve\u010d patentov za tehnologijo spremljanja tlaka v pnevmatikah in ima avtorske pravice za povezano aplikativno programsko opremo.<\/p>\n<p><img decoding=\"async\" class=\"size-large wp-image-864 aligncenter\" src=\"https:\/\/carbitautoparts.com\/wp-content\/uploads\/2025\/02\/WPS\u62fc\u56fe0-1-1024x187.png\" alt=\"\" width=\"1024\" height=\"187\" srcset=\"https:\/\/carbitautoparts.com\/wp-content\/uploads\/2025\/02\/WPS\u62fc\u56fe0-1-1024x187.png 1024w, https:\/\/carbitautoparts.com\/wp-content\/uploads\/2025\/02\/WPS\u62fc\u56fe0-1-300x55.png 300w, https:\/\/carbitautoparts.com\/wp-content\/uploads\/2025\/02\/WPS\u62fc\u56fe0-1-768x140.png 768w, https:\/\/carbitautoparts.com\/wp-content\/uploads\/2025\/02\/WPS\u62fc\u56fe0-1-1536x281.png 1536w, https:\/\/carbitautoparts.com\/wp-content\/uploads\/2025\/02\/WPS\u62fc\u56fe0-1-2048x374.png 2048w, https:\/\/carbitautoparts.com\/wp-content\/uploads\/2025\/02\/WPS\u62fc\u56fe0-1-600x110.png 600w, https:\/\/carbitautoparts.com\/wp-content\/uploads\/2025\/02\/WPS\u62fc\u56fe0-1-150x27.png 150w\" sizes=\"(max-width: 1024px) 100vw, 1024px\" \/><\/p>\n<p>&nbsp;<\/p>\n<p>&nbsp;<\/p>\n<p>&nbsp;<\/p>","protected":false},"excerpt":{"rendered":"<p><span style=\"color: #473636; font-family: verdana, geneva, sans-serif;\"><strong>Ime izdelka\uff1a<\/strong>Brez\u017ei\u010dni sistem TPMS na son\u010dno energijo<br \/>\n<strong>Garancija\uff1a<\/strong>1 leto<br \/>\n<strong>Stanje\uff1a<\/strong>Novo<br \/>\n<strong>Delovna napetost\uff1a<\/strong>3.7V<br \/>\n<strong>Delovna temperatura:<\/strong> 70\u00b0C<br \/>\n<strong>Razred vodoodpornosti:<\/strong> IPX7<br \/>\n<strong>Napetost polnjenja:<\/strong> DC 5,1 V<br \/>\n<strong>Razpon tlaka:<\/strong>0\u223c6Bar<br \/>\n<strong>Oddajna frekvenca:<\/strong> 433,92 MHZ<br \/>\n<strong>Oddajna mo\u010d:<\/strong> &gt;10 dBm<br \/>\n<strong>Kakovost:<\/strong> 100% Preizku\u0161eno<br \/>\n<strong>\u010cas dostave:<\/strong> 3-7 dni<\/span><\/p>","protected":false},"featured_media":865,"comment_status":"closed","ping_status":"closed","template":"","meta":[],"product_cat":[25],"product_tag":[],"class_list":{"0":"post-322","1":"product","2":"type-product","3":"status-publish","4":"has-post-thumbnail","6":"product_cat-others-autoparts","8":"first","9":"instock","10":"shipping-taxable","11":"product-type-simple"},"_links":{"self":[{"href":"https:\/\/carbitautoparts.com\/sl\/wp-json\/wp\/v2\/product\/322","targetHints":{"allow":["GET"]}}],"collection":[{"href":"https:\/\/carbitautoparts.com\/sl\/wp-json\/wp\/v2\/product"}],"about":[{"href":"https:\/\/carbitautoparts.com\/sl\/wp-json\/wp\/v2\/types\/product"}],"replies":[{"embeddable":true,"href":"https:\/\/carbitautoparts.com\/sl\/wp-json\/wp\/v2\/comments?post=322"}],"wp:featuredmedia":[{"embeddable":true,"href":"https:\/\/carbitautoparts.com\/sl\/wp-json\/wp\/v2\/media\/865"}],"wp:attachment":[{"href":"https:\/\/carbitautoparts.com\/sl\/wp-json\/wp\/v2\/media?parent=322"}],"wp:term":[{"taxonomy":"product_cat","embeddable":true,"href":"https:\/\/carbitautoparts.com\/sl\/wp-json\/wp\/v2\/product_cat?post=322"},{"taxonomy":"product_tag","embeddable":true,"href":"https:\/\/carbitautoparts.com\/sl\/wp-json\/wp\/v2\/product_tag?post=322"}],"curies":[{"name":"wp","href":"https:\/\/api.w.org\/{rel}","templated":true}]}}