{"id":805,"date":"2025-02-20T10:16:45","date_gmt":"2025-02-20T02:16:45","guid":{"rendered":"https:\/\/carbitautoparts.com\/?post_type=product&#038;p=805"},"modified":"2025-05-06T15:39:07","modified_gmt":"2025-05-06T07:39:07","slug":"dual-iridium-spark-plug-for-toyota-camry-corolla-rav4-90919-01297","status":"publish","type":"product","link":"https:\/\/carbitautoparts.com\/sl\/product\/dvojna-iridijeva-svecka-za-toyoto-camry-corolla-rav4-90919-01297\/","title":{"rendered":"Dvojna iridijeva sve\u010dka za Toyota Camry, Corolla, RAV4-OEM 90919-01297"},"content":{"rendered":"<p><span style=\"font-family: verdana, geneva, sans-serif; color: #4f4d4d; font-size: 14pt;\"><strong>Natan\u010dno delovanje v\u017eiga za ve\u010djo u\u010dinkovitost in vzdr\u017eljivost<\/strong><\/span><\/p>\n<p><span style=\"font-family: verdana, geneva, sans-serif; color: #636060;\">Pove\u010dajte zmogljivost motorja in prihranek goriva z na\u0161imi\u00a0<strong>Dvojni iridijevi v\u017eigalni sve\u010dki<\/strong> <strong>(OEM:90919-01297)<\/strong>, ki je zasnovan posebej za Toyotine motorje 1,8L, 2,0L in 2,5L. Zasnovan tako, da izpolnjuje ali presega<br \/>\nTa visoko zmogljiva v\u017eigalna sve\u010dka po standardih OEM zagotavlja zanesljiv v\u017eig, zmanj\u0161ane emisije in podalj\u0161ano \u017eivljenjsko dobo za modele Camry, Corolla, Auris, RAV4, Lexus.<\/span><\/p>\n<hr \/>\n<ul>\n<li><span style=\"font-family: verdana, geneva, sans-serif; color: #736f6f;\"><strong><b>Dalj\u0161a \u017eivljenjska doba<\/b><\/strong><\/span><\/li>\n<\/ul>\n<p style=\"padding-left: 40px;\"><span style=\"font-family: verdana, geneva, sans-serif; color: #736f6f;\">Dvojni iridijev material ima mo\u010dno oksidacijsko odpornost, stranska elektroda pa<br \/>\nTehnologija omogo\u010da, da se vrzel med sve\u010dkami skoraj ne obrabi, kar podalj\u0161a njihovo \u017eivljenjsko dobo.<\/span><\/p>\n<ul>\n<li><span style=\"font-family: verdana, geneva, sans-serif; color: #736f6f;\"><strong><b>Mo\u010dnej\u0161e delovanje v\u017eiga<\/b><\/strong><\/span><\/li>\n<\/ul>\n<p style=\"padding-left: 40px;\"><span style=\"font-family: verdana, geneva, sans-serif; color: #736f6f;\">Dvojni iridij z dvojno iglo, dobra toplotna prevodnost, uporaba \"vro\u010de taline\"<br \/>\ntehnologijo z visoko stopnjo zrakotesnosti. Zagotovite, da se temperatura dvigne na<br \/>\nv nekaj sekundah po zagonu dose\u017ee temperaturo samo\u010di\u0161\u010denja in pove\u010da<br \/>\nstopnja uspe\u0161nega v\u017eiga.<\/span><\/p>\n<ul>\n<li><span style=\"font-family: verdana, geneva, sans-serif; color: #736f6f;\"><strong><b>Hitrej\u0161i v\u017eig <\/b><\/strong><\/span><\/li>\n<\/ul>\n<p style=\"padding-left: 40px;\"><span style=\"font-family: verdana, geneva, sans-serif; color: #736f6f;\">Izbolj\u0161an izkoristek goriva in bolj gladko pospe\u0161evanje.<\/span><\/p>\n<ul>\n<li><span style=\"font-family: verdana, geneva, sans-serif; color: #736f6f;\"><strong><b>Var\u010devanje z gorivom<\/b><\/strong><\/span><\/li>\n<\/ul>\n<p style=\"padding-left: 40px;\"><span style=\"font-family: verdana, geneva, sans-serif; color: #736f6f;\">Stranske elektrode so obdelane v obliki sto\u017eca, kar pove\u010da zdru\u017eevanje nabojev.<br \/>\nu\u010dinek in izbolj\u0161a pot v\u017eiga, s \u010dimer prihrani gorivo in za\u0161\u010diti tristranski katalizator ter prihrani stro\u0161ke vzdr\u017eevanja avtomobila.<\/span><\/p>\n<ul>\n<li><span style=\"font-family: verdana, geneva, sans-serif; color: #736f6f;\"><strong><b>Re\u0161evanje tresenja motorja<\/b><\/strong><\/span><\/li>\n<\/ul>\n<p style=\"padding-left: 40px;\"><span style=\"font-family: verdana, geneva, sans-serif; color: #736f6f;\">U\u010dinkovito odpravlja tresenje motorja, ki ga povzro\u010da oksidacija v\u017eigalnih sve\u010dk, in izbolj\u0161a mo\u010d motorja.<\/span><\/p>","protected":false},"excerpt":{"rendered":"<p><span style=\"font-family: verdana, geneva, sans-serif; color: #4a4747;\"><strong>Ime izdelka\uff1a<\/strong>Dvojni iridijevi v\u017eigalni sve\u010dki <\/span><br \/>\n<span style=\"font-family: verdana, geneva, sans-serif; color: #4a4747;\"><strong>Garancija\uff1a<\/strong>1 leto<\/span><br \/>\n<span style=\"font-family: verdana, geneva, sans-serif; color: #4a4747;\"><strong>Stanje\uff1a<\/strong>Novo<\/span><br \/>\n<span style=\"font-family: verdana, geneva, sans-serif; color: #4a4747;\"><strong>Model avtomobila\uff1a<\/strong>Toyota Camry\/Corolla\/<span style=\"font-family: verdana, geneva, sans-serif; color: #636060;\">Auris<\/span>\/RAV4\/Lexus<\/span><br \/>\n<span style=\"font-family: verdana, geneva, sans-serif; color: #4a4747;\"><strong>OEM NO.:<\/strong> 90919-01297<\/span><br \/>\n<span style=\"font-family: verdana, geneva, sans-serif; color: #4a4747;\"><strong>Kakovost:<\/strong>\u00a0100% Preizku\u0161eno<\/span><br \/>\n<span style=\"font-family: verdana, geneva, sans-serif; color: #4a4747;\"><strong>\u010cas dostave:<\/strong>\u00a03-7 dni<\/span><\/p>","protected":false},"featured_media":806,"comment_status":"closed","ping_status":"closed","template":"","meta":[],"product_cat":[18],"product_tag":[],"class_list":{"0":"post-805","1":"product","2":"type-product","3":"status-publish","4":"has-post-thumbnail","6":"product_cat-engine-parts","8":"first","9":"instock","10":"featured","11":"shipping-taxable","12":"product-type-simple"},"_links":{"self":[{"href":"https:\/\/carbitautoparts.com\/sl\/wp-json\/wp\/v2\/product\/805","targetHints":{"allow":["GET"]}}],"collection":[{"href":"https:\/\/carbitautoparts.com\/sl\/wp-json\/wp\/v2\/product"}],"about":[{"href":"https:\/\/carbitautoparts.com\/sl\/wp-json\/wp\/v2\/types\/product"}],"replies":[{"embeddable":true,"href":"https:\/\/carbitautoparts.com\/sl\/wp-json\/wp\/v2\/comments?post=805"}],"wp:featuredmedia":[{"embeddable":true,"href":"https:\/\/carbitautoparts.com\/sl\/wp-json\/wp\/v2\/media\/806"}],"wp:attachment":[{"href":"https:\/\/carbitautoparts.com\/sl\/wp-json\/wp\/v2\/media?parent=805"}],"wp:term":[{"taxonomy":"product_cat","embeddable":true,"href":"https:\/\/carbitautoparts.com\/sl\/wp-json\/wp\/v2\/product_cat?post=805"},{"taxonomy":"product_tag","embeddable":true,"href":"https:\/\/carbitautoparts.com\/sl\/wp-json\/wp\/v2\/product_tag?post=805"}],"curies":[{"name":"wp","href":"https:\/\/api.w.org\/{rel}","templated":true}]}}