{"id":812,"date":"2025-02-20T11:15:45","date_gmt":"2025-02-20T03:15:45","guid":{"rendered":"https:\/\/carbitautoparts.com\/?post_type=product&#038;p=812"},"modified":"2025-03-13T12:00:34","modified_gmt":"2025-03-13T04:00:34","slug":"audi-a4-a5-q5-air-conditioning-compressor-oem-8t0260805n","status":"publish","type":"product","link":"https:\/\/carbitautoparts.com\/sl\/product\/audi-a4-a5-q5-kompresor-klimatske-naprave-oem-8t0260805n\/","title":{"rendered":"Kompresor klimatske naprave za Audi A4\/A5\/Q5-OEM 8T0260805N"},"content":{"rendered":"<p><span style=\"font-family: verdana, geneva, sans-serif; color: #595555;\"><strong>Vrhunska zmogljivost hlajenja za luksuzne modele Audi<\/strong><\/span><\/p>\n<p><span style=\"font-family: verdana, geneva, sans-serif; color: #807c7c;\">Z na\u0161im natan\u010dno izdelanim kompresorjem klimatske naprave, ki je zasnovan tako, da<br \/>\nizpolnjuje Audijeve stroge standarde. Neposredna zamenjava za modele A4 (B8), A5 (8T\/8F) in Q5 (8R),<br \/>\nzagotavlja optimalno u\u010dinkovitost hlajenja in vzdr\u017eljivost.<\/span><\/p>\n<hr \/>\n<ul>\n<li><span style=\"font-family: verdana, geneva, sans-serif; color: #807c7c;\"><strong><b>Napredna tehnologija hlajenja<\/b><\/strong><\/span><\/li>\n<\/ul>\n<p style=\"padding-left: 40px;\"><span style=\"font-family: verdana, geneva, sans-serif; color: #807c7c;\">Pripravljeno za hladilno sredstvo R134a (predhodno napolnjeno z oljem PAG46, 150 ml).Toplotna za\u0161\u010dita pred preobremenitvijo za dalj\u0161e delovanje pri ekstremnih temperaturah.Zasnova z nizko stopnjo hrupa (&lt;68 dB) za luksuzno do\u017eivetje v Audijevi kabini.<\/span><\/p>\n<ul>\n<li><span style=\"font-family: verdana, geneva, sans-serif; color: #807c7c;\"><strong><b>Trajnostni in\u017eeniring <\/b><\/strong><\/span><\/li>\n<\/ul>\n<p style=\"padding-left: 40px;\"><span style=\"font-family: verdana, geneva, sans-serif; color: #807c7c;\">CNC-obdelano aluminijasto ohi\u0161je s protikorozijsko prevleko.Trojno zatesnjena gred (tesnila HNBR + Viton) prepre\u010duje pu\u0161\u010danje.Proizvodnja s certifikatom ISO 9001<\/span><\/p>\n<ul>\n<li><span style=\"font-family: verdana, geneva, sans-serif; color: #807c7c;\"><strong><b>Namestitev Plug-and-Play<\/b><\/strong><\/span><\/li>\n<\/ul>\n<p style=\"padding-left: 40px;\"><span style=\"color: #807c7c;\"><span style=\"font-family: verdana, geneva, sans-serif;\">Neposredna zamenjava z vijaki (vklju\u010deni so nosilci in jermenica OE)<br \/>\n<\/span><span style=\"font-family: verdana, geneva, sans-serif;\">Prednastavljena zra\u010dna vrzel sklopke (toleranca 0,5 mm \u00b1 0,1 mm)<br \/>\n<\/span><span style=\"font-family: verdana, geneva, sans-serif;\">Zdru\u017eljiv z originalnimi nadzornimi moduli Audi HVAC<\/span><\/span><\/p>\n<ul>\n<li><span style=\"font-family: verdana, geneva, sans-serif; color: #807c7c;\"><strong>Natan\u010dna namestitev OEM<\/strong><\/span><br \/>\n<span style=\"font-family: verdana, geneva, sans-serif; color: #807c7c;\"><br \/>\nZdru\u017eljiv z:<\/span><\/li>\n<\/ul>\n<p style=\"padding-left: 40px;\"><span style=\"color: #807c7c;\"><span style=\"font-family: verdana, geneva, sans-serif;\">Audi A4 B8 (2008-2016) | 2,0L TFSI\/TDI motorji<br \/>\n<\/span><span style=\"font-family: verdana, geneva, sans-serif;\">Audi A5 8T\/8F (2007-2016) | 3.0L V6 in 2.0L razli\u010dice<br \/>\n<\/span><span style=\"font-family: verdana, geneva, sans-serif;\">Audi Q5 8R (2008-2017) | Bencinski in dizelski motorji<\/span><\/span><\/p>\n<ul>\n<li><span style=\"color: #807c7c;\"><span style=\"color: #807c7c;\"><span style=\"font-family: verdana, geneva, sans-serif;\"><strong><b>Zakaj izbrati na\u0161e kompresorje?<\/b><\/strong><\/span><\/span><\/span><span style=\"color: #807c7c;\"><span style=\"color: #807c7c;\"><span style=\"color: #807c7c;\"><b><\/b><span style=\"font-family: verdana, geneva, sans-serif;\"><br \/>\nStroga kontrola kakovosti: 72-urno testiranje u\u010dinkovitosti<br \/>\n<\/span><span style=\"font-family: verdana, geneva, sans-serif;\">100% preverjanje uhajanja z zaznavanjem helija<br \/>\n<\/span><\/span><\/span><\/span><span style=\"color: #807c7c;\"><span style=\"font-family: verdana, geneva, sans-serif;\">1-letna garancija <\/span><\/span><\/li>\n<\/ul>\n<p style=\"padding-left: 40px;\">","protected":false},"excerpt":{"rendered":"<div data-spm-anchor-id=\"a2700.details.0.i120.33162f1aiG0nFp\">\n<div class=\"left\" data-spm-anchor-id=\"a2700.details.0.i122.33162f1aiG0nFp\"><span style=\"color: #5c5757;\"><strong><span style=\"font-family: verdana, geneva, sans-serif;\">Ime izdelka\uff1a<\/span><\/strong><span style=\"font-family: verdana, geneva, sans-serif;\">Auto AC C0mpressor<\/span><\/span><\/div>\n<\/div>\n<div class=\"left\" data-spm-anchor-id=\"a2700.details.0.i120.33162f1aiG0nFp\"><span style=\"color: #5c5757;\"><strong><span style=\"font-family: verdana, geneva, sans-serif;\">Garancija\uff1a<\/span><\/strong><span style=\"font-family: verdana, geneva, sans-serif;\">1 leto<\/span><\/span><\/div>\n<div data-spm-anchor-id=\"a2700.details.0.i120.33162f1aiG0nFp\">\n<div class=\"left\" data-spm-anchor-id=\"a2700.details.0.i71.4a9b317eS5Ucpi\"><span style=\"color: #5c5757;\"><strong><span style=\"font-family: verdana, geneva, sans-serif;\">Stanje\uff1a<\/span><\/strong><span style=\"font-family: verdana, geneva, sans-serif;\">Novo<\/span><\/span><\/div>\n<div data-spm-anchor-id=\"a2700.details.0.i71.4a9b317eS5Ucpi\">\n<div class=\"left\" data-spm-anchor-id=\"a2700.details.0.i70.4a9b317eS5Ucpi\"><span style=\"color: #5c5757;\"><strong><span style=\"font-family: verdana, geneva, sans-serif;\">Model avtomobila\uff1a<\/span><\/strong><span style=\"font-family: verdana, geneva, sans-serif;\">AUDI A4 A5 Q5<\/span><\/span><\/div>\n<\/div>\n<\/div>\n<div class=\"left\" data-spm-anchor-id=\"a2700.details.0.i120.33162f1aiG0nFp\"><span style=\"color: #5c5757;\"><strong><span style=\"font-family: verdana, geneva, sans-serif;\">Napetost:\u00a0<\/span><\/strong><span style=\"font-family: verdana, geneva, sans-serif;\">12V<\/span><\/span><\/div>\n<div data-spm-anchor-id=\"a2700.details.0.i120.33162f1aiG0nFp\">\n<div class=\"left\"><span style=\"color: #5c5757;\"><strong><span style=\"font-family: verdana, geneva, sans-serif;\">Hladilno sredstvo\uff1a<\/span><\/strong><span style=\"font-family: verdana, geneva, sans-serif;\">R134a<\/span><\/span><\/div>\n<div><span style=\"color: #5c5757;\"><strong><span style=\"font-family: verdana, geneva, sans-serif;\">OEM NO.: <\/span><\/strong><span style=\"font-family: verdana, geneva, sans-serif;\">8T0260805N, 8T0260805E, 4M0820803<\/span><\/span><\/div>\n<div>\n<div class=\"left\" data-spm-anchor-id=\"a2700.details.0.i74.4a9b317eS5Ucpi\"><span style=\"color: #5c5757;\"><strong><span style=\"font-family: verdana, geneva, sans-serif;\">Kakovost: <\/span><\/strong><span style=\"font-family: verdana, geneva, sans-serif;\">100% Preizku\u0161eno<\/span><\/span><\/div>\n<div data-spm-anchor-id=\"a2700.details.0.i74.4a9b317eS5Ucpi\">\n<div class=\"left\" data-spm-anchor-id=\"a2700.details.0.i75.4a9b317eS5Ucpi\"><span style=\"color: #5c5757;\"><strong><span style=\"font-family: verdana, geneva, sans-serif;\">\u010cas dostave: <\/span><\/strong><span style=\"font-family: verdana, geneva, sans-serif;\">3-7 dni<\/span><\/span><\/div>\n<\/div>\n<\/div>\n<\/div>","protected":false},"featured_media":837,"comment_status":"closed","ping_status":"closed","template":"","meta":[],"product_cat":[19],"product_tag":[],"class_list":{"0":"post-812","1":"product","2":"type-product","3":"status-publish","4":"has-post-thumbnail","6":"product_cat-electric-almotor-parts","8":"first","9":"instock","10":"shipping-taxable","11":"product-type-simple"},"_links":{"self":[{"href":"https:\/\/carbitautoparts.com\/sl\/wp-json\/wp\/v2\/product\/812","targetHints":{"allow":["GET"]}}],"collection":[{"href":"https:\/\/carbitautoparts.com\/sl\/wp-json\/wp\/v2\/product"}],"about":[{"href":"https:\/\/carbitautoparts.com\/sl\/wp-json\/wp\/v2\/types\/product"}],"replies":[{"embeddable":true,"href":"https:\/\/carbitautoparts.com\/sl\/wp-json\/wp\/v2\/comments?post=812"}],"wp:featuredmedia":[{"embeddable":true,"href":"https:\/\/carbitautoparts.com\/sl\/wp-json\/wp\/v2\/media\/837"}],"wp:attachment":[{"href":"https:\/\/carbitautoparts.com\/sl\/wp-json\/wp\/v2\/media?parent=812"}],"wp:term":[{"taxonomy":"product_cat","embeddable":true,"href":"https:\/\/carbitautoparts.com\/sl\/wp-json\/wp\/v2\/product_cat?post=812"},{"taxonomy":"product_tag","embeddable":true,"href":"https:\/\/carbitautoparts.com\/sl\/wp-json\/wp\/v2\/product_tag?post=812"}],"curies":[{"name":"wp","href":"https:\/\/api.w.org\/{rel}","templated":true}]}}