{"id":868,"date":"2025-02-21T09:51:19","date_gmt":"2025-02-21T01:51:19","guid":{"rendered":"https:\/\/carbitautoparts.com\/?post_type=product&#038;p=868"},"modified":"2025-03-13T09:52:31","modified_gmt":"2025-03-13T01:52:31","slug":"chery-tiggo-3-5-7-dual-iridium-spark-plug-oem-a11-3707110ca","status":"publish","type":"product","link":"https:\/\/carbitautoparts.com\/sl\/product\/chery-tiggo-3-5-7-dvojna-iridijeva-vzigalna-sveca-oem-a11-3707110ca\/","title":{"rendered":"Chery Tiggo 3, 5, 7 Dual Iridium Spark Plug Replacement-OEM A11-3707110CA"},"content":{"rendered":"<p><span style=\"font-family: verdana, geneva, sans-serif; font-size: 14pt; color: #4d4b4b;\"><strong>Natan\u010dno delovanje v\u017eiga za ve\u010djo u\u010dinkovitost in vzdr\u017eljivost<\/strong><\/span><\/p>\n<p><span style=\"font-family: verdana, geneva, sans-serif; color: #5e5c5c;\">Pove\u010dajte zmogljivost motorja in prihranek goriva z na\u0161imi\u00a0<strong>Dvojni iridijevi v\u017eigalni sve\u010dki (OEM: A11-3707110CA)<\/strong>, ki je bil zasnovan posebej za vozila Chery Tiggo SUV. Ta visokozmogljiva v\u017eigalna sve\u010dka, zasnovana tako, da izpolnjuje ali presega standarde OEM, zagotavlja zanesljiv v\u017eig, zmanj\u0161ane emisije in podalj\u0161ano \u017eivljenjsko dobo za modele Tiggo 3, Tiggo 5 in Tiggo 7.<\/span><\/p>\n<hr \/>\n<ul>\n<li><span style=\"font-family: verdana, geneva, sans-serif; color: #736f6f;\"><strong><b>Dalj\u0161a \u017eivljenjska doba<\/b><\/strong><\/span><\/li>\n<\/ul>\n<p style=\"padding-left: 40px;\"><span style=\"font-family: verdana, geneva, sans-serif; color: #736f6f;\">Material z dvojnim iridijem je mo\u010dno odporen proti oksidaciji, zaradi tehnologije stranskih elektrod pa se vrzel v sve\u010dki skoraj ne obrabi, kar podalj\u0161a njeno \u017eivljenjsko dobo.<\/span><\/p>\n<ul>\n<li><span style=\"font-family: verdana, geneva, sans-serif; color: #736f6f;\"><strong><b>Mo\u010dnej\u0161e delovanje v\u017eiga<\/b><\/strong><\/span><\/li>\n<\/ul>\n<p style=\"padding-left: 40px;\"><span style=\"font-family: verdana, geneva, sans-serif; color: #736f6f;\">Dvojna iridijeva zasnova z dvojno iglo, dobra toplotna prevodnost, uporaba tehnologije \"vro\u010dega taljenja\", z visoko stopnjo zrakotesnosti. Zagotavlja, da se temperatura v nekaj sekundah po zagonu dvigne na samo\u010distilno temperaturo, kar pove\u010da stopnjo uspe\u0161nega v\u017eiga.<\/span><\/p>\n<ul>\n<li><span style=\"font-family: verdana, geneva, sans-serif; color: #736f6f;\"><strong><b>Hitrej\u0161i v\u017eig <\/b><\/strong><\/span><\/li>\n<\/ul>\n<p style=\"padding-left: 40px;\"><span style=\"font-family: verdana, geneva, sans-serif; color: #736f6f;\">Izbolj\u0161an izkoristek goriva in bolj gladko pospe\u0161evanje.<\/span><\/p>\n<ul>\n<li><span style=\"font-family: verdana, geneva, sans-serif; color: #736f6f;\"><strong><b>Var\u010devanje z gorivom<\/b><\/strong><\/span><\/li>\n<\/ul>\n<p style=\"padding-left: 40px;\"><span style=\"font-family: verdana, geneva, sans-serif; color: #736f6f;\">Stranske elektrode so obdelane v obliki sto\u017eca, kar pove\u010da u\u010dinek zdru\u017eevanja nabojev in izbolj\u0161a pot v\u017eiga, s tem pa prihrani gorivo in za\u0161\u010diti va\u0161 tristranski katalizator ter prihrani stro\u0161ke vzdr\u017eevanja avtomobila.<\/span><\/p>\n<ul>\n<li><span style=\"font-family: verdana, geneva, sans-serif; color: #736f6f;\"><strong><b>Re\u0161evanje tresenja motorja<\/b><\/strong><\/span><\/li>\n<\/ul>\n<p style=\"padding-left: 40px;\"><span style=\"font-family: verdana, geneva, sans-serif; color: #736f6f;\">U\u010dinkovito odpravlja tresenje motorja, ki ga povzro\u010da oksidacija v\u017eigalnih sve\u010dk, in izbolj\u0161a mo\u010d motorja.<\/span><\/p>","protected":false},"excerpt":{"rendered":"<p><span style=\"font-family: verdana, geneva, sans-serif; color: #4a4747;\"><strong>Ime izdelka\uff1a<\/strong>Dvojni iridijevi v\u017eigalni sve\u010dki <\/span><br \/>\n<span style=\"font-family: verdana, geneva, sans-serif; color: #4a4747;\"><strong>Garancija\uff1a<\/strong>1 leto<\/span><br \/>\n<span style=\"font-family: verdana, geneva, sans-serif; color: #4a4747;\"><strong>Stanje\uff1a<\/strong>Novo<\/span><br \/>\n<span style=\"font-family: verdana, geneva, sans-serif; color: #4a4747;\"><strong>Model avtomobila\uff1a<\/strong>Chery Tiggo 3\/5\/7\/3X\/5pro\/7Pro\/7Plus<\/span><br \/>\n<span style=\"font-family: verdana, geneva, sans-serif; color: #4a4747;\"><strong>OEM NO.:<\/strong> A11-3707110CA\uff0cE4G16-3707110<\/span><br \/>\n<span style=\"font-family: verdana, geneva, sans-serif; color: #4a4747;\"><strong>Kakovost:<\/strong>\u00a0100% Preizku\u0161eno<\/span><br \/>\n<span style=\"font-family: verdana, geneva, sans-serif; color: #4a4747;\"><strong>\u010cas dostave:<\/strong>\u00a03-7 dni<\/span><\/p>","protected":false},"featured_media":869,"comment_status":"closed","ping_status":"closed","template":"","meta":[],"product_cat":[18],"product_tag":[],"class_list":{"0":"post-868","1":"product","2":"type-product","3":"status-publish","4":"has-post-thumbnail","6":"product_cat-engine-parts","8":"first","9":"instock","10":"shipping-taxable","11":"product-type-simple"},"_links":{"self":[{"href":"https:\/\/carbitautoparts.com\/sl\/wp-json\/wp\/v2\/product\/868","targetHints":{"allow":["GET"]}}],"collection":[{"href":"https:\/\/carbitautoparts.com\/sl\/wp-json\/wp\/v2\/product"}],"about":[{"href":"https:\/\/carbitautoparts.com\/sl\/wp-json\/wp\/v2\/types\/product"}],"replies":[{"embeddable":true,"href":"https:\/\/carbitautoparts.com\/sl\/wp-json\/wp\/v2\/comments?post=868"}],"wp:featuredmedia":[{"embeddable":true,"href":"https:\/\/carbitautoparts.com\/sl\/wp-json\/wp\/v2\/media\/869"}],"wp:attachment":[{"href":"https:\/\/carbitautoparts.com\/sl\/wp-json\/wp\/v2\/media?parent=868"}],"wp:term":[{"taxonomy":"product_cat","embeddable":true,"href":"https:\/\/carbitautoparts.com\/sl\/wp-json\/wp\/v2\/product_cat?post=868"},{"taxonomy":"product_tag","embeddable":true,"href":"https:\/\/carbitautoparts.com\/sl\/wp-json\/wp\/v2\/product_tag?post=868"}],"curies":[{"name":"wp","href":"https:\/\/api.w.org\/{rel}","templated":true}]}}