{"id":872,"date":"2025-02-21T11:17:26","date_gmt":"2025-02-21T03:17:26","guid":{"rendered":"https:\/\/carbitautoparts.com\/?post_type=product&#038;p=872"},"modified":"2025-03-31T09:28:01","modified_gmt":"2025-03-31T01:28:01","slug":"engine-valve-cover-for-bmw-3-5-7-x3-x5-series-oem-11127570292","status":"publish","type":"product","link":"https:\/\/carbitautoparts.com\/sl\/product\/pokrov-ventilov-motorja-za-bmw-3-5-7-x3-x5-series-oem-11127570292\/","title":{"rendered":"Pokrov ventila motorja za BMW serije 3\/5\/7\/X3\/X5-OEM 11127570292"},"content":{"rendered":"<p style=\"padding-left: 40px;\"><span style=\"font-family: verdana, geneva, sans-serif; color: #5e5959;\"><strong>Natan\u010dno zasnovana za\u0161\u010dita za motorje BMW<\/strong><\/span><\/p>\n<hr \/>\n<ul>\n<li><span style=\"color: #636060;\"><span style=\"font-family: verdana, geneva, sans-serif;\"><strong>Napredna plasti\u010dna konstrukcija<br \/>\n<\/strong><\/span><span style=\"font-family: verdana, geneva, sans-serif;\"><strong><br \/>\n-Material visoke trdnosti<\/strong><br \/>\n<\/span><span style=\"font-family: verdana, geneva, sans-serif;\"><strong>-Vgrajen ventil PCV<\/strong> za natan\u010dno prezra\u010devanje karterja.<br \/>\n<\/span><span style=\"font-family: verdana, geneva, sans-serif;\"><strong>-Odporen na vro\u010dino<\/strong> do 180 \u00b0C (356 \u00b0F) za motorje s turbinskim polnilnikom.<\/span><\/span><\/li>\n<li><span style=\"font-family: verdana, geneva, sans-serif; color: #636060;\"><strong>Zasnova brez pu\u0161\u010danja<\/strong><\/span><span style=\"color: #636060;\"><span style=\"font-family: verdana, geneva, sans-serif;\"><strong>-Predname\u0161\u010deno h<\/strong><\/span><strong><span style=\"font-family: verdana, geneva, sans-serif;\">visokokakovostna guma <\/span><\/strong><span style=\"font-family: verdana, geneva, sans-serif;\"><strong>tesnilo<\/strong> z ve\u010dplastno tehnologijo tesnjenja,<br \/>\n<\/span><span style=\"font-family: verdana, geneva, sans-serif;\">odporen na visoke temperature in korozijo za dalj\u0161o \u017eivljenjsko dobo.<br \/>\n<\/span><strong style=\"font-family: verdana, geneva, sans-serif;\">-Rebra proti izkrivljanju<\/strong><span style=\"font-family: verdana, geneva, sans-serif;\">\u00a0za dolgoro\u010dno stabilnost<\/span><\/span><\/li>\n<li><span style=\"color: #636060;\"><strong><span style=\"font-family: verdana, geneva, sans-serif;\">Izvirna natan\u010dna zasnova velikosti<\/span><\/strong><\/span><span style=\"font-family: verdana, geneva, sans-serif; color: #636060;\">Izvirna zasnova natan\u010dne velikosti je enostavna in hitra za namestitev, saj je ni treba spreminjati.<\/span><\/li>\n<\/ul>\n<p>&nbsp;<\/p>","protected":false},"excerpt":{"rendered":"<p><span style=\"font-family: verdana, geneva, sans-serif;\"><strong>Ime izdelka\uff1a<\/strong>Sestava \u017earometov<\/span><br \/>\n<span style=\"font-family: verdana, geneva, sans-serif;\"><strong>Garancija\uff1a<\/strong>1 leto<\/span><br \/>\n<span style=\"font-family: verdana, geneva, sans-serif;\"><strong>Stanje\uff1a<\/strong>Novo<\/span><br \/>\n<span style=\"font-family: verdana, geneva, sans-serif;\"><strong>Model avtomobila\uff1a<\/strong>BMW serije 1\/3\/5\/6\/7\/X3\/X5\/X6<\/span><br \/>\n<span style=\"font-family: verdana, geneva, sans-serif;\"><strong>OEM NO.:<\/strong> 11127570292<\/span><br \/>\n<span style=\"font-family: verdana, geneva, sans-serif;\"><strong>Kakovost:<\/strong>\u00a0100% Preizku\u0161eno<\/span><br \/>\n<span style=\"font-family: verdana, geneva, sans-serif;\"><strong>\u010cas dostave:<\/strong>\u00a03-7 dni<\/span><\/p>","protected":false},"featured_media":881,"comment_status":"closed","ping_status":"closed","template":"","meta":[],"product_cat":[18],"product_tag":[],"class_list":{"0":"post-872","1":"product","2":"type-product","3":"status-publish","4":"has-post-thumbnail","6":"product_cat-engine-parts","8":"first","9":"instock","10":"shipping-taxable","11":"product-type-simple"},"_links":{"self":[{"href":"https:\/\/carbitautoparts.com\/sl\/wp-json\/wp\/v2\/product\/872","targetHints":{"allow":["GET"]}}],"collection":[{"href":"https:\/\/carbitautoparts.com\/sl\/wp-json\/wp\/v2\/product"}],"about":[{"href":"https:\/\/carbitautoparts.com\/sl\/wp-json\/wp\/v2\/types\/product"}],"replies":[{"embeddable":true,"href":"https:\/\/carbitautoparts.com\/sl\/wp-json\/wp\/v2\/comments?post=872"}],"wp:featuredmedia":[{"embeddable":true,"href":"https:\/\/carbitautoparts.com\/sl\/wp-json\/wp\/v2\/media\/881"}],"wp:attachment":[{"href":"https:\/\/carbitautoparts.com\/sl\/wp-json\/wp\/v2\/media?parent=872"}],"wp:term":[{"taxonomy":"product_cat","embeddable":true,"href":"https:\/\/carbitautoparts.com\/sl\/wp-json\/wp\/v2\/product_cat?post=872"},{"taxonomy":"product_tag","embeddable":true,"href":"https:\/\/carbitautoparts.com\/sl\/wp-json\/wp\/v2\/product_tag?post=872"}],"curies":[{"name":"wp","href":"https:\/\/api.w.org\/{rel}","templated":true}]}}