{"id":891,"date":"2025-02-21T19:33:21","date_gmt":"2025-02-21T11:33:21","guid":{"rendered":"https:\/\/carbitautoparts.com\/?post_type=product&#038;p=891"},"modified":"2025-03-07T17:36:57","modified_gmt":"2025-03-07T09:36:57","slug":"carbon-ceramic-car-brake-disc-for-audi-s6-s7-c7-rs5-rs6-rs7-porsche","status":"publish","type":"product","link":"https:\/\/carbitautoparts.com\/sl\/product\/karbonsko-keramicni-zavorni-disk-za-audi-s6-s7-c7-rs5-rs6-rs7-porsche\/","title":{"rendered":"Karbonsko-kerami\u010dni zavorni disk za Audi S6 S7 C7 RS5 RS6 RS7"},"content":{"rendered":"<h1 style=\"padding-left: 40px;\"><span style=\"font-family: verdana, geneva, sans-serif;\"><strong>Zavorni disk iz ogljikove keramike | Visokozmogljivo zaviranje za luksuzne in \u0161portne avtomobile<\/strong><\/span><\/h1>\n<hr \/>\n<p style=\"padding-left: 40px;\"><span style=\"font-family: verdana, geneva, sans-serif;\"><strong>Neprimerljiva zavorna mo\u010d in vzdr\u017eljivost<\/strong><\/span><\/p>\n<p style=\"padding-left: 40px;\"><span style=\"font-family: verdana, geneva, sans-serif;\">Nadgradite zavorni sistem svojega vozila z na\u0161imi vrhunskimi\u00a0<strong>Zavorni diski iz ogljikove keramike<\/strong>zasnovan za visokozmogljivo vo\u017enjo. Ti zavorni diski so zasnovani tako, da zagotavljajo vrhunsko zavorno mo\u010d, manj\u0161o te\u017eo in izjemno vzdr\u017eljivost, zato so najbolj\u0161a izbira za ljubitelje luksuznih in \u0161portnih avtomobilov.<\/span><\/p>\n<p>\u00a0 \u00a0 <img fetchpriority=\"high\" decoding=\"async\" class=\"size-large wp-image-903 aligncenter\" src=\"https:\/\/carbitautoparts.com\/wp-content\/uploads\/2025\/02\/9cbfb11d7c6a9731f4bc0be0912af6c7-1024x569.jpg\" alt=\"\" width=\"1024\" height=\"569\" srcset=\"https:\/\/carbitautoparts.com\/wp-content\/uploads\/2025\/02\/9cbfb11d7c6a9731f4bc0be0912af6c7-1024x569.jpg 1024w, https:\/\/carbitautoparts.com\/wp-content\/uploads\/2025\/02\/9cbfb11d7c6a9731f4bc0be0912af6c7-300x167.jpg 300w, https:\/\/carbitautoparts.com\/wp-content\/uploads\/2025\/02\/9cbfb11d7c6a9731f4bc0be0912af6c7-768x427.jpg 768w, https:\/\/carbitautoparts.com\/wp-content\/uploads\/2025\/02\/9cbfb11d7c6a9731f4bc0be0912af6c7-600x333.jpg 600w, https:\/\/carbitautoparts.com\/wp-content\/uploads\/2025\/02\/9cbfb11d7c6a9731f4bc0be0912af6c7-150x83.jpg 150w, https:\/\/carbitautoparts.com\/wp-content\/uploads\/2025\/02\/9cbfb11d7c6a9731f4bc0be0912af6c7.jpg 1080w\" sizes=\"(max-width: 1024px) 100vw, 1024px\" \/><\/p>\n<p>&nbsp;<\/p>\n<ul>\n<li><span style=\"font-family: verdana, geneva, sans-serif;\"><strong><b>Majhna te\u017ea:<\/b><\/strong><\/span><\/li>\n<\/ul>\n<p style=\"padding-left: 40px;\"><span style=\"font-family: verdana, geneva, sans-serif;\">Pove\u010dajte prilagodljivost avtomobila. Gostota je le 1\/3 sive litine, u\u010dinkovito zmanj\u0161a te\u017eo pod bla\u017eilnikom, izbolj\u0161a vodljivost vozila.<\/span><\/p>\n<ul>\n<li><span style=\"font-family: verdana, geneva, sans-serif;\"><strong><b>Visok koeficient trenja.<\/b><\/strong><\/span><\/li>\n<\/ul>\n<p style=\"padding-left: 40px;\"><span style=\"font-family: verdana, geneva, sans-serif;\">Kraj\u0161a zavorna pot zagotavlja varnej\u0161e ustavljanje.<\/span><\/p>\n<p style=\"padding-left: 40px;\"><span style=\"font-family: verdana, geneva, sans-serif;\">Zavorni sistem iz karbonske keramike zagotavlja izbolj\u0161ano zavorno zmogljivost, zato je zaviranje varnej\u0161e in zanesljivej\u0161e.<\/span><\/p>\n<ul>\n<li><span style=\"font-family: verdana, geneva, sans-serif;\"><strong><b>Ni slabljenja v mokrem stanju. <\/b><\/strong><\/span><\/li>\n<\/ul>\n<p style=\"padding-left: 40px;\"><span style=\"font-family: verdana, geneva, sans-serif;\">Zavorna sila se v de\u017eevnih dneh ne zmanj\u0161a.<\/span><\/p>\n<ul>\n<li><span style=\"font-family: verdana, geneva, sans-serif;\"><strong><b>Brez du\u0161enja toplote <\/b><\/strong><\/span><\/li>\n<\/ul>\n<p style=\"padding-left: 40px;\"><span style=\"font-family: verdana, geneva, sans-serif;\">V pogojih neprekinjenega zaviranja pri visoki temperaturi (1200 \u00b0C) zavorna sila zavornega sistema iz ogljikove keramike skoraj ne pojenja.<\/span><\/p>\n<ul>\n<li><span style=\"font-family: verdana, geneva, sans-serif;\"><strong><b>Dobra kemijska stabilnost <\/b><\/strong><\/span><\/li>\n<\/ul>\n<p style=\"padding-left: 40px;\"><span style=\"font-family: verdana, geneva, sans-serif;\">Ne rjavi, odporen na kisline, alkalije in solno erozijo.<\/span><\/p>\n<ul>\n<li><span style=\"font-family: verdana, geneva, sans-serif;\"><strong><b>Dolga \u017eivljenjska doba<\/b><\/strong><\/span><\/li>\n<\/ul>\n<p style=\"padding-left: 40px;\"><span style=\"font-family: verdana, geneva, sans-serif;\">\u017divljenjska doba je veliko dalj\u0161a kot pri obi\u010dajnih zavornih kolutih iz litega \u017eeleza.<\/span><\/p>","protected":false},"excerpt":{"rendered":"<p><span style=\"font-family: verdana, geneva, sans-serif;\"><strong>Ime izdelka\uff1a<\/strong>Zavorni disk iz ogljikove keramike<\/span><br \/>\n<span style=\"font-family: verdana, geneva, sans-serif;\"><strong>Garancija\uff1a<\/strong>1 leto<\/span><br \/>\n<span style=\"font-family: verdana, geneva, sans-serif;\"><strong>Stanje\uff1a<\/strong>Novo<br \/>\n<strong>Gostota:\u00a0 <\/strong>2,0 \u00b1 0,05 g\/cm3<br \/>\n<strong>Natezna trdnost: <\/strong>87MPa<br \/>\n<strong>Trdnost pri stiskanju:<\/strong> 212 MPa<br \/>\n<strong>Upogibna trdnost: <\/strong>189 MPa<br \/>\n<strong>Medlaminarna stri\u017ena trdnost: <\/strong>26 MPa<br \/>\n<strong>Stri\u017ena trdnost v ravnini: <\/strong>49 MPa<br \/>\n<strong>Specifi\u010dna toplota pri sobni temperaturi: <\/strong>1140-1880(RT-1200\u00baC)J\/kg\u00b7k<br \/>\n<strong>Toplotna prevodnost: <\/strong>40 ~ 50W\/mK<\/span><br \/>\n<span style=\"font-family: verdana, geneva, sans-serif;\"><strong>Kakovost:<\/strong>\u00a0100% Preizku\u0161eno<\/span><\/p>","protected":false},"featured_media":911,"comment_status":"closed","ping_status":"closed","template":"","meta":[],"product_cat":[15],"product_tag":[],"class_list":{"0":"post-891","1":"product","2":"type-product","3":"status-publish","4":"has-post-thumbnail","6":"product_cat-brake-parts","8":"first","9":"instock","10":"shipping-taxable","11":"product-type-simple"},"_links":{"self":[{"href":"https:\/\/carbitautoparts.com\/sl\/wp-json\/wp\/v2\/product\/891","targetHints":{"allow":["GET"]}}],"collection":[{"href":"https:\/\/carbitautoparts.com\/sl\/wp-json\/wp\/v2\/product"}],"about":[{"href":"https:\/\/carbitautoparts.com\/sl\/wp-json\/wp\/v2\/types\/product"}],"replies":[{"embeddable":true,"href":"https:\/\/carbitautoparts.com\/sl\/wp-json\/wp\/v2\/comments?post=891"}],"wp:featuredmedia":[{"embeddable":true,"href":"https:\/\/carbitautoparts.com\/sl\/wp-json\/wp\/v2\/media\/911"}],"wp:attachment":[{"href":"https:\/\/carbitautoparts.com\/sl\/wp-json\/wp\/v2\/media?parent=891"}],"wp:term":[{"taxonomy":"product_cat","embeddable":true,"href":"https:\/\/carbitautoparts.com\/sl\/wp-json\/wp\/v2\/product_cat?post=891"},{"taxonomy":"product_tag","embeddable":true,"href":"https:\/\/carbitautoparts.com\/sl\/wp-json\/wp\/v2\/product_tag?post=891"}],"curies":[{"name":"wp","href":"https:\/\/api.w.org\/{rel}","templated":true}]}}