{"id":904,"date":"2025-02-23T13:12:50","date_gmt":"2025-02-23T05:12:50","guid":{"rendered":"https:\/\/carbitautoparts.com\/?post_type=product&#038;p=904"},"modified":"2025-03-08T11:37:44","modified_gmt":"2025-03-08T03:37:44","slug":"aluminum-based-silicon-carbide-brake-discs","status":"publish","type":"product","link":"https:\/\/carbitautoparts.com\/sl\/product\/zavorni-diski-iz-silicijevega-karbida-na-osnovi-aluminija\/","title":{"rendered":"Zavorni diski iz silicijevega karbida na osnovi aluminija (AlSiC)"},"content":{"rendered":"<h1 style=\"padding-left: 40px;\"><span style=\"font-family: verdana, geneva, sans-serif; color: #635e5e;\"><strong>Aluminij <span style=\"font-family: verdana, geneva, sans-serif;\">Na spletni strani . <\/span>Zavorni diski iz silicijevega karbida (AlSiC) | Napredna zavorna zmogljivost<\/strong><\/span><\/h1>\n<p style=\"padding-left: 40px;\"><span style=\"font-family: verdana, geneva, sans-serif; font-size: 14pt; color: #7a7777;\"><strong>Zasnovan za odli\u010dno odvajanje toplote in zmanj\u0161anje te\u017ee<\/strong><\/span><\/p>\n<hr \/>\n<p style=\"padding-left: 40px;\"><span style=\"font-family: verdana, geneva, sans-serif; color: #575454;\">Izbolj\u0161ajte zavorno zmogljivost svojega vozila z na\u0161imi najsodobnej\u0161imi\u00a0<strong>Zavorni diski iz silicijevega karbida na osnovi aluminija (AlSiC)<\/strong>. Ti rotorji, ki zdru\u017eujejo materiale letalske kakovosti z natan\u010dnim in\u017eeniringom, zagotavljajo neprimerljivo vzdr\u017eljivost, toplotno stabilnost in u\u010dinkovitost za luksuzna, \u0161portna in visokozmogljiva elektri\u010dna vozila.<\/span><\/p>\n<p><img fetchpriority=\"high\" decoding=\"async\" class=\"aligncenter size-full wp-image-1666\" src=\"http:\/\/carbitautoparts.com\/wp-content\/uploads\/2025\/02\/ChMkJ1bKyF2IAzc8AAWbKjY7JKgAALIBAOHQ-EABZtC900_\u526f\u672c.jpg\" alt=\"Profesionalni proizvajalec zavornih diskov iz silicijevega karbida na osnovi aluminija\" width=\"800\" height=\"500\" srcset=\"https:\/\/carbitautoparts.com\/wp-content\/uploads\/2025\/02\/ChMkJ1bKyF2IAzc8AAWbKjY7JKgAALIBAOHQ-EABZtC900_\u526f\u672c.jpg 800w, https:\/\/carbitautoparts.com\/wp-content\/uploads\/2025\/02\/ChMkJ1bKyF2IAzc8AAWbKjY7JKgAALIBAOHQ-EABZtC900_\u526f\u672c-300x188.jpg 300w, https:\/\/carbitautoparts.com\/wp-content\/uploads\/2025\/02\/ChMkJ1bKyF2IAzc8AAWbKjY7JKgAALIBAOHQ-EABZtC900_\u526f\u672c-768x480.jpg 768w, https:\/\/carbitautoparts.com\/wp-content\/uploads\/2025\/02\/ChMkJ1bKyF2IAzc8AAWbKjY7JKgAALIBAOHQ-EABZtC900_\u526f\u672c-18x12.jpg 18w, https:\/\/carbitautoparts.com\/wp-content\/uploads\/2025\/02\/ChMkJ1bKyF2IAzc8AAWbKjY7JKgAALIBAOHQ-EABZtC900_\u526f\u672c-600x375.jpg 600w, https:\/\/carbitautoparts.com\/wp-content\/uploads\/2025\/02\/ChMkJ1bKyF2IAzc8AAWbKjY7JKgAALIBAOHQ-EABZtC900_\u526f\u672c-150x94.jpg 150w\" sizes=\"(max-width: 800px) 100vw, 800px\" \/><\/p>\n<p>&nbsp;<\/p>\n<ul>\n<li><span style=\"font-family: verdana, geneva, sans-serif; font-size: 14pt; color: #575454;\"><strong>Lahka zasnova za bolj\u0161o zmogljivost<\/strong><\/span><\/li>\n<\/ul>\n<p style=\"padding-left: 40px;\"><span style=\"font-family: verdana, geneva, sans-serif; color: #575454;\"><strong>Gostota<\/strong>: Z gostoto le\u00a0<strong>2,8-3,0 g\/cm\u00b3<\/strong>, na\u0161i rotorji AlSiC so\u00a0<strong>50-60% v\u017eigalnik<\/strong>\u00a0kot obi\u010dajni lito\u017eelezni rotorji (7,8 g\/cm\u00b3).<\/span><\/p>\n<p style=\"padding-left: 40px;\"><span style=\"font-family: verdana, geneva, sans-serif; color: #575454;\"><strong>U\u010dinek<\/strong>: Zmanj\u0161a te\u017eo pod vzmetjo do\u00a0<strong>40%<\/strong>, kar izbolj\u0161a dinamiko vozila, pospe\u0161ek in izkoristek goriva. Idealno za elektri\u010dna vozila in visokozmogljive avtomobile.<\/span><\/p>\n<p>&nbsp;<\/p>\n<ul>\n<li><span style=\"font-family: verdana, geneva, sans-serif; font-size: 14pt; color: #575454;\"><strong>Vrhunsko toplotno upravljanje<\/strong><\/span><\/li>\n<\/ul>\n<p style=\"padding-left: 40px;\"><span style=\"font-family: verdana, geneva, sans-serif; color: #575454;\"><strong>Toplotna prevodnost<\/strong>: Na\u0161i rotorji se pona\u0161ajo s toplotno prevodnostjo\u00a0<strong>160-200 W\/m-K<\/strong>, ki je bistveno vi\u0161ja od vrednosti litega \u017eeleza.\u00a0<strong>50-55 W\/m-K<\/strong>.<\/span><\/p>\n<p style=\"padding-left: 40px;\"><span style=\"font-family: verdana, geneva, sans-serif; color: #575454;\"><strong>Odvajanje toplote<\/strong>: Zmanj\u0161a najvi\u0161jo delovno temperaturo za\u00a0<strong>15-25%<\/strong>, kar najbolj zmanj\u0161a toplotno bledenje in ohranja stabilen koeficient trenja (\u03bc \u2248\u00a0<strong>0.4-0.45<\/strong>) tudi pri temperaturah, ki presegajo\u00a0<strong>600\u00b0C<\/strong>.<\/span><\/p>\n<p>&nbsp;<\/p>\n<ul>\n<li><span style=\"font-family: verdana, geneva, sans-serif; font-size: 14pt; color: #575454;\"><strong>Izjemna odpornost proti obrabi in dolga \u017eivljenjska doba<\/strong><\/span><\/li>\n<\/ul>\n<p style=\"padding-left: 40px;\"><span style=\"font-family: verdana, geneva, sans-serif; color: #575454;\"><strong>Trdota<\/strong>: Vklju\u010ditev\u00a0<strong>20-30% silicijev karbid (SiC)<\/strong>\u00a0po prostornini zagotavlja Vickersovo trdoto\u00a0<strong>250-300 HV<\/strong>, v primerjavi z\u00a0<strong>180-220 HV<\/strong>\u00a0za litino.<\/span><\/p>\n<p style=\"padding-left: 40px;\"><span style=\"font-family: verdana, geneva, sans-serif; color: #575454;\"><strong>Trajnost<\/strong>: Stopnje obrabe so\u00a0<strong>40-60% ni\u017eji<\/strong>\u00a0kot iz litega \u017eeleza, kar podalj\u0161a \u017eivljenjsko dobo rotorja za\u00a0<strong>2-3\u00d7<\/strong>\u00a0v ekstremnih voznih razmerah.<\/span><\/p>\n<p>&nbsp;<\/p>\n<ul>\n<li><span style=\"font-family: verdana, geneva, sans-serif; font-size: 14pt; color: #575454;\"><strong>Optimizirana toplotna razteznost in stabilnost<\/strong><\/span><\/li>\n<\/ul>\n<p style=\"padding-left: 40px;\"><span style=\"font-family: verdana, geneva, sans-serif; color: #575454;\"><strong>CTE<\/strong>: Na\u0161i rotorji iz AlSiC imajo koeficient toplotne razteznosti (CTE)\u00a0<strong>7-9 ppm\/\u00b0C<\/strong>, tesno usklajena jeklena pesta (\u2248<strong>11 ppm\/\u00b0C<\/strong>).<\/span><\/p>\n<p style=\"padding-left: 40px;\"><span style=\"font-family: verdana, geneva, sans-serif; color: #575454;\"><strong>Uspe\u0161nost<\/strong>: Zmanj\u0161uje toplotne napetosti in deformacije ter zagotavlja enakomeren stik med oblogami in rotorjem ter zavorno zmogljivost.<\/span><\/p>\n<p>&nbsp;<\/p>\n<ul>\n<li><span style=\"font-family: verdana, geneva, sans-serif; font-size: 14pt; color: #575454;\"><strong>Odpornost proti koroziji v ostrih okoljih<\/strong><\/span><\/li>\n<\/ul>\n<p style=\"padding-left: 40px;\"><span style=\"font-family: verdana, geneva, sans-serif; color: #575454;\"><strong>Za\u0161\u010dita<\/strong>: Aluminijasta matrica tvori plast naravnega oksida, SiC pa je odporen na kemi\u010dno razgradnjo.<\/span><\/p>\n<p style=\"padding-left: 40px;\"><span style=\"font-family: verdana, geneva, sans-serif; color: #575454;\"><strong>Testiranje<\/strong>: Preizkusi s solnim razpr\u0161ilom (ASTM B117) ka\u017eejo, da\u00a0<strong>&lt;5% povr\u0161inska korozija<\/strong>\u00a0po 1.000 urah v primerjavi z\u00a0<strong>&gt;20%<\/strong>\u00a0za litino.<\/span><\/p>\n<p>&nbsp;<\/p>\n<ul>\n<li><span style=\"font-family: verdana, geneva, sans-serif; font-size: 14pt; color: #575454;\"><strong>Visoka specifi\u010dna togost in odpornost proti utrujanju<\/strong><\/span><\/li>\n<\/ul>\n<p style=\"padding-left: 40px;\"><span style=\"color: #575454;\"><strong style=\"font-family: verdana, geneva, sans-serif;\">Togost<\/strong><span style=\"font-family: verdana, geneva, sans-serif;\">: Specifi\u010dna togost dose\u017ee\u00a0<\/span><strong style=\"font-family: verdana, geneva, sans-serif;\">35-40 GPa-cm\u00b3\/g<\/strong><span style=\"font-family: verdana, geneva, sans-serif;\">, ki presega lastnosti litega \u017eeleza.\u00a0<\/span><strong style=\"font-family: verdana, geneva, sans-serif;\">25 GPa-cm\u00b3\/g<\/strong><span style=\"font-family: verdana, geneva, sans-serif;\">.<\/span><\/span><\/p>\n<p style=\"padding-left: 40px;\"><span style=\"font-family: verdana, geneva, sans-serif; color: #575454;\"><strong>Utrujenostna trdnost<\/strong>: Utrujenostna odpornost pri 10\u2077 ciklih je\u00a0<strong>120-150 MPa<\/strong>,\u00a0<strong>2\u00d7 vi\u0161ja<\/strong>\u00a0kot iz litega \u017eeleza.<\/span><\/p>\n<p>&nbsp;<\/p>\n<ul>\n<li><span style=\"font-family: verdana, geneva, sans-serif; font-size: 14pt; color: #575454;\"><strong>stro\u0161kovno u\u010dinkovita alternativa ogljikovi keramiki<\/strong><\/span><\/li>\n<\/ul>\n<p style=\"padding-left: 40px;\"><span style=\"font-family: verdana, geneva, sans-serif; color: #575454;\"><strong>Stro\u0161ki<\/strong>: Na\u0161i rotorji iz AlSiC so\u00a0<strong>50-70% cenovno ugodnej\u0161i<\/strong>\u00a0kot karbonsko-kerami\u010dni sistemi, saj ponujajo podobno zmogljivost za del\u010dek cene.<\/span><\/p>\n<h3 style=\"padding-left: 40px;\"><span style=\"font-family: verdana, geneva, sans-serif; color: #575454;\"><strong>Povzetek podatkov o uspe\u0161nosti<\/strong><\/span><\/h3>\n<table style=\"margin-left: 40px;\">\n<tbody style=\"padding-left: 40px;\">\n<tr style=\"padding-left: 40px;\">\n<td style=\"padding-left: 40px;\">\n<p style=\"padding-left: 40px;\"><span style=\"font-family: verdana, geneva, sans-serif; color: #575454;\"><strong><b>Lastnina<\/b><\/strong><\/span><\/p>\n<\/td>\n<td style=\"padding-left: 40px;\">\n<p style=\"padding-left: 40px;\"><span style=\"font-family: verdana, geneva, sans-serif; color: #575454;\"><strong><b>AlSiC zavorni rotorji<\/b><\/strong><\/span><\/p>\n<\/td>\n<td style=\"padding-left: 40px;\">\n<p style=\"padding-left: 40px;\"><span style=\"font-family: verdana, geneva, sans-serif; color: #575454;\"><strong><b>Rotorji iz litega \u017eeleza<\/b><\/strong><\/span><\/p>\n<\/td>\n<td style=\"padding-left: 40px;\">\n<p style=\"padding-left: 40px;\"><span style=\"font-family: verdana, geneva, sans-serif; color: #575454;\"><strong><b>Rotorji iz ogljikove keramike<\/b><\/strong><\/span><\/p>\n<\/td>\n<\/tr>\n<tr style=\"padding-left: 40px;\">\n<td style=\"padding-left: 40px;\">\n<p style=\"padding-left: 40px;\"><span style=\"font-family: verdana, geneva, sans-serif; color: #575454;\">Gostota (g\/cm\u00b3)<\/span><\/p>\n<\/td>\n<td style=\"padding-left: 40px;\">\n<p style=\"padding-left: 40px;\"><span style=\"font-family: verdana, geneva, sans-serif; color: #575454;\">2.8-3.0<\/span><\/p>\n<\/td>\n<td style=\"padding-left: 40px;\">\n<p style=\"padding-left: 40px;\"><span style=\"font-family: verdana, geneva, sans-serif; color: #575454;\">7.8<\/span><\/p>\n<\/td>\n<td style=\"padding-left: 40px;\">\n<p style=\"padding-left: 40px;\"><span style=\"font-family: verdana, geneva, sans-serif; color: #575454;\">2.5-2.7<\/span><\/p>\n<\/td>\n<\/tr>\n<tr style=\"padding-left: 40px;\">\n<td style=\"padding-left: 40px;\">\n<p style=\"padding-left: 40px;\"><span style=\"font-family: verdana, geneva, sans-serif; color: #575454;\">Toplotna prevodnost (W\/m-K)<\/span><\/p>\n<\/td>\n<td style=\"padding-left: 40px;\">\n<p style=\"padding-left: 40px;\"><span style=\"font-family: verdana, geneva, sans-serif; color: #575454;\">160-200<\/span><\/p>\n<\/td>\n<td style=\"padding-left: 40px;\">\n<p style=\"padding-left: 40px;\"><span style=\"font-family: verdana, geneva, sans-serif; color: #575454;\">50-55<\/span><\/p>\n<\/td>\n<td style=\"padding-left: 40px;\">\n<p style=\"padding-left: 40px;\"><span style=\"font-family: verdana, geneva, sans-serif; color: #575454;\">200-250<\/span><\/p>\n<\/td>\n<\/tr>\n<tr style=\"padding-left: 40px;\">\n<td style=\"padding-left: 40px;\">\n<p style=\"padding-left: 40px;\"><span style=\"font-family: verdana, geneva, sans-serif; color: #575454;\">Trdota (HV)<\/span><\/p>\n<\/td>\n<td style=\"padding-left: 40px;\">\n<p style=\"padding-left: 40px;\"><span style=\"font-family: verdana, geneva, sans-serif; color: #575454;\">250-300<\/span><\/p>\n<\/td>\n<td style=\"padding-left: 40px;\">\n<p style=\"padding-left: 40px;\"><span style=\"font-family: verdana, geneva, sans-serif; color: #575454;\">180-220<\/span><\/p>\n<\/td>\n<td style=\"padding-left: 40px;\">\n<p style=\"padding-left: 40px;\"><span style=\"font-family: verdana, geneva, sans-serif; color: #575454;\">1,500-2,000<\/span><\/p>\n<\/td>\n<\/tr>\n<tr style=\"padding-left: 40px;\">\n<td style=\"padding-left: 40px;\">\n<p style=\"padding-left: 40px;\"><span style=\"font-family: verdana, geneva, sans-serif; color: #575454;\">CTE (ppm\/\u00b0C)<\/span><\/p>\n<\/td>\n<td style=\"padding-left: 40px;\">\n<p style=\"padding-left: 40px;\"><span style=\"font-family: verdana, geneva, sans-serif; color: #575454;\">7-9<\/span><\/p>\n<\/td>\n<td style=\"padding-left: 40px;\">\n<p style=\"padding-left: 40px;\"><span style=\"font-family: verdana, geneva, sans-serif; color: #575454;\">12-14<\/span><\/p>\n<\/td>\n<td style=\"padding-left: 40px;\">\n<p style=\"padding-left: 40px;\"><span style=\"font-family: verdana, geneva, sans-serif; color: #575454;\">4-6<\/span><\/p>\n<\/td>\n<\/tr>\n<\/tbody>\n<\/table>\n<h3 style=\"padding-left: 40px;\"><span style=\"font-family: verdana, geneva, sans-serif; color: #575454;\"><strong>Zakaj izbrati na\u0161 aluminij<\/strong><strong>\u00a0Na spletni strani .<\/strong><strong>\u00a0Silicijev karbid (AlSiC) <\/strong><strong>Disk<\/strong><strong>s?<\/strong><\/span><\/h3>\n<p style=\"padding-left: 40px;\"><span style=\"font-family: verdana, geneva, sans-serif; color: #575454;\"><strong>Dokazana u\u010dinkovitost<\/strong>: Podprto s strogimi preskusi in uporabo v realnem svetu v avtomobilskem \u0161portu, letalstvu in visokozmogljivem avtomobilskem sektorju.<\/span><\/p>\n<p style=\"padding-left: 40px;\"><span style=\"font-family: verdana, geneva, sans-serif; color: #575454;\"><strong>Re\u0161itve po meri<\/strong>: Prilagojene zasnove za izpolnjevanje posebnih zahtev OEM in poprodajnega trga.Zagotovljene so storitve OEM, prav tako lahko izdelamo dele na podlagi risb.<\/span><\/p>\n<p style=\"padding-left: 40px;\"><span style=\"font-family: verdana, geneva, sans-serif; color: #575454;\"><strong>Trajnostni razvoj<\/strong>: Lahka konstrukcija prispeva k manj\u0161i porabi goriva in ni\u017ejim emisijam.<\/span><\/p>\n<p>&nbsp;<\/p>\n<p style=\"padding-left: 40px;\"><span style=\"font-family: verdana, geneva, sans-serif; color: #ff9900; font-size: 14pt;\"><strong>Stopite v stik z nami \u0161e danes<\/strong><\/span><br \/>\n<span style=\"font-family: verdana, geneva, sans-serif; color: #575454;\">Izbolj\u0161ajte svoj zavorni sistem z na\u0161imi najsodobnej\u0161imi zavornimi rotorji AlSiC. Ne glede na to, ali ste proizvajalec originalne opreme, dirkalna ekipa ali navdu\u0161enec nad zmogljivostjo, vam ponujamo tehnologijo in strokovno znanje, ki izpolnjuje va\u0161e potrebe. Skupaj spodbujajmo inovacije.<\/span><\/p>","protected":false},"excerpt":{"rendered":"<p><span style=\"color: #696666;\"><span style=\"font-family: verdana, geneva, sans-serif;\"><strong>Ime izdelka\uff1a<\/strong><\/span><span style=\"font-family: verdana, geneva, sans-serif;\">Zavorni rotorji iz aluminijevega silicijevega karbida (AlSiC)<strong><br \/>\n<\/strong><\/span><span style=\"font-family: verdana, geneva, sans-serif;\"><strong>Garancija\uff1a<\/strong>1 leto<\/span><\/span><br \/>\n<span style=\"font-family: verdana, geneva, sans-serif; color: #696666;\"><strong>Stanje\uff1a<\/strong>Novo<\/span><br \/>\n<span style=\"font-family: verdana, geneva, sans-serif; color: #696666;\"><strong>Gostota:<\/strong> 2,8-3,0 g\/cm\u00b3<\/span><br \/>\n<span style=\"font-family: verdana, geneva, sans-serif; color: #696666;\"><strong>Kakovost:<\/strong>\u00a0100% Preizku\u0161eno<\/span><\/p>","protected":false},"featured_media":906,"comment_status":"closed","ping_status":"closed","template":"","meta":[],"product_cat":[15],"product_tag":[],"class_list":{"0":"post-904","1":"product","2":"type-product","3":"status-publish","4":"has-post-thumbnail","6":"product_cat-brake-parts","8":"first","9":"instock","10":"shipping-taxable","11":"product-type-simple"},"_links":{"self":[{"href":"https:\/\/carbitautoparts.com\/sl\/wp-json\/wp\/v2\/product\/904","targetHints":{"allow":["GET"]}}],"collection":[{"href":"https:\/\/carbitautoparts.com\/sl\/wp-json\/wp\/v2\/product"}],"about":[{"href":"https:\/\/carbitautoparts.com\/sl\/wp-json\/wp\/v2\/types\/product"}],"replies":[{"embeddable":true,"href":"https:\/\/carbitautoparts.com\/sl\/wp-json\/wp\/v2\/comments?post=904"}],"wp:featuredmedia":[{"embeddable":true,"href":"https:\/\/carbitautoparts.com\/sl\/wp-json\/wp\/v2\/media\/906"}],"wp:attachment":[{"href":"https:\/\/carbitautoparts.com\/sl\/wp-json\/wp\/v2\/media?parent=904"}],"wp:term":[{"taxonomy":"product_cat","embeddable":true,"href":"https:\/\/carbitautoparts.com\/sl\/wp-json\/wp\/v2\/product_cat?post=904"},{"taxonomy":"product_tag","embeddable":true,"href":"https:\/\/carbitautoparts.com\/sl\/wp-json\/wp\/v2\/product_tag?post=904"}],"curies":[{"name":"wp","href":"https:\/\/api.w.org\/{rel}","templated":true}]}}