{"id":916,"date":"2025-02-23T17:32:42","date_gmt":"2025-02-23T09:32:42","guid":{"rendered":"https:\/\/carbitautoparts.com\/?post_type=product&#038;p=916"},"modified":"2025-03-07T17:31:27","modified_gmt":"2025-03-07T09:31:27","slug":"front-bumper-for-tesla-model-3-oem-1084168s0e","status":"publish","type":"product","link":"https:\/\/carbitautoparts.com\/sl\/product\/sprednji-odbijac-za-tesla-model-3-oem-1084168s0e\/","title":{"rendered":"Sprednji odbija\u010d za Tesla Model 3 | OEM 1084168S0E"},"content":{"rendered":"<h1><span style=\"font-family: verdana, geneva, sans-serif; color: #3d3b3b; font-size: 14pt;\"><strong>Tesla Model 3 Prednji odbija\u010d | OEM zamenjava 1084168S0E<\/strong><\/span><\/h1>\n<p><span style=\"font-family: verdana, geneva, sans-serif; color: #615d5d;\"><strong>Natan\u010dno zasnovan za brezhibno namestitev in vzdr\u017eljivost<br \/>\n<\/strong><\/span><span style=\"font-family: verdana, geneva, sans-serif; color: #666060;\">Obnovite elegantno estetiko in strukturno celovitost va\u0161ega Tesla Model 3 z na\u0161imi izdelki razreda OEM.<br \/>\nsprednji odbija\u010d (OEM:1084168S0E). Zasnovan je bil v skladu s Teslinimi natan\u010dnimi specifikacijami.<br \/>\nodbija\u010d zdru\u017euje aerodinami\u010dno u\u010dinkovitost, odpornost proti udarcem in tovarni\u0161ko usklajen videz<br \/>\nza brezhiben zaklju\u010dek.<\/span><\/p>\n<hr \/>\n<ul>\n<li><b><\/b><span style=\"font-family: verdana, geneva, sans-serif; color: #545151;\"><span style=\"font-family: verdana, geneva, sans-serif; color: #545151;\"><strong><b>Trajen material:<\/b><\/strong><strong><b><br \/>\n<\/b><\/strong>Izdelan iz visoko trdnega termoplasti\u010dnega poliuretana (TPU), ki zagotavlja nizko te\u017eo.<br \/>\na hkrati odporna na udarce.<\/span><\/span>&nbsp;<\/li>\n<li><span style=\"font-family: verdana, geneva, sans-serif; color: #545151;\"><strong><b>Enostavna namestitev:<\/b><\/strong><\/span><br \/>\n<span style=\"color: #545151;\"><span style=\"color: #545151;\"><span style=\"font-family: verdana, geneva, sans-serif;\">Natan\u010dno prileganje zagotavlja hitro in brezskrbno zamenjavo.<\/span><\/span><\/span>&nbsp;<\/li>\n<li><span style=\"font-family: verdana, geneva, sans-serif; color: #545151;\"><strong><b>Aerodinami\u010dna zasnova:<\/b><\/strong><\/span><br \/>\n<span style=\"font-family: verdana, geneva, sans-serif; color: #545151;\"><span style=\"font-family: verdana, geneva, sans-serif; color: #545151;\">Optimiziran pretok zraka za zmanj\u0161anje zra\u010dnega upora in izbolj\u0161anje u\u010dinkovitosti vozila.Predizvrtane luknje<br \/>\nza tovarni\u0161ke lu\u010di za meglo.Brezhibna integracija s senzorji Teslinega avtopilota.<\/span><\/span>&nbsp;<\/li>\n<li><span style=\"color: #545151;\"><strong style=\"font-family: verdana, geneva, sans-serif;\"><b>Integrirana varnost:<br \/>\n<\/b><\/strong><span style=\"font-family: verdana, geneva, sans-serif;\">Zasnovan je tako, da u\u010dinkovito absorbira energijo udarca in zagotavlja dodatno za\u0161\u010dito pri trkih.<\/span><\/span><\/li>\n<\/ul>","protected":false},"excerpt":{"rendered":"<p><span style=\"color: #5c5858;\"><span style=\"font-family: verdana, geneva, sans-serif;\"><strong>Ime izdelka\uff1a<\/strong><\/span><span style=\"font-family: verdana, geneva, sans-serif;\">Tesla Model 3 sprednji odbija\u010d<br \/>\n<\/span><strong style=\"font-family: verdana, geneva, sans-serif;\">Garancija\uff1a<\/strong><span style=\"font-family: verdana, geneva, sans-serif;\">1 leto<br \/>\n<\/span><strong style=\"font-family: verdana, geneva, sans-serif;\">Stanje\uff1a<\/strong><span style=\"font-family: verdana, geneva, sans-serif;\">Novo<br \/>\n<\/span><strong style=\"font-family: verdana, geneva, sans-serif;\">Model avtomobila\uff1a<\/strong><span style=\"font-family: verdana, geneva, sans-serif;\">Tesla Model 3 Y<br \/>\n<strong>OEM NO.:<\/strong> 1084168S0E<br \/>\n<\/span><strong style=\"font-family: verdana, geneva, sans-serif;\">Material:<\/strong> <span style=\"font-family: verdana, geneva, sans-serif;\">TPU<br \/>\n<\/span><span style=\"font-family: verdana, geneva, sans-serif;\"><strong>Zaklju\u010dek:<\/strong>\u00a0Teksturiran \u010drn temeljni premaz (pripravljen za barvanje)<br \/>\n<\/span><span style=\"font-family: verdana, geneva, sans-serif;\"><strong>Vklju\u010devanje senzorjev:<\/strong>\u00a0Podpira avtopilota, parkirne senzorje in kamere<br \/>\n<\/span><span style=\"font-family: verdana, geneva, sans-serif;\"><strong>Kakovost:<\/strong>\u00a0100% Preizku\u0161eno<\/span><\/span><br \/>\n<span style=\"font-family: verdana, geneva, sans-serif; color: #5c5858;\"><strong>\u010cas dostave:<\/strong>\u00a03-7 dni<\/span><\/p>","protected":false},"featured_media":917,"comment_status":"closed","ping_status":"closed","template":"","meta":[],"product_cat":[24],"product_tag":[],"class_list":{"0":"post-916","1":"product","2":"type-product","3":"status-publish","4":"has-post-thumbnail","6":"product_cat-body-parts","8":"first","9":"instock","10":"shipping-taxable","11":"product-type-simple"},"_links":{"self":[{"href":"https:\/\/carbitautoparts.com\/sl\/wp-json\/wp\/v2\/product\/916","targetHints":{"allow":["GET"]}}],"collection":[{"href":"https:\/\/carbitautoparts.com\/sl\/wp-json\/wp\/v2\/product"}],"about":[{"href":"https:\/\/carbitautoparts.com\/sl\/wp-json\/wp\/v2\/types\/product"}],"replies":[{"embeddable":true,"href":"https:\/\/carbitautoparts.com\/sl\/wp-json\/wp\/v2\/comments?post=916"}],"wp:featuredmedia":[{"embeddable":true,"href":"https:\/\/carbitautoparts.com\/sl\/wp-json\/wp\/v2\/media\/917"}],"wp:attachment":[{"href":"https:\/\/carbitautoparts.com\/sl\/wp-json\/wp\/v2\/media?parent=916"}],"wp:term":[{"taxonomy":"product_cat","embeddable":true,"href":"https:\/\/carbitautoparts.com\/sl\/wp-json\/wp\/v2\/product_cat?post=916"},{"taxonomy":"product_tag","embeddable":true,"href":"https:\/\/carbitautoparts.com\/sl\/wp-json\/wp\/v2\/product_tag?post=916"}],"curies":[{"name":"wp","href":"https:\/\/api.w.org\/{rel}","templated":true}]}}