{"id":923,"date":"2025-02-24T10:45:34","date_gmt":"2025-02-24T02:45:34","guid":{"rendered":"https:\/\/carbitautoparts.com\/?post_type=product&#038;p=923"},"modified":"2025-03-12T16:23:05","modified_gmt":"2025-03-12T08:23:05","slug":"nissan-sylphy-almera-tiida-alternator-oem-23100-5ma2a","status":"publish","type":"product","link":"https:\/\/carbitautoparts.com\/sl\/product\/nissan-sylphy-almera-tiida-alternator-oem-23100-5ma2a\/","title":{"rendered":"Alternator Nissan Sylphy\/Almera\/Tiida - OEM 23100-5MA2A"},"content":{"rendered":"<h1><span style=\"font-family: verdana, geneva, sans-serif; color: #575353; font-size: 18pt;\"><strong>Alternator za Nissan Sylphy\/Almera\/Tiida HR16DE | Visoko u\u010dinkovit sistem polnjenja<\/strong><\/span><\/h1>\n<p><span style=\"font-family: verdana, geneva, sans-serif; color: #4a4747;\"><strong>Zamenjava razreda OEM za zanesljivo izhodno mo\u010d<\/strong><\/span><\/p>\n<p><span style=\"font-family: verdana, geneva, sans-serif; color: #4a4747;\">Zagotovite stalno elektri\u010dno zmogljivost in polnjenje akumulatorja za svoje vozilo Nissan z<br \/>\nna\u0161 natan\u010dno izdelan alternator, zasnovan posebej za motorje HR16DE. Ta neposredno vgrajeni<br \/>\nzamenjava zagotavlja zanesljivost, vzdr\u017eljivost in u\u010dinkovitost na ravni OEM za Nissan Sylphy, Almera,<br \/>\nin modeli Tiida.<\/span><\/p>\n<hr \/>\n<ul>\n<li><span style=\"font-family: verdana, geneva, sans-serif; color: #6b6767;\"><strong>Natan\u010dna namestitev OEM<\/strong><\/span><br \/>\n<span style=\"color: #6b6767;\"><span style=\"font-family: verdana, geneva, sans-serif;\">Zdru\u017eljiv z:<br \/>\n<\/span><span style=\"font-family: verdana, geneva, sans-serif;\"><strong>-Nissan Sylphy<\/strong> (2012-2019) - motor HR16DE<br \/>\n<\/span><span style=\"font-family: verdana, geneva, sans-serif;\"><strong>-Nissan Almera<\/strong> (2011-2020) - motor HR16DE<br \/>\n<\/span><span style=\"font-family: verdana, geneva, sans-serif;\"><span style=\"font-family: verdana, geneva, sans-serif;\"><strong>-Nissan Tiida<\/strong> (2007-2014) - motor HR16DE<\/span><\/span><\/span><\/li>\n<li><span style=\"color: #6b6767;\"><span style=\"font-family: verdana, geneva, sans-serif;\"><strong>Visoka u\u010dinkovitost delovanja<br \/>\n<\/strong><\/span><span style=\"font-family: verdana, geneva, sans-serif;\"><strong>-120A max izhod<\/strong>\u00a0zagotavlja stabilno napajanje za elektroniko, izmeni\u010dni tok in razsvetljavo.<br \/>\n<\/span><span style=\"font-family: verdana, geneva, sans-serif;\"><strong>-Integrirani regulator napetosti<\/strong>\u00a0(razpon 13,5-14,8 V) za optimalno polnjenje baterije<br \/>\n<\/span><span style=\"font-family: verdana, geneva, sans-serif;\"><span style=\"font-family: verdana, geneva, sans-serif;\"><strong>-delovanje z nizkim hrupom<\/strong>\u00a0(&lt;68 dB) z natan\u010dno uravnote\u017eenim rotorjem<\/span><\/span><\/span><\/li>\n<li><span style=\"color: #6b6767;\"><span style=\"font-family: verdana, geneva, sans-serif;\"><strong>Trajna konstrukcija<br \/>\n<\/strong><\/span><span style=\"font-family: verdana, geneva, sans-serif;\"><strong>-Ohi\u0161je iz litega aluminija<\/strong>\u00a0s toplotno odpornim premazom (do 150 \u00b0C)<br \/>\n<\/span><span style=\"font-family: verdana, geneva, sans-serif;\"><strong>-\u017divljenjska doba ogljikove krta\u010de<\/strong>: Ve\u010d kot 150.000 kilometrov<br \/>\n<\/span><span style=\"font-family: verdana, geneva, sans-serif;\"><span style=\"font-family: verdana, geneva, sans-serif;\"><strong>-z oznako IP55<\/strong>\u00a0odpornost na prah in vodo<\/span><\/span><\/span><\/li>\n<li><span style=\"color: #6b6767;\"><span style=\"font-family: verdana, geneva, sans-serif;\"><strong>Enostavna namestitev<br \/>\n<\/strong><\/span><span style=\"font-family: verdana, geneva, sans-serif;\">-Neposredna zamenjava z vija\u010denjem (monta\u017ene to\u010dke in poravnava jermenice iz originalne opreme)<br \/>\n<\/span><span style=\"font-family: verdana, geneva, sans-serif;\">-Predhodno name\u0161\u010deni konektorji za o\u017ei\u010denje plug-and-play<br \/>\n<\/span><\/span><span style=\"font-family: verdana, geneva, sans-serif;\"><span style=\"color: #6b6767;\">-Ne zahteva programiranja ali sprememb<\/span>d<\/span><\/li>\n<\/ul>","protected":false},"excerpt":{"rendered":"<p><span style=\"color: #696464;\"><span style=\"font-family: verdana, geneva, sans-serif;\"><strong>Ime izdelka\uff1a<\/strong><\/span><span style=\"font-family: verdana, geneva, sans-serif;\">Alternator<br \/>\n<\/span><span style=\"font-family: verdana, geneva, sans-serif;\"><strong>Garancija\uff1a<\/strong>1 leto<\/span><\/span><br \/>\n<span style=\"font-family: verdana, geneva, sans-serif; color: #696464;\"><strong>Stanje\uff1a<\/strong>Novo<\/span><br \/>\n<span style=\"color: #696464;\"><span style=\"font-family: verdana, geneva, sans-serif;\"><strong>Model avtomobila\uff1a<\/strong><\/span><span style=\"font-family: verdana, geneva, sans-serif;\">Nissan Sylphy\/Almera\/Tiida<br \/>\n<\/span><strong style=\"font-family: verdana, geneva, sans-serif;\">OEM NO.:<\/strong><span style=\"font-family: verdana, geneva, sans-serif;\"> 23100-5MA2A, 23100-6LB0A\uff0c23100-4FU0A\uff0cetc.<br \/>\n<\/span><span style=\"font-family: verdana, geneva, sans-serif;\"><strong>Izhod<\/strong>: 90A (v prostem teku) \/ 120A (najve\u010d)<br \/>\n<\/span><span style=\"font-family: verdana, geneva, sans-serif;\"><strong>Napetost<\/strong>: 12V DC<br \/>\n<\/span><span style=\"font-family: verdana, geneva, sans-serif;\"><strong>Vrsta jermenice<\/strong>: 6-rebrni serpentinski jermen<br \/>\n<\/span><span style=\"font-family: verdana, geneva, sans-serif;\"><strong>Priklju\u010dek<\/strong>: Vodoodporen 2-pinski priklju\u010dek, zna\u010dilen za Nissan<br \/>\n<strong>Kakovost:<\/strong>\u00a0100% Preizku\u0161eno<br \/>\n<strong>\u010cas dostave:<\/strong>\u00a03-7 dni<br \/>\n<\/span><\/span><\/p>","protected":false},"featured_media":926,"comment_status":"closed","ping_status":"closed","template":"","meta":[],"product_cat":[19],"product_tag":[],"class_list":{"0":"post-923","1":"product","2":"type-product","3":"status-publish","4":"has-post-thumbnail","6":"product_cat-electric-almotor-parts","8":"first","9":"instock","10":"shipping-taxable","11":"product-type-simple"},"_links":{"self":[{"href":"https:\/\/carbitautoparts.com\/sl\/wp-json\/wp\/v2\/product\/923","targetHints":{"allow":["GET"]}}],"collection":[{"href":"https:\/\/carbitautoparts.com\/sl\/wp-json\/wp\/v2\/product"}],"about":[{"href":"https:\/\/carbitautoparts.com\/sl\/wp-json\/wp\/v2\/types\/product"}],"replies":[{"embeddable":true,"href":"https:\/\/carbitautoparts.com\/sl\/wp-json\/wp\/v2\/comments?post=923"}],"wp:featuredmedia":[{"embeddable":true,"href":"https:\/\/carbitautoparts.com\/sl\/wp-json\/wp\/v2\/media\/926"}],"wp:attachment":[{"href":"https:\/\/carbitautoparts.com\/sl\/wp-json\/wp\/v2\/media?parent=923"}],"wp:term":[{"taxonomy":"product_cat","embeddable":true,"href":"https:\/\/carbitautoparts.com\/sl\/wp-json\/wp\/v2\/product_cat?post=923"},{"taxonomy":"product_tag","embeddable":true,"href":"https:\/\/carbitautoparts.com\/sl\/wp-json\/wp\/v2\/product_tag?post=923"}],"curies":[{"name":"wp","href":"https:\/\/api.w.org\/{rel}","templated":true}]}}