{"id":938,"date":"2025-02-24T11:44:46","date_gmt":"2025-02-24T03:44:46","guid":{"rendered":"https:\/\/carbitautoparts.com\/?post_type=product&#038;p=938"},"modified":"2025-03-07T12:13:06","modified_gmt":"2025-03-07T04:13:06","slug":"air-conditioning-compressor-for-toyota-highlander-oem-88320-48150","status":"publish","type":"product","link":"https:\/\/carbitautoparts.com\/sl\/product\/kompresor-klimatske-naprave-za-toyoto-highlander-oem-88320-48150\/","title":{"rendered":"Kompresor klimatske naprave za Toyota Highlander | OEM 88320-48150"},"content":{"rendered":"<p><span style=\"font-family: verdana, geneva, sans-serif; color: #403939; font-size: 14pt;\"><strong><b>Vrhunska zmogljivost hlajenja za modele Toyota Highlander\u00a0<\/b><\/strong><\/span><\/p>\n<p><span style=\"font-family: verdana, geneva, sans-serif; color: #635f5f;\">Zagotovite si optimalno udobje v kabini z na\u0161im izvirnim kompresorjem klimatske naprave Toyota Highlander,<br \/>\nskrbno zasnovan tako, da izpolnjuje ali presega specifikacije OEM. Ta neposredna zamenjava<br \/>\nenota zagotavlja izjemno u\u010dinkovitost hlajenja in vzdr\u017eljivost za razli\u010dne generacije vozil Highlander.<\/span><\/p>\n<hr \/>\n<p><span style=\"font-family: verdana, geneva, sans-serif; color: #635f5f;\"><strong><b>\u00a0<\/b><\/strong><\/span><\/p>\n<ul>\n<li><span style=\"font-family: verdana, geneva, sans-serif; color: #635f5f;\"><strong><b>Trajna konstrukcija\u00a0<\/b><\/strong><\/span><\/li>\n<\/ul>\n<p style=\"padding-left: 40px;\"><span style=\"color: #635f5f;\"><span style=\"font-family: verdana, geneva, sans-serif;\">Ohi\u0161je iz visokokakovostnega aluminija s toplotno obdelavo T6.<br \/>\n<\/span><span style=\"font-family: verdana, geneva, sans-serif;\">Dvojno tesnilo gredi prepre\u010duje uhajanje.<br \/>\n<\/span><span style=\"font-family: verdana, geneva, sans-serif;\">Proizvodnja s certifikatom ISO 9001.<\/span><\/span><\/p>\n<p>&nbsp;<\/p>\n<ul>\n<li><span style=\"font-family: verdana, geneva, sans-serif; color: #635f5f;\"><strong><b>Enostavna namestitev<\/b><\/strong><\/span><\/li>\n<\/ul>\n<p><span style=\"color: #635f5f;\"><span style=\"font-family: verdana, geneva, sans-serif;\">\u00a0 \u00a0 \u00a0 \u00a0Zamenjava z vijaki z monta\u017enimi to\u010dkami OEM.<br \/>\n<\/span><span style=\"font-family: verdana, geneva, sans-serif;\">\u00a0 \u00a0 \u00a0 \u00a0Vklju\u010duje predhodno polnjenje z oljem PAG (120 ml).<br \/>\n<\/span><span style=\"font-family: verdana, geneva, sans-serif;\">\u00a0 \u00a0 \u00a0 \u00a0Standardni sklop jermenice in sklopke.<\/span><\/span><\/p>\n<p>&nbsp;<\/p>\n<ul>\n<li><span style=\"font-family: verdana, geneva, sans-serif; color: #635f5f;\"><strong><b>Namestitev Plug-and-Play<\/b><\/strong><\/span><\/li>\n<\/ul>\n<p style=\"padding-left: 40px;\"><span style=\"color: #635f5f;\"><span style=\"font-family: verdana, geneva, sans-serif;\">Neposredna zamenjava z vijaki (vklju\u010deni so nosilci in jermenica OE)<br \/>\n<\/span><span style=\"font-family: verdana, geneva, sans-serif;\">Prednastavljena zra\u010dna vrzel sklopke (toleranca 0,5 mm \u00b1 0,1 mm)<br \/>\n<\/span><br \/>\n<\/span><\/p>\n<ul>\n<li><span style=\"font-family: verdana, geneva, sans-serif; color: #635f5f;\"><strong><b>Zakaj izbrati na\u0161e kompresorje?<\/b><\/strong><\/span><\/li>\n<\/ul>\n<p style=\"padding-left: 40px;\"><span style=\"font-family: verdana, geneva, sans-serif; color: #635f5f;\">Stroga kontrola kakovosti: 72-urno testiranje u\u010dinkovitosti.<\/span><br \/>\n<span style=\"font-family: verdana, geneva, sans-serif; color: #635f5f;\">100% preverjeno uhajanje z odkrivanjem helija.<\/span><br \/>\n<span style=\"font-family: verdana, geneva, sans-serif; color: #635f5f;\">1-letna garancija<\/span><\/p>\n<p><span style=\"font-family: verdana, geneva, sans-serif; color: #635f5f;\"><strong><b>\u00a0<\/b><\/strong><\/span><\/p>\n<p>&nbsp;<\/p>","protected":false},"excerpt":{"rendered":"<p><span style=\"color: #5c5858;\"><span style=\"font-family: verdana, geneva, sans-serif;\"><strong>Ime izdelka\uff1a<\/strong>Avtomobilski kompresor AC<br \/>\n<\/span><span style=\"font-family: verdana, geneva, sans-serif;\"><strong>Garancija\uff1a<\/strong>1 leto<br \/>\n<\/span><strong style=\"font-family: verdana, geneva, sans-serif;\">Stanje\uff1a<\/strong><span style=\"font-family: verdana, geneva, sans-serif;\">Novo<br \/>\n<\/span><strong style=\"font-family: verdana, geneva, sans-serif;\">Model avtomobila\uff1a<\/strong><span style=\"font-family: verdana, geneva, sans-serif;\">Toyota Highlander<br \/>\n<\/span><strong style=\"font-family: verdana, geneva, sans-serif;\">Napetost:\u00a0<\/strong><span style=\"font-family: verdana, geneva, sans-serif;\">12V<br \/>\n<\/span><strong style=\"font-family: verdana, geneva, sans-serif;\">Hladilno sredstvo\uff1a<\/strong><span style=\"font-family: verdana, geneva, sans-serif;\">R134a<br \/>\n<\/span><strong style=\"font-family: verdana, geneva, sans-serif;\">OEM NO.:<\/strong>88320-48150<span style=\"font-family: verdana, geneva, sans-serif;\"><br \/>\n<\/span><strong style=\"font-family: verdana, geneva, sans-serif;\">Kakovost: <\/strong><span style=\"font-family: verdana, geneva, sans-serif;\">100% Preizku\u0161eno<br \/>\n<\/span><strong style=\"font-family: verdana, geneva, sans-serif;\">\u010cas dostave: <\/strong><span style=\"font-family: verdana, geneva, sans-serif;\">3-7 dni<\/span><\/span><\/p>","protected":false},"featured_media":940,"comment_status":"closed","ping_status":"closed","template":"","meta":[],"product_cat":[19],"product_tag":[],"class_list":{"0":"post-938","1":"product","2":"type-product","3":"status-publish","4":"has-post-thumbnail","6":"product_cat-electric-almotor-parts","8":"first","9":"instock","10":"shipping-taxable","11":"product-type-simple"},"_links":{"self":[{"href":"https:\/\/carbitautoparts.com\/sl\/wp-json\/wp\/v2\/product\/938","targetHints":{"allow":["GET"]}}],"collection":[{"href":"https:\/\/carbitautoparts.com\/sl\/wp-json\/wp\/v2\/product"}],"about":[{"href":"https:\/\/carbitautoparts.com\/sl\/wp-json\/wp\/v2\/types\/product"}],"replies":[{"embeddable":true,"href":"https:\/\/carbitautoparts.com\/sl\/wp-json\/wp\/v2\/comments?post=938"}],"wp:featuredmedia":[{"embeddable":true,"href":"https:\/\/carbitautoparts.com\/sl\/wp-json\/wp\/v2\/media\/940"}],"wp:attachment":[{"href":"https:\/\/carbitautoparts.com\/sl\/wp-json\/wp\/v2\/media?parent=938"}],"wp:term":[{"taxonomy":"product_cat","embeddable":true,"href":"https:\/\/carbitautoparts.com\/sl\/wp-json\/wp\/v2\/product_cat?post=938"},{"taxonomy":"product_tag","embeddable":true,"href":"https:\/\/carbitautoparts.com\/sl\/wp-json\/wp\/v2\/product_tag?post=938"}],"curies":[{"name":"wp","href":"https:\/\/api.w.org\/{rel}","templated":true}]}}