{"id":968,"date":"2025-02-24T16:50:11","date_gmt":"2025-02-24T08:50:11","guid":{"rendered":"https:\/\/carbitautoparts.com\/?post_type=product&#038;p=968"},"modified":"2025-03-31T14:15:33","modified_gmt":"2025-03-31T06:15:33","slug":"hyundai-ix25-ix35-kia-rio-ignition-coil-oem-27301-2b010","status":"publish","type":"product","link":"https:\/\/carbitautoparts.com\/sl\/product\/hyundai-ix25-ix35-kia-rio-vzigalna-tuljava-oem-27301-2b010\/","title":{"rendered":"Hyundai IX25, IX35, Kia Rio Originalna zamenjava v\u017eigalne tuljave-OEM 27301-2B010 Direct Fit"},"content":{"rendered":"<h1><span style=\"font-family: verdana, geneva, sans-serif; font-size: 14pt; color: #4a4747;\"><strong>V\u017eigalna tuljava za Hyundai IX25\/IX35\/Kia Rio | OEM 27301-2B010<\/strong><\/span><\/h1>\n<p><span style=\"font-family: verdana, geneva, sans-serif; color: #5c5858;\"><strong>Sestavni del visokozmogljivega sistema za v\u017eig<\/strong><\/span><\/p>\n<p><span style=\"font-family: verdana, geneva, sans-serif; color: #5c5858;\">Zagotovite si zanesljiv zagon motorja, bolj gladko pospe\u0161evanje in optimalen izkoristek goriva z na\u0161o v\u017eigalno tuljavo razreda OEM. <strong>(OEM: 27301-2B010)<\/strong>. Ta natan\u010dno izdelana tuljava, zasnovana kot neposredna zamenjava za modele Hyundai IX25, IX35 in Kia Rio, zagotavlja stalno energijo iskre in vzdr\u017eljivost za sodobne bencinske motorje.<\/span><\/p>\n<hr \/>\n<ul>\n<li><span style=\"font-family: verdana, geneva, sans-serif; color: #524d4d;\"><span style=\"font-family: verdana, geneva, sans-serif; color: #524d4d;\">Izdelek je izdelan iz vrhunskih surovin in je odli\u010dno odporen na visoke temperature in staranje, kar mu zagotavlja dalj\u0161o \u017eivljenjsko dobo. Ponuja stabilno izhodno napetost, ki zmanj\u0161uje te\u017eave s tresljaji, u\u010dinkovito zmanj\u0161uje porabo goriva in znatno izbolj\u0161uje zmogljivost vozila.<\/span><\/span><\/li>\n<li><span style=\"font-family: verdana, geneva, sans-serif; color: #524d4d;\"><span style=\"font-family: verdana, geneva, sans-serif; color: #524d4d;\"><span style=\"font-family: verdana, geneva, sans-serif;\">Na razli\u010dnih v\u017eigalnih tuljavah se izvaja neprekinjeno in strogo testiranje, ki vklju\u010duje oceno zmogljivosti, odpornost na toplotne udarce, vzdr\u017eljivost pri visokih temperaturah, odpornost na utrujanje in toplotno cikli\u010dno delovanje. Ti preskusi so zasnovani tako, da zagotavljajo kakovost in zanesljivost vsakega izdelka.<\/span><\/span><\/span><\/li>\n<li><span style=\"font-family: verdana, geneva, sans-serif; color: #524d4d;\"><span style=\"font-family: verdana, geneva, sans-serif; color: #524d4d;\">Zdru\u017eljiv s Hyundai\/Kia 27301-2B010, Denso 673-0101, NGK U5050 in Bosch 0221504476. Primerno za Hyundai IX25\/IX35 in Kia Rio 2010-2020 z motorji Gamma\/Nu MPI.<\/span><\/span><\/li>\n<li><span style=\"color: #524d4d;\"><span style=\"color: #524d4d;\"><span style=\"font-family: verdana, geneva, sans-serif;\"><strong>Namestitev Plug-and-Play<\/strong><\/span><\/span><\/span><span style=\"color: #524d4d;\"><span style=\"font-family: verdana, geneva, sans-serif;\">Neposredna zamenjava z OE priklju\u010dki in monta\u017enimi nosilci.<br \/>\n<\/span><span style=\"font-family: verdana, geneva, sans-serif;\">Kodiranje ali spremembe niso potrebne.<br \/>\n<\/span><span style=\"font-family: verdana, geneva, sans-serif;\">Zdru\u017eljiv z v\u017eigalnimi sve\u010dami OEM (npr. NGK 94193).<\/span><\/span><\/li>\n<\/ul>\n<p>&nbsp;<\/p>","protected":false},"excerpt":{"rendered":"<p><span style=\"font-family: verdana, geneva, sans-serif; color: #544f4f;\"><strong>Ime izdelka\uff1a<\/strong><\/span><span style=\"font-family: verdana, geneva, sans-serif; font-size: 14pt; color: #4a4747;\"><span style=\"font-size: 12pt;\">V\u017eigalna tuljava<\/span><strong><br \/>\n<\/strong><\/span><span style=\"font-family: verdana, geneva, sans-serif; color: #544f4f;\"><strong>Garancija\uff1a<\/strong>1 leto<\/span><br \/>\n<span style=\"font-family: verdana, geneva, sans-serif; color: #544f4f;\"><strong>Stanje\uff1a<\/strong>Novo<\/span><br \/>\n<span style=\"font-family: verdana, geneva, sans-serif; color: #544f4f;\"><strong>Model avtomobila\uff1a<\/strong>Hyundai IX25\/IX35\/Kia Rio<\/span><br \/>\n<span style=\"color: #544f4f;\"><span style=\"font-family: verdana, geneva, sans-serif;\"><strong>OEM NO.: <\/strong><\/span><span style=\"font-family: verdana, geneva, sans-serif; font-size: 12pt;\">27301-2B010<br \/>\n<\/span><strong style=\"font-family: verdana, geneva, sans-serif;\">Primarna odpornost:<\/strong><span style=\"font-family: verdana, geneva, sans-serif;\"> 0.55-0.75 \u03a9<br \/>\n<\/span><strong style=\"font-family: verdana, geneva, sans-serif;\">Sekundarna odpornost:<\/strong><span style=\"font-family: verdana, geneva, sans-serif;\"> 6,8-8,2 k\u03a9<br \/>\n<\/span><strong style=\"font-family: verdana, geneva, sans-serif;\">Napetost:<\/strong><span style=\"font-family: verdana, geneva, sans-serif;\"> 12V DC<br \/>\n<\/span><strong style=\"font-family: verdana, geneva, sans-serif;\">Obmo\u010dje delovne temperature:<\/strong><span style=\"font-family: verdana, geneva, sans-serif;\"> -40 \u00b0C do 150 \u00b0C<br \/>\n<\/span><strong style=\"font-family: verdana, geneva, sans-serif;\">Za\u0161\u010dita pred vodo in prahom: <\/strong><span style=\"font-family: verdana, geneva, sans-serif;\">IP67<br \/>\n<\/span><strong style=\"font-family: verdana, geneva, sans-serif;\">Kakovost:<\/strong><span style=\"font-family: verdana, geneva, sans-serif;\"> 100% Preizku\u0161eno<br \/>\n<\/span><strong style=\"font-family: verdana, geneva, sans-serif;\">\u010cas dostave:<\/strong><span style=\"font-family: verdana, geneva, sans-serif;\">\u00a03-7 dni<\/span><\/span><\/p>","protected":false},"featured_media":969,"comment_status":"closed","ping_status":"closed","template":"","meta":[],"product_cat":[18],"product_tag":[],"class_list":{"0":"post-968","1":"product","2":"type-product","3":"status-publish","4":"has-post-thumbnail","6":"product_cat-engine-parts","8":"first","9":"instock","10":"shipping-taxable","11":"product-type-simple"},"_links":{"self":[{"href":"https:\/\/carbitautoparts.com\/sl\/wp-json\/wp\/v2\/product\/968","targetHints":{"allow":["GET"]}}],"collection":[{"href":"https:\/\/carbitautoparts.com\/sl\/wp-json\/wp\/v2\/product"}],"about":[{"href":"https:\/\/carbitautoparts.com\/sl\/wp-json\/wp\/v2\/types\/product"}],"replies":[{"embeddable":true,"href":"https:\/\/carbitautoparts.com\/sl\/wp-json\/wp\/v2\/comments?post=968"}],"wp:featuredmedia":[{"embeddable":true,"href":"https:\/\/carbitautoparts.com\/sl\/wp-json\/wp\/v2\/media\/969"}],"wp:attachment":[{"href":"https:\/\/carbitautoparts.com\/sl\/wp-json\/wp\/v2\/media?parent=968"}],"wp:term":[{"taxonomy":"product_cat","embeddable":true,"href":"https:\/\/carbitautoparts.com\/sl\/wp-json\/wp\/v2\/product_cat?post=968"},{"taxonomy":"product_tag","embeddable":true,"href":"https:\/\/carbitautoparts.com\/sl\/wp-json\/wp\/v2\/product_tag?post=968"}],"curies":[{"name":"wp","href":"https:\/\/api.w.org\/{rel}","templated":true}]}}