{"id":277,"date":"2025-02-12T19:38:19","date_gmt":"2025-02-12T11:38:19","guid":{"rendered":"https:\/\/carbitautoparts.com\/?page_id=277"},"modified":"2026-01-14T20:43:38","modified_gmt":"2026-01-14T12:43:38","slug":"company-profile","status":"publish","type":"page","link":"https:\/\/carbitautoparts.com\/tr\/si\u0307rket-profi\u0307li\u0307\/","title":{"rendered":"\u015eirket Profili"},"content":{"rendered":"<div data-elementor-type=\"wp-page\" data-elementor-id=\"277\" class=\"elementor elementor-277\">\n\t\t\t\t<div class=\"elementor-element elementor-element-7b925a7 e-con-full wd-section-stretch e-flex e-con e-parent\" data-id=\"7b925a7\" data-element_type=\"container\" data-settings=\"{&quot;background_background&quot;:&quot;classic&quot;}\">\n\t\t\t\t<div class=\"elementor-element elementor-element-8f23087 elementor-widget elementor-widget-heading\" data-id=\"8f23087\" data-element_type=\"widget\" data-widget_type=\"heading.default\">\n\t\t\t\t<div class=\"elementor-widget-container\">\n\t\t\t\t\t<h1 class=\"elementor-heading-title elementor-size-default\">\u015eirket Profili<\/h1>\t\t\t\t<\/div>\n\t\t\t\t<\/div>\n\t\t\t\t<\/div>\n\t\t<div class=\"wd-negative-gap elementor-element elementor-element-673dc9e e-flex e-con-boxed e-con e-parent\" data-id=\"673dc9e\" data-element_type=\"container\">\n\t\t\t\t\t<div class=\"e-con-inner\">\n\t\t<div class=\"elementor-element elementor-element-c722fcf e-con-full e-flex e-con e-child\" data-id=\"c722fcf\" data-element_type=\"container\">\n\t\t\t\t<div class=\"elementor-element elementor-element-0bdba00 elementor-widget elementor-widget-image\" data-id=\"0bdba00\" data-element_type=\"widget\" data-widget_type=\"image.default\">\n\t\t\t\t<div class=\"elementor-widget-container\">\n\t\t\t\t\t\t\t\t\t\t\t\t\t\t\t<img fetchpriority=\"high\" decoding=\"async\" width=\"877\" height=\"670\" src=\"https:\/\/carbitautoparts.com\/wp-content\/uploads\/2025\/03\/\u5fae\u4fe1\u56fe\u7247_20250301092850.jpg\" class=\"attachment-large size-large wp-image-1115\" alt=\"\u00c7in&#039;de 120&#039;den fazla \u00f6nde gelen otomotiv par\u00e7as\u0131 \u00fcreticisiyle i\u015fbirli\u011fi yaparak rekabet\u00e7i bir fabrika fiyat\u0131yla \u00fcr\u00fcnler sunuyor ve \u00fcst\u00fcn sat\u0131\u015f sonras\u0131 hizmetle desteklenen \u00fcst\u00fcn kalite sa\u011fl\u0131yoruz.\" srcset=\"https:\/\/carbitautoparts.com\/wp-content\/uploads\/2025\/03\/\u5fae\u4fe1\u56fe\u7247_20250301092850.jpg 877w, https:\/\/carbitautoparts.com\/wp-content\/uploads\/2025\/03\/\u5fae\u4fe1\u56fe\u7247_20250301092850-300x229.jpg 300w, https:\/\/carbitautoparts.com\/wp-content\/uploads\/2025\/03\/\u5fae\u4fe1\u56fe\u7247_20250301092850-768x587.jpg 768w, https:\/\/carbitautoparts.com\/wp-content\/uploads\/2025\/03\/\u5fae\u4fe1\u56fe\u7247_20250301092850-600x458.jpg 600w, https:\/\/carbitautoparts.com\/wp-content\/uploads\/2025\/03\/\u5fae\u4fe1\u56fe\u7247_20250301092850-150x115.jpg 150w\" sizes=\"(max-width: 877px) 100vw, 877px\" \/>\t\t\t\t\t\t\t\t\t\t\t\t\t\t\t<\/div>\n\t\t\t\t<\/div>\n\t\t\t\t<\/div>\n\t\t<div class=\"elementor-element elementor-element-f59d36a e-con-full e-flex e-con e-child\" data-id=\"f59d36a\" data-element_type=\"container\">\n\t\t\t\t<div class=\"elementor-element elementor-element-28fca2f color-scheme-inherit text-left elementor-widget elementor-widget-text-editor\" data-id=\"28fca2f\" data-element_type=\"widget\" data-widget_type=\"text-editor.default\">\n\t\t\t\t<div class=\"elementor-widget-container\">\n\t\t\t\t\t\t\t\t\t<p><span style=\"font-family: verdana, geneva, sans-serif;\">2018 y\u0131l\u0131nda Shaanxi eyaletinin Xi'an \u015fehrinde kurulmu\u015ftur, <b data-path-to-node=\"5\" data-index-in-node=\"17\">Xi'an Carbit Auto Parts Co, Ltd.<\/b> \u00c7in'in yerel otomotiv pazar\u0131nda yolculu\u011funa ba\u015flad\u0131. Y\u0131llar s\u00fcren h\u0131zl\u0131 b\u00fcy\u00fcme ve kaliteye olan amans\u0131z ba\u011fl\u0131l\u0131\u011f\u0131m\u0131z sayesinde, yerel bir tedarik\u00e7iden \u00f6nde gelen k\u00fcresel bir toptan sat\u0131\u015f orta\u011f\u0131na ve profesyonel bir \u00fcreticiye d\u00f6n\u00fc\u015ft\u00fck.<\/span><br \/><span style=\"font-family: verdana, geneva, sans-serif;\">\u00c7ift g\u00fc\u00e7l\u00fc i\u015f modelimizle gurur duyuyoruz: kendi \u00f6zel \u015fasi par\u00e7alar\u0131 \u00fcretim fabrikam\u0131z\u0131 i\u015fletirken, \u00fcst d\u00fczey \u00c7inli otomobil par\u00e7alar\u0131 \u00fcreticileriyle stratejik ortakl\u0131klar s\u00fcrd\u00fcr\u00fcyoruz.<\/span><\/p>\t\t\t\t\t\t\t\t<\/div>\n\t\t\t\t<\/div>\n\t\t\t\t<\/div>\n\t\t\t\t\t<\/div>\n\t\t\t\t<\/div>\n\t\t<div class=\"wd-negative-gap elementor-element elementor-element-0ee8b02 e-flex e-con-boxed e-con e-parent\" data-id=\"0ee8b02\" data-element_type=\"container\">\n\t\t\t\t\t<div class=\"e-con-inner\">\n\t\t<div class=\"elementor-element elementor-element-bf7f80b e-con-full e-flex e-con e-child\" data-id=\"bf7f80b\" data-element_type=\"container\">\n\t\t\t\t<div class=\"elementor-element elementor-element-47a60b1 color-scheme-inherit text-left elementor-widget elementor-widget-text-editor\" data-id=\"47a60b1\" data-element_type=\"widget\" data-widget_type=\"text-editor.default\">\n\t\t\t\t<div class=\"elementor-widget-container\">\n\t\t\t\t\t\t\t\t\t<p><span style=\"font-family: verdana, geneva, sans-serif;\"><strong>\u00c7elik<\/strong> <\/span><span style=\"font-family: verdana, geneva, sans-serif;\">Shandong Iron and Steel, Hangzhou Iron and Steel ve Hubei Iron and Steel gibi b\u00fcy\u00fck \u00fcreticilerden tedarik edilmektedir. Ayr\u0131ca, her parti, her malzemenin metalik bile\u015fimini incelemek i\u00e7in kullan\u0131lan spektral analiz ekipman\u0131 ile \u00fcr\u00fcn kalitesinin uygunlu\u011funu sa\u011flamak i\u00e7in gelen denetime tabi tutulur.<\/span><\/p>\t\t\t\t\t\t\t\t<\/div>\n\t\t\t\t<\/div>\n\t\t\t\t<\/div>\n\t\t<div class=\"elementor-element elementor-element-0e4ddd0 e-con-full e-flex e-con e-child\" data-id=\"0e4ddd0\" data-element_type=\"container\">\n\t\t\t\t<div class=\"elementor-element elementor-element-3a233dd elementor-widget__width-initial elementor-widget elementor-widget-image\" data-id=\"3a233dd\" data-element_type=\"widget\" data-widget_type=\"image.default\">\n\t\t\t\t<div class=\"elementor-widget-container\">\n\t\t\t\t\t\t\t\t\t\t\t\t\t\t\t<img decoding=\"async\" width=\"648\" height=\"430\" src=\"https:\/\/carbitautoparts.com\/wp-content\/uploads\/2026\/01\/1.png\" class=\"attachment-full size-full wp-image-1895\" alt=\"\" srcset=\"https:\/\/carbitautoparts.com\/wp-content\/uploads\/2026\/01\/1.png 648w, https:\/\/carbitautoparts.com\/wp-content\/uploads\/2026\/01\/1-300x199.png 300w, https:\/\/carbitautoparts.com\/wp-content\/uploads\/2026\/01\/1-18x12.png 18w, https:\/\/carbitautoparts.com\/wp-content\/uploads\/2026\/01\/1-600x398.png 600w, https:\/\/carbitautoparts.com\/wp-content\/uploads\/2026\/01\/1-150x100.png 150w\" sizes=\"(max-width: 648px) 100vw, 648px\" \/>\t\t\t\t\t\t\t\t\t\t\t\t\t\t\t<\/div>\n\t\t\t\t<\/div>\n\t\t\t\t<div class=\"elementor-element elementor-element-1ee9408 elementor-widget__width-auto elementor-widget elementor-widget-image\" data-id=\"1ee9408\" data-element_type=\"widget\" data-widget_type=\"image.default\">\n\t\t\t\t<div class=\"elementor-widget-container\">\n\t\t\t\t\t\t\t\t\t\t\t\t\t\t\t<img decoding=\"async\" width=\"655\" height=\"470\" src=\"https:\/\/carbitautoparts.com\/wp-content\/uploads\/2026\/01\/2.png\" class=\"attachment-large size-large wp-image-1896\" alt=\"\" srcset=\"https:\/\/carbitautoparts.com\/wp-content\/uploads\/2026\/01\/2.png 655w, https:\/\/carbitautoparts.com\/wp-content\/uploads\/2026\/01\/2-300x215.png 300w, https:\/\/carbitautoparts.com\/wp-content\/uploads\/2026\/01\/2-18x12.png 18w, https:\/\/carbitautoparts.com\/wp-content\/uploads\/2026\/01\/2-600x431.png 600w, https:\/\/carbitautoparts.com\/wp-content\/uploads\/2026\/01\/2-150x108.png 150w\" sizes=\"(max-width: 655px) 100vw, 655px\" \/>\t\t\t\t\t\t\t\t\t\t\t\t\t\t\t<\/div>\n\t\t\t\t<\/div>\n\t\t\t\t<\/div>\n\t\t\t\t\t<\/div>\n\t\t\t\t<\/div>\n\t\t<div class=\"wd-negative-gap elementor-element elementor-element-41dff30 e-flex e-con-boxed e-con e-parent\" data-id=\"41dff30\" data-element_type=\"container\">\n\t\t\t\t\t<div class=\"e-con-inner\">\n\t\t<div class=\"elementor-element elementor-element-f5f582b e-con-full e-flex e-con e-child\" data-id=\"f5f582b\" data-element_type=\"container\">\n\t\t\t\t<div class=\"elementor-element elementor-element-22f181b elementor-widget__width-initial elementor-widget elementor-widget-image\" data-id=\"22f181b\" data-element_type=\"widget\" data-widget_type=\"image.default\">\n\t\t\t\t<div class=\"elementor-widget-container\">\n\t\t\t\t\t\t\t\t\t\t\t\t\t\t\t<img loading=\"lazy\" decoding=\"async\" width=\"874\" height=\"585\" src=\"https:\/\/carbitautoparts.com\/wp-content\/uploads\/2026\/01\/4.png\" class=\"attachment-large size-large wp-image-1898\" alt=\"\" srcset=\"https:\/\/carbitautoparts.com\/wp-content\/uploads\/2026\/01\/4.png 874w, https:\/\/carbitautoparts.com\/wp-content\/uploads\/2026\/01\/4-300x201.png 300w, https:\/\/carbitautoparts.com\/wp-content\/uploads\/2026\/01\/4-768x514.png 768w, https:\/\/carbitautoparts.com\/wp-content\/uploads\/2026\/01\/4-18x12.png 18w, https:\/\/carbitautoparts.com\/wp-content\/uploads\/2026\/01\/4-600x402.png 600w, https:\/\/carbitautoparts.com\/wp-content\/uploads\/2026\/01\/4-150x100.png 150w\" sizes=\"(max-width: 874px) 100vw, 874px\" \/>\t\t\t\t\t\t\t\t\t\t\t\t\t\t\t<\/div>\n\t\t\t\t<\/div>\n\t\t\t\t<\/div>\n\t\t<div class=\"elementor-element elementor-element-91cf87b e-con-full e-flex e-con e-child\" data-id=\"91cf87b\" data-element_type=\"container\">\n\t\t\t\t<div class=\"elementor-element elementor-element-808d3df color-scheme-inherit text-left elementor-widget elementor-widget-text-editor\" data-id=\"808d3df\" data-element_type=\"widget\" data-widget_type=\"text-editor.default\">\n\t\t\t\t<div class=\"elementor-widget-container\">\n\t\t\t\t\t\t\t\t\t<p style=\"text-align: left;\"><strong><span style=\"font-family: verdana, geneva, sans-serif;\">Plastik Bile\u015fenler<\/span><\/strong><br \/><span style=\"font-family: verdana, geneva, sans-serif;\">DuPont 500P hammaddeleri kullan\u0131larak \u00fcretilmi\u015ftir;<\/span><span style=\"font-family: verdana, geneva, sans-serif;\">Hammadde kullan\u0131m\u0131n\u0131 do\u011frulamak i\u00e7in tedarik\u00e7ilerde d\u00fczenli nokta kontrolleri yap\u0131lmaktad\u0131r,<\/span><span style=\"font-family: verdana, geneva, sans-serif;\">ve geri d\u00f6n\u00fc\u015ft\u00fcr\u00fclm\u00fc\u015f malzemelerin kullan\u0131m\u0131 kesinlikle yasakt\u0131r.<br \/><strong>Kau\u00e7uk bile\u015fenler\/contalar<\/strong> 100\u00b0C'ye kadar ve -40\u00b0C'ye kadar d\u00fc\u015f\u00fck s\u0131cakl\u0131klara dayanabilir.<br \/><strong>Is\u0131l \u0130\u015flem-<\/strong>\u015eu anda \u00fc\u00e7 y\u00fcksek frekansl\u0131 metal \u0131s\u0131l i\u015flem \u00fcnitesi, bir su verme ve temperleme f\u0131r\u0131n\u0131 ve \u00f6rg\u00fc bant f\u0131r\u0131n tipi \u0131s\u0131l i\u015flem ekipman\u0131 ile donat\u0131lm\u0131\u015ft\u0131r ve Grade 5 metalografik sertli\u011fe ula\u015fm\u0131\u015ft\u0131r.<br \/><strong>Tam Otomatik Gantry Robot<\/strong><br \/>1. T\u00fcm kritik i\u015fleme s\u00fcre\u00e7lerinde Tayvan'\u0131n Fuyu veya Japonya'n\u0131n Tsugami firmalar\u0131ndan ithal edilen ekipmanlar kullan\u0131lmaktad\u0131r. Bu makineler minimum a\u015f\u0131nma g\u00f6stererek \u00fcst\u00fcn boyutsal kararl\u0131l\u0131k sa\u011flar. T\u00fcm sistemde tam otomatik y\u00fckleme sistemleri ve \u0130ngiliz Renishaw otomatik denetim sistemleri kullan\u0131lmaktad\u0131r.<br \/>2. T\u00fcm i\u015fleme programlar\u0131, \u00fcr\u00fcn i\u015fleme hassasiyetini ve boyutsal tutarl\u0131l\u0131\u011f\u0131 garanti etmek i\u00e7in \u00f6zel personel taraf\u0131ndan tek tip olarak geli\u015ftirilir ve y\u00f6netilir.<br \/><br \/><\/span><\/p>\t\t\t\t\t\t\t\t<\/div>\n\t\t\t\t<\/div>\n\t\t\t\t<\/div>\n\t\t\t\t\t<\/div>\n\t\t\t\t<\/div>\n\t\t<div class=\"wd-negative-gap elementor-element elementor-element-744df86 e-flex e-con-boxed e-con e-parent\" data-id=\"744df86\" data-element_type=\"container\">\n\t\t\t\t\t<div class=\"e-con-inner\">\n\t\t\t\t<div class=\"elementor-element elementor-element-9aa7c5c gallery-spacing-custom elementor-widget elementor-widget-image-gallery\" data-id=\"9aa7c5c\" data-element_type=\"widget\" data-widget_type=\"image-gallery.default\">\n\t\t\t\t<div class=\"elementor-widget-container\">\n\t\t\t\t\t\t\t<div class=\"elementor-image-gallery\">\n\t\t\t\n\t\t<style type=\"text\/css\">\n\t\t\t#gallery-1 {\n\t\t\t\tmargin: auto;\n\t\t\t}\n\t\t\t#gallery-1 .gallery-item {\n\t\t\t\tfloat: left;\n\t\t\t\tmargin-top: 10px;\n\t\t\t\ttext-align: center;\n\t\t\t\twidth: 50%;\n\t\t\t}\n\t\t\t#gallery-1 img {\n\t\t\t\tborder: 2px solid #cfcfcf;\n\t\t\t}\n\t\t\t#gallery-1 .gallery-caption {\n\t\t\t\tmargin-left: 0;\n\t\t\t}\n\t\t\t\/* see gallery_shortcode() in wp-includes\/media.php *\/\n\t\t<\/style>\n\t\t<div id='gallery-1' class='gallery galleryid-277 gallery-columns-2 gallery-size-full'><dl class='gallery-item'>\n\t\t\t<dt class='gallery-icon landscape'>\n\t\t\t\t<img loading=\"lazy\" decoding=\"async\" width=\"650\" height=\"450\" src=\"https:\/\/carbitautoparts.com\/wp-content\/uploads\/2026\/01\/\u5c4f\u5e55\u622a\u56fe-2026-01-14-115332.jpg\" class=\"attachment-full size-full\" alt=\"\" srcset=\"https:\/\/carbitautoparts.com\/wp-content\/uploads\/2026\/01\/\u5c4f\u5e55\u622a\u56fe-2026-01-14-115332.jpg 650w, https:\/\/carbitautoparts.com\/wp-content\/uploads\/2026\/01\/\u5c4f\u5e55\u622a\u56fe-2026-01-14-115332-300x208.jpg 300w, https:\/\/carbitautoparts.com\/wp-content\/uploads\/2026\/01\/\u5c4f\u5e55\u622a\u56fe-2026-01-14-115332-18x12.jpg 18w, https:\/\/carbitautoparts.com\/wp-content\/uploads\/2026\/01\/\u5c4f\u5e55\u622a\u56fe-2026-01-14-115332-600x415.jpg 600w, https:\/\/carbitautoparts.com\/wp-content\/uploads\/2026\/01\/\u5c4f\u5e55\u622a\u56fe-2026-01-14-115332-150x104.jpg 150w\" sizes=\"(max-width: 650px) 100vw, 650px\" \/>\n\t\t\t<\/dt><\/dl><dl class='gallery-item'>\n\t\t\t<dt class='gallery-icon landscape'>\n\t\t\t\t<img loading=\"lazy\" decoding=\"async\" width=\"650\" height=\"450\" src=\"https:\/\/carbitautoparts.com\/wp-content\/uploads\/2026\/01\/\u56fe\u72471.jpg\" class=\"attachment-full size-full\" alt=\"\" srcset=\"https:\/\/carbitautoparts.com\/wp-content\/uploads\/2026\/01\/\u56fe\u72471.jpg 650w, https:\/\/carbitautoparts.com\/wp-content\/uploads\/2026\/01\/\u56fe\u72471-300x208.jpg 300w, https:\/\/carbitautoparts.com\/wp-content\/uploads\/2026\/01\/\u56fe\u72471-18x12.jpg 18w, https:\/\/carbitautoparts.com\/wp-content\/uploads\/2026\/01\/\u56fe\u72471-600x415.jpg 600w, https:\/\/carbitautoparts.com\/wp-content\/uploads\/2026\/01\/\u56fe\u72471-150x104.jpg 150w\" sizes=\"(max-width: 650px) 100vw, 650px\" \/>\n\t\t\t<\/dt><\/dl><br style=\"clear: both\" \/><dl class='gallery-item'>\n\t\t\t<dt class='gallery-icon landscape'>\n\t\t\t\t<img loading=\"lazy\" decoding=\"async\" width=\"650\" height=\"450\" src=\"https:\/\/carbitautoparts.com\/wp-content\/uploads\/2025\/02\/\u56fe\u72475-1.jpg\" class=\"attachment-full size-full\" alt=\"otomoti\u0307v par\u00e7a \u00fcreti\u0307ci\u0307si\u0307 orta\u011fimizin at\u00f6lyesi\u0307\" srcset=\"https:\/\/carbitautoparts.com\/wp-content\/uploads\/2025\/02\/\u56fe\u72475-1.jpg 650w, https:\/\/carbitautoparts.com\/wp-content\/uploads\/2025\/02\/\u56fe\u72475-1-300x208.jpg 300w, https:\/\/carbitautoparts.com\/wp-content\/uploads\/2025\/02\/\u56fe\u72475-1-600x415.jpg 600w, https:\/\/carbitautoparts.com\/wp-content\/uploads\/2025\/02\/\u56fe\u72475-1-150x104.jpg 150w\" sizes=\"(max-width: 650px) 100vw, 650px\" \/>\n\t\t\t<\/dt><\/dl><dl class='gallery-item'>\n\t\t\t<dt class='gallery-icon landscape'>\n\t\t\t\t<img loading=\"lazy\" decoding=\"async\" width=\"650\" height=\"450\" src=\"https:\/\/carbitautoparts.com\/wp-content\/uploads\/2025\/02\/\u56fe\u72476-1.jpg\" class=\"attachment-full size-full\" alt=\"otomobil par\u00e7alar\u0131 \u00fcreticisi orta\u011f\u0131m\u0131z\u0131n at\u00f6lyesi\" srcset=\"https:\/\/carbitautoparts.com\/wp-content\/uploads\/2025\/02\/\u56fe\u72476-1.jpg 650w, https:\/\/carbitautoparts.com\/wp-content\/uploads\/2025\/02\/\u56fe\u72476-1-300x208.jpg 300w, https:\/\/carbitautoparts.com\/wp-content\/uploads\/2025\/02\/\u56fe\u72476-1-600x415.jpg 600w, https:\/\/carbitautoparts.com\/wp-content\/uploads\/2025\/02\/\u56fe\u72476-1-150x104.jpg 150w\" sizes=\"(max-width: 650px) 100vw, 650px\" \/>\n\t\t\t<\/dt><\/dl><br style=\"clear: both\" \/><dl class='gallery-item'>\n\t\t\t<dt class='gallery-icon landscape'>\n\t\t\t\t<img loading=\"lazy\" decoding=\"async\" width=\"892\" height=\"605\" src=\"https:\/\/carbitautoparts.com\/wp-content\/uploads\/2026\/01\/3.png\" class=\"attachment-full size-full\" alt=\"\" srcset=\"https:\/\/carbitautoparts.com\/wp-content\/uploads\/2026\/01\/3.png 892w, https:\/\/carbitautoparts.com\/wp-content\/uploads\/2026\/01\/3-300x203.png 300w, https:\/\/carbitautoparts.com\/wp-content\/uploads\/2026\/01\/3-768x521.png 768w, https:\/\/carbitautoparts.com\/wp-content\/uploads\/2026\/01\/3-18x12.png 18w, https:\/\/carbitautoparts.com\/wp-content\/uploads\/2026\/01\/3-600x407.png 600w, https:\/\/carbitautoparts.com\/wp-content\/uploads\/2026\/01\/3-150x102.png 150w\" sizes=\"(max-width: 892px) 100vw, 892px\" \/>\n\t\t\t<\/dt><\/dl><dl class='gallery-item'>\n\t\t\t<dt class='gallery-icon landscape'>\n\t\t\t\t<img loading=\"lazy\" decoding=\"async\" width=\"905\" height=\"606\" src=\"https:\/\/carbitautoparts.com\/wp-content\/uploads\/2025\/05\/\u5fae\u4fe1\u56fe\u7247_20250428174459-2.jpg\" class=\"attachment-full size-full\" alt=\"\" srcset=\"https:\/\/carbitautoparts.com\/wp-content\/uploads\/2025\/05\/\u5fae\u4fe1\u56fe\u7247_20250428174459-2.jpg 905w, https:\/\/carbitautoparts.com\/wp-content\/uploads\/2025\/05\/\u5fae\u4fe1\u56fe\u7247_20250428174459-2-300x201.jpg 300w, https:\/\/carbitautoparts.com\/wp-content\/uploads\/2025\/05\/\u5fae\u4fe1\u56fe\u7247_20250428174459-2-768x514.jpg 768w, https:\/\/carbitautoparts.com\/wp-content\/uploads\/2025\/05\/\u5fae\u4fe1\u56fe\u7247_20250428174459-2-18x12.jpg 18w, https:\/\/carbitautoparts.com\/wp-content\/uploads\/2025\/05\/\u5fae\u4fe1\u56fe\u7247_20250428174459-2-600x402.jpg 600w, https:\/\/carbitautoparts.com\/wp-content\/uploads\/2025\/05\/\u5fae\u4fe1\u56fe\u7247_20250428174459-2-150x100.jpg 150w\" sizes=\"(max-width: 905px) 100vw, 905px\" \/>\n\t\t\t<\/dt><\/dl><br style=\"clear: both\" \/><dl class='gallery-item'>\n\t\t\t<dt class='gallery-icon landscape'>\n\t\t\t\t<img loading=\"lazy\" decoding=\"async\" width=\"650\" height=\"450\" src=\"https:\/\/carbitautoparts.com\/wp-content\/uploads\/2025\/02\/\u56fe\u72477-1.jpg\" class=\"attachment-full size-full\" alt=\"otomobil par\u00e7alar\u0131 \u00fcreticisi orta\u011f\u0131m\u0131z\u0131n at\u00f6lyesi\" srcset=\"https:\/\/carbitautoparts.com\/wp-content\/uploads\/2025\/02\/\u56fe\u72477-1.jpg 650w, https:\/\/carbitautoparts.com\/wp-content\/uploads\/2025\/02\/\u56fe\u72477-1-300x208.jpg 300w, https:\/\/carbitautoparts.com\/wp-content\/uploads\/2025\/02\/\u56fe\u72477-1-600x415.jpg 600w, https:\/\/carbitautoparts.com\/wp-content\/uploads\/2025\/02\/\u56fe\u72477-1-150x104.jpg 150w\" sizes=\"(max-width: 650px) 100vw, 650px\" \/>\n\t\t\t<\/dt><\/dl><dl class='gallery-item'>\n\t\t\t<dt class='gallery-icon landscape'>\n\t\t\t\t<img loading=\"lazy\" decoding=\"async\" width=\"650\" height=\"450\" src=\"https:\/\/carbitautoparts.com\/wp-content\/uploads\/2025\/02\/\u56fe\u724710-1.jpg\" class=\"attachment-full size-full\" alt=\"oto yedek par\u00e7a depomuz\" srcset=\"https:\/\/carbitautoparts.com\/wp-content\/uploads\/2025\/02\/\u56fe\u724710-1.jpg 650w, https:\/\/carbitautoparts.com\/wp-content\/uploads\/2025\/02\/\u56fe\u724710-1-300x208.jpg 300w, https:\/\/carbitautoparts.com\/wp-content\/uploads\/2025\/02\/\u56fe\u724710-1-600x415.jpg 600w, https:\/\/carbitautoparts.com\/wp-content\/uploads\/2025\/02\/\u56fe\u724710-1-150x104.jpg 150w\" sizes=\"(max-width: 650px) 100vw, 650px\" \/>\n\t\t\t<\/dt><\/dl><br style=\"clear: both\" \/>\n\t\t<\/div>\n\t\t<\/div>\n\t\t\t\t\t\t<\/div>\n\t\t\t\t<\/div>\n\t\t\t\t<div class=\"elementor-element elementor-element-7e3f01e color-scheme-inherit text-left elementor-widget elementor-widget-text-editor\" data-id=\"7e3f01e\" data-element_type=\"widget\" data-widget_type=\"text-editor.default\">\n\t\t\t\t<div class=\"elementor-widget-container\">\n\t\t\t\t\t\t\t\t\t<p>Yenilik\u00e7ili\u011fe ve m\u00fckemmelli\u011fe olan ba\u011fl\u0131l\u0131\u011f\u0131m\u0131zla, k\u00fcresel pazar\u0131n \u00e7ok y\u00f6nl\u00fc gereksinimlerini kar\u015f\u0131lamak i\u00e7in \u00fcr\u00fcn portf\u00f6y\u00fcm\u00fcz\u00fc s\u00fcrekli olarak iyile\u015ftirmeye ve geni\u015fletmeye \u00e7al\u0131\u015f\u0131yoruz. Amac\u0131m\u0131z, \u00fcst\u00fcn kalite, rekabet\u00e7i fiyatland\u0131rma ve g\u00fcvenilir destek sa\u011flayarak m\u00fc\u015fterilerimizle kal\u0131c\u0131 ortakl\u0131klar kurmakt\u0131r. Otomotiv sekt\u00f6r\u00fcndeki derin uzmanl\u0131\u011f\u0131m\u0131zdan yararlanarak ve m\u00fc\u015fteri memnuniyetini \u00f6n planda tutan bir felsefeye ba\u011fl\u0131 kalarak, kendimizi g\u00fcvenilir orta\u011f\u0131n\u0131z olarak konumland\u0131r\u0131yor ve i\u015finizin son derece rekabet\u00e7i bir ortamda geli\u015fmesini sa\u011fl\u0131yoruz.<\/p>\t\t\t\t\t\t\t\t<\/div>\n\t\t\t\t<\/div>\n\t\t\t\t\t<\/div>\n\t\t\t\t<\/div>\n\t\t\t\t<\/div>","protected":false},"excerpt":{"rendered":"<p>Company Profile Founded in 2018 in Xi&#8217;an,Shaanxi province, Xi\u2019an Carbit Auto Parts Co., Ltd. began the journey in China\u2019s domestic<\/p>","protected":false},"author":1,"featured_media":0,"parent":0,"menu_order":0,"comment_status":"closed","ping_status":"closed","template":"","meta":{"footnotes":""},"class_list":["post-277","page","type-page","status-publish","hentry"],"_links":{"self":[{"href":"https:\/\/carbitautoparts.com\/tr\/wp-json\/wp\/v2\/pages\/277","targetHints":{"allow":["GET"]}}],"collection":[{"href":"https:\/\/carbitautoparts.com\/tr\/wp-json\/wp\/v2\/pages"}],"about":[{"href":"https:\/\/carbitautoparts.com\/tr\/wp-json\/wp\/v2\/types\/page"}],"author":[{"embeddable":true,"href":"https:\/\/carbitautoparts.com\/tr\/wp-json\/wp\/v2\/users\/1"}],"replies":[{"embeddable":true,"href":"https:\/\/carbitautoparts.com\/tr\/wp-json\/wp\/v2\/comments?post=277"}],"version-history":[{"count":28,"href":"https:\/\/carbitautoparts.com\/tr\/wp-json\/wp\/v2\/pages\/277\/revisions"}],"predecessor-version":[{"id":1908,"href":"https:\/\/carbitautoparts.com\/tr\/wp-json\/wp\/v2\/pages\/277\/revisions\/1908"}],"wp:attachment":[{"href":"https:\/\/carbitautoparts.com\/tr\/wp-json\/wp\/v2\/media?parent=277"}],"curies":[{"name":"wp","href":"https:\/\/api.w.org\/{rel}","templated":true}]}}