{"id":283,"date":"2025-02-12T19:39:35","date_gmt":"2025-02-12T11:39:35","guid":{"rendered":"https:\/\/carbitautoparts.com\/?page_id=283"},"modified":"2025-03-08T11:13:18","modified_gmt":"2025-03-08T03:13:18","slug":"faq","status":"publish","type":"page","link":"https:\/\/carbitautoparts.com\/tr\/sss\/","title":{"rendered":"SSS"},"content":{"rendered":"<div data-elementor-type=\"wp-page\" data-elementor-id=\"283\" class=\"elementor elementor-283\">\n\t\t\t\t<div class=\"elementor-element elementor-element-342df67 e-con-full wd-section-stretch e-flex e-con e-parent\" data-id=\"342df67\" data-element_type=\"container\" data-settings=\"{&quot;background_background&quot;:&quot;classic&quot;}\">\n\t\t\t\t<div class=\"elementor-element elementor-element-6b34c9a elementor-widget elementor-widget-heading\" data-id=\"6b34c9a\" data-element_type=\"widget\" data-widget_type=\"heading.default\">\n\t\t\t\t<div class=\"elementor-widget-container\">\n\t\t\t\t\t<h1 class=\"elementor-heading-title elementor-size-default\">SSS<\/h1>\t\t\t\t<\/div>\n\t\t\t\t<\/div>\n\t\t\t\t<\/div>\n\t\t<div class=\"wd-negative-gap elementor-element elementor-element-9a2be9e e-flex e-con-boxed e-con e-parent\" data-id=\"9a2be9e\" data-element_type=\"container\">\n\t\t\t\t\t<div class=\"e-con-inner\">\n\t\t\t\t<div class=\"elementor-element elementor-element-02a82cd elementor-widget elementor-widget-wd_accordion\" data-id=\"02a82cd\" data-element_type=\"widget\" data-widget_type=\"wd_accordion.default\">\n\t\t\t\t<div class=\"elementor-widget-container\">\n\t\t\t\t\t\n\t\t<div class=\"wd-accordion wd-style-default wd-titles-left wd-opener-pos-left wd-opener-style-arrow\" data-state=\"first\">\n\t\t\t\t\t\t\t\n\t\t\t\t<div class=\"wd-accordion-item\">\n\t\t\t\t\t<div class=\"wd-accordion-title wd-active\" data-accordion-index=\"0\">\n\t\t\t\t\t\t<div class=\"wd-accordion-title-text color-scheme-dark\">\n\t\t\t\t\t\t\t\t\t\t\t\t\t\t<span>\n\t\t\t\t\t\t\t\tA\u011f\u0131rl\u0131kl\u0131 olarak ne t\u00fcr otomobil par\u00e7alar\u0131 sat\u0131yorsunuz?\t\t\t\t\t\t\t<\/span>\n\t\t\t\t\t\t<\/div>\n\t\t\t\t\t\t<span class=\"wd-accordion-opener\"><\/span>\n\t\t\t\t\t<\/div>\n\n\t\t\t\t\t<div class=\"wd-accordion-content wd-entry-content wd-active\" data-accordion-index=\"0\">\n\t\t\t\t\t\t\t\t\t\t\t\t\t\n\t\t\t\t\t\t\t<p>Al\u00fcminyum Esasl\u0131 Silisyum Karb\u00fcr Fren Disklerini ara\u015ft\u0131r\u0131yor, geli\u015ftiriyor ve \u00fcretiyoruz. Ayr\u0131ca Japon, Kore, \u00c7in, Avrupa ve Amerikan otomobilleri i\u00e7in motor par\u00e7alar\u0131, oto elektronik ve motor par\u00e7alar\u0131, g\u00f6vde par\u00e7alar\u0131 ve di\u011fer bile\u015fenleri sat\u0131yoruz.<\/p>\n\t\t\t\t\t\t\t\t\t\t\t\t\t\t\t\t\t\t<\/div>\n\t\t\t\t<\/div>\n\t\t\t\t\t<\/div>\n\t\t\t\t\t\t<\/div>\n\t\t\t\t<\/div>\n\t\t\t\t<div class=\"elementor-element elementor-element-76bc06c elementor-widget elementor-widget-wd_accordion\" data-id=\"76bc06c\" data-element_type=\"widget\" data-widget_type=\"wd_accordion.default\">\n\t\t\t\t<div class=\"elementor-widget-container\">\n\t\t\t\t\t\n\t\t<div class=\"wd-accordion wd-style-default wd-titles-left wd-opener-pos-left wd-opener-style-arrow\" data-state=\"first\">\n\t\t\t\t\t\t\t\n\t\t\t\t<div class=\"wd-accordion-item\">\n\t\t\t\t\t<div class=\"wd-accordion-title wd-active\" data-accordion-index=\"0\">\n\t\t\t\t\t\t<div class=\"wd-accordion-title-text color-scheme-dark\">\n\t\t\t\t\t\t\t\t\t\t\t\t\t\t<span>\n\t\t\t\t\t\t\t\t\u00d6deme ko\u015fullar\u0131n\u0131z nedir?\t\t\t\t\t\t\t<\/span>\n\t\t\t\t\t\t<\/div>\n\t\t\t\t\t\t<span class=\"wd-accordion-opener\"><\/span>\n\t\t\t\t\t<\/div>\n\n\t\t\t\t\t<div class=\"wd-accordion-content wd-entry-content wd-active\" data-accordion-index=\"0\">\n\t\t\t\t\t\t\t\t\t\t\t\t\t\n\t\t\t\t\t\t\t<p>Genellikle T \/ T, 30% pe\u015fin \u00f6deme ve sevkiyat \u00f6ncesi 70% \u00f6demeyi kabul ediyoruz Paypal ve Westernunion da mevcuttur Bakiyeyi \u00f6demeden \u00f6nce size \u00fcr\u00fcnlerin ve paketlerin foto\u011fraflar\u0131n\u0131 veya videolar\u0131n\u0131 g\u00f6sterece\u011fiz \uff0c her ad\u0131m\u0131n g\u00fcvenli ve g\u00fcvenilir olmas\u0131n\u0131 sa\u011flamak.<\/p>\n\t\t\t\t\t\t\t\t\t\t\t\t\t\t\t\t\t\t<\/div>\n\t\t\t\t<\/div>\n\t\t\t\t\t<\/div>\n\t\t\t\t\t\t<\/div>\n\t\t\t\t<\/div>\n\t\t\t\t<div class=\"elementor-element elementor-element-17f66ad elementor-widget elementor-widget-wd_accordion\" data-id=\"17f66ad\" data-element_type=\"widget\" data-widget_type=\"wd_accordion.default\">\n\t\t\t\t<div class=\"elementor-widget-container\">\n\t\t\t\t\t\n\t\t<div class=\"wd-accordion wd-style-default wd-titles-left wd-opener-pos-left wd-opener-style-arrow\" data-state=\"first\">\n\t\t\t\t\t\t\t\n\t\t\t\t<div class=\"wd-accordion-item\">\n\t\t\t\t\t<div class=\"wd-accordion-title wd-active\" data-accordion-index=\"0\">\n\t\t\t\t\t\t<div class=\"wd-accordion-title-text color-scheme-dark\">\n\t\t\t\t\t\t\t\t\t\t\t\t\t\t<span>\n\t\t\t\t\t\t\t\t\u00dcr\u00fcnlerinizin kalitesini nas\u0131l garanti ediyorsunuz? \t\t\t\t\t\t\t<\/span>\n\t\t\t\t\t\t<\/div>\n\t\t\t\t\t\t<span class=\"wd-accordion-opener\"><\/span>\n\t\t\t\t\t<\/div>\n\n\t\t\t\t\t<div class=\"wd-accordion-content wd-entry-content wd-active\" data-accordion-index=\"0\">\n\t\t\t\t\t\t\t\t\t\t\t\t\t\n\t\t\t\t\t\t\t<p>C: Al\u00fcminyum Esasl\u0131 Silisyum Karb\u00fcr Fren Disklerimizin \u00fcretimi kesinlikle ISO 9001 ve IATF 16949 standartlar\u0131na uygundur ve s\u0131k\u0131 bir \u00fcr\u00fcn inceleme prosed\u00fcr\u00fcm\u00fcz vard\u0131r.<br \/>B: Di\u011fer otomobil par\u00e7alar\u0131 i\u00e7in, yaln\u0131zca se\u00e7kin \u00fcreticilerle i\u015fbirli\u011fi yap\u0131yoruz. Satt\u0131\u011f\u0131m\u0131z ana markalar CADIC \uff0c NPL, TORCH, STONEMOTOR, ABORN \uff0c HUANZHONG \uff0c vb. Sevkiyattan \u00f6nce \u00fcr\u00fcnleri kesinlikle inceliyoruz.<\/p>\n\t\t\t\t\t\t\t\t\t\t\t\t\t\t\t\t\t\t<\/div>\n\t\t\t\t<\/div>\n\t\t\t\t\t<\/div>\n\t\t\t\t\t\t<\/div>\n\t\t\t\t<\/div>\n\t\t\t\t<div class=\"elementor-element elementor-element-7fa07ad elementor-widget elementor-widget-wd_accordion\" data-id=\"7fa07ad\" data-element_type=\"widget\" data-widget_type=\"wd_accordion.default\">\n\t\t\t\t<div class=\"elementor-widget-container\">\n\t\t\t\t\t\n\t\t<div class=\"wd-accordion wd-style-default wd-titles-left wd-opener-pos-left wd-opener-style-arrow\" data-state=\"first\">\n\t\t\t\t\t\t\t\n\t\t\t\t<div class=\"wd-accordion-item\">\n\t\t\t\t\t<div class=\"wd-accordion-title wd-active\" data-accordion-index=\"0\">\n\t\t\t\t\t\t<div class=\"wd-accordion-title-text color-scheme-dark\">\n\t\t\t\t\t\t\t\t\t\t\t\t\t\t<span>\n\t\t\t\t\t\t\t\t\u00dcr\u00fcn garanti ve sat\u0131\u015f sonras\u0131 politikalar\u0131n\u0131z nelerdir?\t\t\t\t\t\t\t<\/span>\n\t\t\t\t\t\t<\/div>\n\t\t\t\t\t\t<span class=\"wd-accordion-opener\"><\/span>\n\t\t\t\t\t<\/div>\n\n\t\t\t\t\t<div class=\"wd-accordion-content wd-entry-content wd-active\" data-accordion-index=\"0\">\n\t\t\t\t\t\t\t\t\t\t\t\t\t\n\t\t\t\t\t\t\t<p>T\u00fcm \u00fcr\u00fcnlerimiz 1 y\u0131l garantilidir. Sorun \u00fcr\u00fcn kalitesinden kaynaklan\u0131yorsa, size ya \u00fccretsiz bir yedek g\u00f6nderece\u011fiz ya da tazminat teklif edece\u011fiz.<\/p>\n\t\t\t\t\t\t\t\t\t\t\t\t\t\t\t\t\t\t<\/div>\n\t\t\t\t<\/div>\n\t\t\t\t\t<\/div>\n\t\t\t\t\t\t<\/div>\n\t\t\t\t<\/div>\n\t\t\t\t<div class=\"elementor-element elementor-element-58be50d elementor-widget elementor-widget-wd_accordion\" data-id=\"58be50d\" data-element_type=\"widget\" data-widget_type=\"wd_accordion.default\">\n\t\t\t\t<div class=\"elementor-widget-container\">\n\t\t\t\t\t\n\t\t<div class=\"wd-accordion wd-style-default wd-titles-left wd-opener-pos-left wd-opener-style-arrow\" data-state=\"first\">\n\t\t\t\t\t\t\t\n\t\t\t\t<div class=\"wd-accordion-item\">\n\t\t\t\t\t<div class=\"wd-accordion-title wd-active\" data-accordion-index=\"0\">\n\t\t\t\t\t\t<div class=\"wd-accordion-title-text color-scheme-dark\">\n\t\t\t\t\t\t\t\t\t\t\t\t\t\t<span>\n\t\t\t\t\t\t\t\t\u0130\u015fimizi nas\u0131l uzun vadeli ve iyi bir ili\u015fki haline getirirsiniz?\t\t\t\t\t\t\t<\/span>\n\t\t\t\t\t\t<\/div>\n\t\t\t\t\t\t<span class=\"wd-accordion-opener\"><\/span>\n\t\t\t\t\t<\/div>\n\n\t\t\t\t\t<div class=\"wd-accordion-content wd-entry-content wd-active\" data-accordion-index=\"0\">\n\t\t\t\t\t\t\t\t\t\t\t\t\t\n\t\t\t\t\t\t\t<p>C: M\u00fc\u015fterilerimizin yararlanmas\u0131n\u0131 sa\u011flamak i\u00e7in kaliteli ve en rekabet\u00e7i fiyat\u0131 koruyoruz.<br \/>B\uff1aHer m\u00fc\u015fterimize dostumuz olarak sayg\u0131 duyar\u0131z ve i\u00e7tenlikle i\u015f yapar\u0131z<br \/>Her m\u00fc\u015fteriyle.<\/p>\n\t\t\t\t\t\t\t\t\t\t\t\t\t\t\t\t\t\t<\/div>\n\t\t\t\t<\/div>\n\t\t\t\t\t<\/div>\n\t\t\t\t\t\t<\/div>\n\t\t\t\t<\/div>\n\t\t\t\t\t<\/div>\n\t\t\t\t<\/div>\n\t\t\t\t<\/div>","protected":false},"excerpt":{"rendered":"<p>FAQ What kinds of auto parts do you mainly deal in? We research, develop and manufacture Aluminum Based Silicon Carbide<\/p>","protected":false},"author":1,"featured_media":0,"parent":0,"menu_order":0,"comment_status":"closed","ping_status":"closed","template":"","meta":{"footnotes":""},"class_list":["post-283","page","type-page","status-publish","hentry"],"_links":{"self":[{"href":"https:\/\/carbitautoparts.com\/tr\/wp-json\/wp\/v2\/pages\/283","targetHints":{"allow":["GET"]}}],"collection":[{"href":"https:\/\/carbitautoparts.com\/tr\/wp-json\/wp\/v2\/pages"}],"about":[{"href":"https:\/\/carbitautoparts.com\/tr\/wp-json\/wp\/v2\/types\/page"}],"author":[{"embeddable":true,"href":"https:\/\/carbitautoparts.com\/tr\/wp-json\/wp\/v2\/users\/1"}],"replies":[{"embeddable":true,"href":"https:\/\/carbitautoparts.com\/tr\/wp-json\/wp\/v2\/comments?post=283"}],"version-history":[{"count":7,"href":"https:\/\/carbitautoparts.com\/tr\/wp-json\/wp\/v2\/pages\/283\/revisions"}],"predecessor-version":[{"id":1665,"href":"https:\/\/carbitautoparts.com\/tr\/wp-json\/wp\/v2\/pages\/283\/revisions\/1665"}],"wp:attachment":[{"href":"https:\/\/carbitautoparts.com\/tr\/wp-json\/wp\/v2\/media?parent=283"}],"curies":[{"name":"wp","href":"https:\/\/api.w.org\/{rel}","templated":true}]}}