{"id":1045,"date":"2025-02-28T12:17:25","date_gmt":"2025-02-28T04:17:25","guid":{"rendered":"https:\/\/carbitautoparts.com\/?post_type=product&#038;p=1045"},"modified":"2025-03-07T18:17:31","modified_gmt":"2025-03-07T10:17:31","slug":"car-wiper-blades-quietness","status":"publish","type":"product","link":"https:\/\/carbitautoparts.com\/tr\/product\/araba-silecek-lastikleri-sessizligi\/","title":{"rendered":"Araba Silecek Lastikleri Sessizli\u011fi"},"content":{"rendered":"<p><span style=\"font-family: verdana, geneva, sans-serif;\"><span style=\"font-size: 14pt;\"><strong>Y\u00fcksek Performansl\u0131 A\u015f\u0131nmaya Dayan\u0131kl\u0131, Sessiz \u00d6n Cam Silecek Lastikleri<\/strong><\/span><br \/>\n<strong><br \/>\nT\u00fcm Hava Ko\u015fullar\u0131nda Netlik ve Dayan\u0131kl\u0131l\u0131k i\u00e7in Hassas Tasar\u0131m<\/strong><\/span><\/p>\n<hr \/>\n<ul>\n<li><span style=\"font-family: verdana, geneva, sans-serif;\"><strong>Geli\u015fmi\u015f D\u00f6rt Mevsim Tasar\u0131m\u0131<\/strong><\/span><\/li>\n<\/ul>\n<p><span style=\"font-family: verdana, geneva, sans-serif;\">\u00a0 \u00a0 \u00a0 -A\u015f\u0131r\u0131 s\u0131cakl\u0131klar (-30\u00b0C ila 80\u00b0C) i\u00e7in optimize edilmi\u015f y\u00fcksek kaliteli do\u011fal kau\u00e7uk \u015feritler.<br \/>\n<\/span><span style=\"font-family: verdana, geneva, sans-serif;\">\u00a0 \u00a0 \u00a0 -SK6 Silece\u011fin cam y\u00fczeyine daha iyi oturmas\u0131n\u0131 sa\u011flamak i\u00e7in y\u00fcksek karbonlu \u00e7elik haf\u0131zal\u0131 b\u0131\u00e7aklar kullan\u0131l\u0131r.<\/span><\/p>\n<p>&nbsp;<\/p>\n<ul>\n<li><span style=\"font-family: verdana, geneva, sans-serif;\"><strong>F\u0131s\u0131lt\u0131 Sessizli\u011finde \u00c7al\u0131\u015fma<\/strong><\/span><\/li>\n<\/ul>\n<p><span style=\"font-family: verdana, geneva, sans-serif;\">\u00a0 \u00a0 \u00a0 \u00a0Kau\u00e7uk levha, cama zarar vermeden do\u011fal kau\u00e7u\u011fun a\u015f\u0131nma direncini koruyan, g\u00fcvenli ve verimli nano grafit kaplama i\u015flemini benimser. Daha p\u00fcr\u00fczs\u00fcz ve daha sessiz kaz\u0131ma.<\/span><\/p>\n<p>&nbsp;<\/p>\n<ul>\n<li><span style=\"font-family: verdana, geneva, sans-serif;\"><span style=\"font-family: verdana, geneva, sans-serif;\"><strong>Evrensel Uyumluluk<\/strong><\/span><\/span><span style=\"font-family: verdana, geneva, sans-serif;\">-98% ara\u00e7lar (sedanlar, SUV'lar, kamyonlar) i\u00e7in do\u011frudan OEM de\u011fi\u015fimi.<br \/>\n<\/span><span style=\"font-family: verdana, geneva, sans-serif;\">-Markalar ile uyumludur: Toyota, Honda, Hydai, Ford, VW, BMW, Mercedes-Benz ve daha fazlas\u0131.<\/span><\/li>\n<li><span style=\"font-family: verdana, geneva, sans-serif;\"><span style=\"font-family: verdana, geneva, sans-serif;\"><strong>H\u0131zl\u0131 ve Kolay Kurulum<\/strong><\/span><\/span><span style=\"font-family: verdana, geneva, sans-serif;\">-Aletsiz, 30 saniyelik klips sistemi.<br \/>\n<\/span><span style=\"font-family: verdana, geneva, sans-serif;\">-J-kanca i\u00e7in evrensel adapt\u00f6rler i\u00e7erir.<\/span><\/li>\n<\/ul>\n<p>&nbsp;<\/p>\n<p><span style=\"font-family: verdana, geneva, sans-serif;\">\u00a0<\/span><\/p>\n<p>&nbsp;<\/p>\n<p>&nbsp;<\/p>","protected":false},"excerpt":{"rendered":"<p><span style=\"font-family: verdana, geneva, sans-serif;\"><strong>\u00dcr\u00fcn Ad\u0131\uff1a<\/strong>Araba Silecek Lastikleri<\/span><br \/>\n<span style=\"font-family: verdana, geneva, sans-serif;\"><strong>Garanti\uff1a<\/strong>1 y\u0131l<\/span><br \/>\n<span style=\"font-family: verdana, geneva, sans-serif;\"><strong>Durum\uff1a<\/strong>Yeni<\/span><br \/>\n<strong style=\"font-family: verdana, geneva, sans-serif;\">Malzeme:<\/strong><span style=\"font-family: verdana, geneva, sans-serif;\"> Y\u00fcksek kaliteli Do\u011fal Kau\u00e7uk<\/span><strong style=\"font-family: verdana, geneva, sans-serif;\">Boyutlar:<\/strong><span style=\"font-family: verdana, geneva, sans-serif;\"> 14\u2033 ila 28\u2033 aras\u0131.<br \/>\n<\/span><strong style=\"font-family: verdana, geneva, sans-serif;\">Ya\u015fam s\u00fcresi:<\/strong><span style=\"font-family: verdana, geneva, sans-serif;\"> Normal ko\u015fullar alt\u0131nda 12+ ay (veya 150.000 mendil).<br \/>\n<strong>Kalite:<\/strong>\u00a0100% Test Edildi<br \/>\n<strong>Teslimat S\u00fcresi:<\/strong>\u00a03-7 G\u00fcn<br \/>\n<\/span><\/p>\n<p>&nbsp;<\/p>","protected":false},"featured_media":1046,"comment_status":"closed","ping_status":"closed","template":"","meta":[],"product_cat":[25],"product_tag":[29,26,28,27,33,31,30,32],"class_list":{"0":"post-1045","1":"product","2":"type-product","3":"status-publish","4":"has-post-thumbnail","6":"product_cat-others-autoparts","7":"product_tag-all","8":"product_tag-all-season-car-wiper-blades-extreme-temperature-resistant-40c-to-60c","9":"product_tag-all-season-car-wiper-blade","10":"product_tag-allseasoncarwiperblades","11":"product_tag-blades","12":"product_tag-car","13":"product_tag-season","14":"product_tag-wiper","16":"first","17":"instock","18":"shipping-taxable","19":"product-type-simple"},"_links":{"self":[{"href":"https:\/\/carbitautoparts.com\/tr\/wp-json\/wp\/v2\/product\/1045","targetHints":{"allow":["GET"]}}],"collection":[{"href":"https:\/\/carbitautoparts.com\/tr\/wp-json\/wp\/v2\/product"}],"about":[{"href":"https:\/\/carbitautoparts.com\/tr\/wp-json\/wp\/v2\/types\/product"}],"replies":[{"embeddable":true,"href":"https:\/\/carbitautoparts.com\/tr\/wp-json\/wp\/v2\/comments?post=1045"}],"wp:featuredmedia":[{"embeddable":true,"href":"https:\/\/carbitautoparts.com\/tr\/wp-json\/wp\/v2\/media\/1046"}],"wp:attachment":[{"href":"https:\/\/carbitautoparts.com\/tr\/wp-json\/wp\/v2\/media?parent=1045"}],"wp:term":[{"taxonomy":"product_cat","embeddable":true,"href":"https:\/\/carbitautoparts.com\/tr\/wp-json\/wp\/v2\/product_cat?post=1045"},{"taxonomy":"product_tag","embeddable":true,"href":"https:\/\/carbitautoparts.com\/tr\/wp-json\/wp\/v2\/product_tag?post=1045"}],"curies":[{"name":"wp","href":"https:\/\/api.w.org\/{rel}","templated":true}]}}