{"id":1673,"date":"2025-03-13T11:54:10","date_gmt":"2025-03-13T03:54:10","guid":{"rendered":"https:\/\/carbitautoparts.com\/?post_type=product&#038;p=1673"},"modified":"2025-05-06T15:37:39","modified_gmt":"2025-05-06T07:37:39","slug":"nissan-x-trail-ac-compressor-92600-au010","status":"publish","type":"product","link":"https:\/\/carbitautoparts.com\/tr\/product\/nissan-x-trail-ac-kompresoru-92600-au010\/","title":{"rendered":"Nissan X-Trail i\u00e7in Klima Kompres\u00f6r\u00fc | OEM 92600-AU010"},"content":{"rendered":"<p><span style=\"font-family: verdana, geneva, sans-serif; color: #474545;\"><span style=\"font-size: 14pt;\"><strong><b>Nissan X-Trail Modelleri i\u00e7in Y\u00fcksek Performansl\u0131 So\u011futma \u00c7\u00f6z\u00fcm\u00fc<br \/>\n<\/b><\/strong><\/span><strong><b><br \/>\n<\/b><\/strong>\u00dcst\u00fcn OEM s\u0131n\u0131f\u0131 klima kompres\u00f6r\u00fcm\u00fczle Nissan X-Trail'inizin klima sistemini en y\u00fcksek performansa geri getirin. Do\u011frudan yedek olarak tasarlanan bu kompres\u00f6r, \u00e7e\u015fitli X-Trail nesilleri i\u00e7in g\u00fcvenilir so\u011futma verimlili\u011fi ve dayan\u0131kl\u0131l\u0131k sa\u011flar.<\/span><\/p>\n<hr \/>\n<ul>\n<li><span style=\"font-family: verdana, geneva, sans-serif; color: #5e5c5c;\"><span style=\"font-family: verdana, geneva, sans-serif;\"><strong><b>Zorlu Ko\u015fullar i\u00e7in Optimize Edildi<\/b><\/strong><strong><b><br \/>\n<\/b><\/strong>-R134a so\u011futucu ak\u0131\u015fkan uyumlu (PAG46 ya\u011f\u0131 ile \u00f6nceden \u015farj edilmi\u015f).<br \/>\n-Nemli ve y\u00fcksek s\u0131cakl\u0131kl\u0131 ortamlar i\u00e7in korozyona dayan\u0131kl\u0131 al\u00fcminyum g\u00f6vde.<\/span><\/span>&nbsp;<\/li>\n<li><span style=\"font-family: verdana, geneva, sans-serif; color: #5e5c5c;\"><span style=\"font-family: verdana, geneva, sans-serif;\"><strong><b>Dayan\u0131kl\u0131 Yap\u0131<\/b><\/strong><strong><b><br \/>\n<\/b><\/strong><strong><b>&#8211;<\/b><\/strong>Daha az a\u015f\u0131nma ve y\u0131pranma i\u00e7in hassas m\u00fchendislik \u00fcr\u00fcn\u00fc i\u00e7 par\u00e7alar.<br \/>\n-S\u0131z\u0131nt\u0131s\u0131z \u00e7al\u0131\u015fma i\u00e7in \u00e7ift dudakl\u0131 salmastra.<br \/>\n-ISO 9001 sertifikal\u0131 \u00fcretim.<\/span><\/span>&nbsp;<\/li>\n<li><span style=\"font-family: verdana, geneva, sans-serif; color: #5e5c5c;\"><span style=\"font-family: verdana, geneva, sans-serif;\"><strong><b>Kolay Kurulum<\/b><\/strong><strong><b><br \/>\n<\/b><\/strong>-Do\u011frudan c\u0131vatal\u0131 de\u011fi\u015ftirme (modifikasyon gerektirmez).<br \/>\n-\u00d6nceden ayarlanm\u0131\u015f debriyaj bo\u015flu\u011fu (0,5 mm \u00b1 0,1 mm tolerans).<br \/>\n-Montaj braketleri ve hizalama pimleri dahildir.<\/span><\/span>&nbsp;<\/li>\n<li><span style=\"font-family: verdana, geneva, sans-serif; color: #5e5c5c;\"><strong><b>Neden Kompres\u00f6rlerimizi Se\u00e7melisiniz?<br \/>\n<\/b><\/strong>\u00a0S\u0131k\u0131 kalite kontrol: 72 saatlik performans testi.<\/span><br \/>\n<span style=\"font-family: verdana, geneva, sans-serif; color: #5e5c5c;\">\u00a0100% helyum alg\u0131lama ile s\u0131z\u0131nt\u0131 kontroll\u00fc.<br \/>\n1 Y\u0131l Garanti.<\/span><\/li>\n<\/ul>","protected":false},"excerpt":{"rendered":"<p><span style=\"font-family: verdana, geneva, sans-serif; color: #4d4b4b;\"><strong>\u00dcr\u00fcn Ad\u0131\uff1a<\/strong>Otomatik Klima Kompres\u00f6r\u00fc<\/span><br \/>\n<span style=\"font-family: verdana, geneva, sans-serif; color: #4d4b4b;\"><strong>Garanti\uff1a<\/strong>1 y\u0131l<\/span><br \/>\n<span style=\"font-family: verdana, geneva, sans-serif; color: #4d4b4b;\"><strong>Durum\uff1a<\/strong>Yeni<\/span><br \/>\n<span style=\"font-family: verdana, geneva, sans-serif; color: #4d4b4b;\"><strong>Araba Modeli\uff1a<\/strong>Nissan X-Trail<\/span><br \/>\n<span style=\"font-family: verdana, geneva, sans-serif; color: #4d4b4b;\"><strong>Voltaj:\u00a0<\/strong>12V<\/span><br \/>\n<span style=\"font-family: verdana, geneva, sans-serif; color: #4d4b4b;\"><strong>So\u011futucu ak\u0131\u015fkan\uff1a<\/strong>R134a<\/span><br \/>\n<span style=\"color: #4d4b4b;\"><span style=\"font-family: verdana, geneva, sans-serif;\"><strong>OEM: <\/strong>92600-AU010 92600-AU000<br \/>\n92600-AU01B 92600-AU01A<br \/>\n92600-ET82A 92600-JG30B<br \/>\n92600-JG30A 4472501490<strong><b><br \/>\n<\/b><\/strong><\/span><strong style=\"font-family: verdana, geneva, sans-serif;\">Kalite: <\/strong><span style=\"font-family: verdana, geneva, sans-serif;\">100% Test Edildi<br \/>\n<\/span><span style=\"font-family: verdana, geneva, sans-serif;\"><strong>Teslimat S\u00fcresi:\u00a0<\/strong>3-7 G\u00fcn<\/span><\/span><\/p>","protected":false},"featured_media":1674,"comment_status":"closed","ping_status":"closed","template":"","meta":[],"product_cat":[19],"product_tag":[44,45,42,40,41,47,43,46],"class_list":{"0":"post-1673","1":"product","2":"type-product","3":"status-publish","4":"has-post-thumbnail","6":"product_cat-electric-almotor-parts","7":"product_tag-ac","8":"product_tag-compressor","9":"product_tag-nissan","10":"product_tag-nissan-x-trail-ac-compressor","11":"product_tag-nissanx-trailaccompressor","12":"product_tag-nissanxtrailaccompressor","13":"product_tag-x-trail","14":"product_tag-xtrail","16":"first","17":"instock","18":"featured","19":"shipping-taxable","20":"product-type-simple"},"_links":{"self":[{"href":"https:\/\/carbitautoparts.com\/tr\/wp-json\/wp\/v2\/product\/1673","targetHints":{"allow":["GET"]}}],"collection":[{"href":"https:\/\/carbitautoparts.com\/tr\/wp-json\/wp\/v2\/product"}],"about":[{"href":"https:\/\/carbitautoparts.com\/tr\/wp-json\/wp\/v2\/types\/product"}],"replies":[{"embeddable":true,"href":"https:\/\/carbitautoparts.com\/tr\/wp-json\/wp\/v2\/comments?post=1673"}],"wp:featuredmedia":[{"embeddable":true,"href":"https:\/\/carbitautoparts.com\/tr\/wp-json\/wp\/v2\/media\/1674"}],"wp:attachment":[{"href":"https:\/\/carbitautoparts.com\/tr\/wp-json\/wp\/v2\/media?parent=1673"}],"wp:term":[{"taxonomy":"product_cat","embeddable":true,"href":"https:\/\/carbitautoparts.com\/tr\/wp-json\/wp\/v2\/product_cat?post=1673"},{"taxonomy":"product_tag","embeddable":true,"href":"https:\/\/carbitautoparts.com\/tr\/wp-json\/wp\/v2\/product_tag?post=1673"}],"curies":[{"name":"wp","href":"https:\/\/api.w.org\/{rel}","templated":true}]}}