{"id":1763,"date":"2025-04-29T11:50:14","date_gmt":"2025-04-29T03:50:14","guid":{"rendered":"https:\/\/carbitautoparts.com\/?post_type=product&#038;p=1763"},"modified":"2025-04-29T11:50:14","modified_gmt":"2025-04-29T03:50:14","slug":"ball-joint-toyota-land-cruiser-4-runner-oem-43310-39016","status":"publish","type":"product","link":"https:\/\/carbitautoparts.com\/tr\/product\/bilyali-mafsal-toyota-land-cruiser-4-runner-oem-43310-39016\/","title":{"rendered":"Toyota Land Cruiser 4 Runner-OEM 43310-39016 i\u00e7in Rotil"},"content":{"rendered":"<p class=\"ds-markdown-paragraph\"><span style=\"font-family: verdana, geneva, sans-serif; color: #545050;\"><strong>Toyota Land Cruiser &amp; 4Runner i\u00e7in Premium OEM Rotil - 43310-39016<\/strong><\/span><\/p>\n<p class=\"ds-markdown-paragraph\"><span style=\"font-family: verdana, geneva, sans-serif; color: #545050;\">Optimum direksiyon hassasiyeti ve s\u00fcspansiyon performans\u0131n\u0131 sa\u011flamak i\u00e7in\u00a0<strong>OEM 43310-39016 Rotil<\/strong>Toyota Land Cruiser ve 4Runner modelleri i\u00e7in \u00f6zel olarak tasarlanm\u0131\u015ft\u0131r. Bu orijinal OEM yedek par\u00e7a, arac\u0131n\u0131z\u0131n \u00f6n s\u00fcspansiyon sistemine m\u00fckemmel uyum, dayan\u0131kl\u0131l\u0131k ve sorunsuz entegrasyonu garanti eder.<\/span><\/p>\n<hr \/>\n<p class=\"ds-markdown-paragraph\"><span style=\"font-family: verdana, geneva, sans-serif; color: #545050;\"><strong>Temel \u00d6zellikler:<br \/>\n<\/strong><\/span><br \/>\n<span style=\"font-family: verdana, geneva, sans-serif; color: #545050;\">\u2705\u00a0<strong>Tam OEM Spesifikasyonu:<\/strong>\u00a0Toyota par\u00e7as\u0131 #43310-39016'n\u0131n do\u011frudan yerine ge\u00e7erek fabrika d\u00fczeyinde kalite, boyutlar ve performans sa\u011flar.<br \/>\n<\/span><br \/>\n<span style=\"font-family: verdana, geneva, sans-serif; color: #545050;\">\u2705\u00a0<strong>Sa\u011flam Yap\u0131:<\/strong>\u00a0Zorlu arazi ko\u015fullar\u0131nda bile uzun kullan\u0131m \u00f6mr\u00fc i\u00e7in geli\u015fmi\u015f korozyona dayan\u0131kl\u0131 kaplamaya sahip y\u00fcksek mukavemetli \u00e7elikten \u00fcretilmi\u015ftir.<br \/>\n<\/span><br \/>\n<span style=\"font-family: verdana, geneva, sans-serif; color: #545050;\">\u2705\u00a0<strong>Geli\u015ftirilmi\u015f G\u00fcvenlik ve Stabilite:<\/strong>\u00a0Hassas tekerlek hizalamas\u0131n\u0131 geri kazand\u0131r\u0131r, lastik a\u015f\u0131nmas\u0131n\u0131 azalt\u0131r ve daha g\u00fcvenli s\u00fcr\u00fc\u015f i\u00e7in duyarl\u0131 direksiyon kontrol\u00fcn\u00fc korur.<br \/>\n<\/span><br \/>\n<span style=\"font-family: verdana, geneva, sans-serif; color: #545050;\">\u2705\u00a0<strong>Ara\u00e7 Uyumlulu\u011fu:<\/strong>\u00a0Toyota Land Cruiser (1998-2007) ve 4Runner (2003-2009) i\u00e7in tasarlanm\u0131\u015ft\u0131r. OEM numaras\u0131n\u0131 kullanarak tam model uyumlulu\u011funu do\u011frulay\u0131n.<br \/>\n<\/span><br \/>\n<span style=\"font-family: verdana, geneva, sans-serif; color: #545050;\">\u2705\u00a0<strong>Kolay Kurulum:<\/strong>\u00a0Orijinal bile\u015fenlere uyacak \u015fekilde hassas bir \u015fekilde tasarlanm\u0131\u015f olup onar\u0131mlar s\u0131ras\u0131nda ar\u0131za s\u00fcresini en aza indirir.<\/span><\/p>\n<p>&nbsp;<\/p>","protected":false},"excerpt":{"rendered":"<p><span style=\"font-family: verdana, geneva, sans-serif; color: #4f4d4d;\"><strong>\u00dcr\u00fcn Ad\u0131\uff1a<\/strong><\/span><span style=\"font-family: verdana, geneva, sans-serif;\">\u00d6n \u00dcst Rotil<br \/>\n<\/span><span style=\"font-family: verdana, geneva, sans-serif; color: #4f4d4d;\"><strong>Garanti\uff1a<\/strong>1 y\u0131l<\/span><br \/>\n<span style=\"font-family: verdana, geneva, sans-serif; color: #4f4d4d;\"><strong>Durum\uff1a<\/strong>Yeni<\/span><br \/>\n<span style=\"font-family: verdana, geneva, sans-serif; color: #4f4d4d;\"><strong>Araba Modeli\uff1a<\/strong><span style=\"font-family: verdana, geneva, sans-serif; color: #545050;\">Toyota Land Cruiser (1998-2007) ve 4Runner (2003-2009)<\/span><\/span><br \/>\n<span style=\"font-family: verdana, geneva, sans-serif; color: #4f4d4d;\"><strong>OEM NO .:<\/strong>43310-39016<\/span><br \/>\n<span style=\"font-family: verdana, geneva, sans-serif; color: #4f4d4d;\"><strong>Kalite:<\/strong>\u00a0100% Test Edildi<\/span><br \/>\n<span style=\"font-family: verdana, geneva, sans-serif; color: #4f4d4d;\"><strong>Teslimat S\u00fcresi:<\/strong>\u00a07-10 G\u00fcn<\/span><\/p>","protected":false},"featured_media":1759,"comment_status":"closed","ping_status":"closed","template":"","meta":[],"product_cat":[50],"product_tag":[],"class_list":{"0":"post-1763","1":"product","2":"type-product","3":"status-publish","4":"has-post-thumbnail","6":"product_cat-chassis-parts","8":"first","9":"instock","10":"shipping-taxable","11":"product-type-simple"},"_links":{"self":[{"href":"https:\/\/carbitautoparts.com\/tr\/wp-json\/wp\/v2\/product\/1763","targetHints":{"allow":["GET"]}}],"collection":[{"href":"https:\/\/carbitautoparts.com\/tr\/wp-json\/wp\/v2\/product"}],"about":[{"href":"https:\/\/carbitautoparts.com\/tr\/wp-json\/wp\/v2\/types\/product"}],"replies":[{"embeddable":true,"href":"https:\/\/carbitautoparts.com\/tr\/wp-json\/wp\/v2\/comments?post=1763"}],"wp:featuredmedia":[{"embeddable":true,"href":"https:\/\/carbitautoparts.com\/tr\/wp-json\/wp\/v2\/media\/1759"}],"wp:attachment":[{"href":"https:\/\/carbitautoparts.com\/tr\/wp-json\/wp\/v2\/media?parent=1763"}],"wp:term":[{"taxonomy":"product_cat","embeddable":true,"href":"https:\/\/carbitautoparts.com\/tr\/wp-json\/wp\/v2\/product_cat?post=1763"},{"taxonomy":"product_tag","embeddable":true,"href":"https:\/\/carbitautoparts.com\/tr\/wp-json\/wp\/v2\/product_tag?post=1763"}],"curies":[{"name":"wp","href":"https:\/\/api.w.org\/{rel}","templated":true}]}}