{"id":1800,"date":"2025-05-06T10:27:38","date_gmt":"2025-05-06T02:27:38","guid":{"rendered":"https:\/\/carbitautoparts.com\/?post_type=product&#038;p=1800"},"modified":"2025-05-06T15:33:35","modified_gmt":"2025-05-06T07:33:35","slug":"transmission-mount-honda-crv-oem-50805s9a983","status":"publish","type":"product","link":"https:\/\/carbitautoparts.com\/tr\/product\/sanziman-montaj-parcasi-honda-crv-oem-50805s9a983\/","title":{"rendered":"HONDA CR-V-OEM 50805S9A983 i\u00e7in \u015eanz\u0131man Takozu"},"content":{"rendered":"<p class=\"ds-markdown-paragraph\"><span style=\"font-family: verdana, geneva, sans-serif; color: #4d4949;\"><strong>HONDA CR-V | OEM 50805S9A983 i\u00e7in Premium \u015eanz\u0131man Takozu De\u011fi\u015ftirme<\/strong><\/span><\/p>\n<p class=\"ds-markdown-paragraph\"><span style=\"font-family: verdana, geneva, sans-serif; color: #4d4949;\">Daha yumu\u015fak, daha sessiz ve daha dengeli bir s\u00fcr\u00fc\u015f deneyimi i\u00e7in\u00a0<strong>y\u00fcksek kaliteli \u015eanz\u0131man Montaj\u0131<\/strong>HONDA CR-V modelleri i\u00e7in \u00f6zel olarak tasarlanm\u0131\u015ft\u0131r. OEM spesifikasyonlar\u0131n\u0131 (OEM: 50805S9A983) kar\u015f\u0131layacak veya a\u015facak \u015fekilde tasarlanan bu hassas \u00fcretim par\u00e7a, e\u015fsiz dayan\u0131kl\u0131l\u0131k ve performans sunarak arac\u0131n\u0131z\u0131n aktarma organ\u0131 b\u00fct\u00fcnl\u00fc\u011f\u00fcn\u00fc geri kazanmak i\u00e7in ideal se\u00e7imdir.<\/span><\/p>\n<hr \/>\n<p class=\"ds-markdown-paragraph\">\n<span style=\"font-family: verdana, geneva, sans-serif; color: #4d4949;\">\u2705\u00a0<strong>Do\u011frudan OEM De\u011fi\u015ftirme<\/strong>: HONDA CR-V \u015fanz\u0131man takozlar\u0131n\u0131n (OEM 50805S9A983) fabrika tasar\u0131m\u0131na ve boyutlar\u0131na m\u00fckemmel uyum sa\u011flayarak sorunsuz uyumluluk ve sorunsuz kurulum sa\u011flar.<br \/>\n<\/span><br \/>\n<span style=\"font-family: verdana, geneva, sans-serif; color: #4d4949;\">\u2705\u00a0<strong>Geli\u015ftirilmi\u015f Titre\u015fim S\u00f6n\u00fcmleme<\/strong>: \u015eoklar\u0131 emmek, g\u00fcr\u00fclt\u00fcy\u00fc azaltmak ve daha sessiz bir kabin i\u00e7in aktarma organ\u0131 titre\u015fimlerini en aza indirmek i\u00e7in birinci s\u0131n\u0131f kau\u00e7uk bile\u015fiklerle \u00fcretilmi\u015ftir.<br \/>\n<\/span><br \/>\n<span style=\"font-family: verdana, geneva, sans-serif; color: #4d4949;\">\u2705\u00a0<strong>Uzun \u00d6m\u00fcrl\u00fc Dayan\u0131kl\u0131l\u0131k<\/strong>: G\u00fc\u00e7lendirilmi\u015f yap\u0131 a\u015f\u0131r\u0131 gerilime, \u0131s\u0131ya ve a\u015f\u0131nmaya kar\u015f\u0131 dayan\u0131kl\u0131d\u0131r, \u015fanz\u0131man\u0131n\u0131z i\u00e7in g\u00fcvenilir destek sa\u011flar ve bile\u015fen \u00f6mr\u00fcn\u00fc uzat\u0131r.<br \/>\n<\/span><br \/>\n<span style=\"font-family: verdana, geneva, sans-serif; color: #4d4949;\">\u2705\u00a0<strong>Optimize Edilmi\u015f S\u00fcr\u00fc\u015f Performans\u0131<\/strong>: \u015eanz\u0131man sistemini stabilize ederek vites de\u011fi\u015ftirme yumu\u015fakl\u0131\u011f\u0131n\u0131 ve genel ara\u00e7 tepkisini iyile\u015ftirir.<br \/>\n<\/span><br \/>\n<span style=\"font-family: verdana, geneva, sans-serif; color: #4d4949;\">\u2705\u00a0<strong>Titiz Kalite Testleri<\/strong>: Her bir \u00fcnite, hassas montaj, g\u00fcvenlik ve HONDA m\u00fchendislik standartlar\u0131na uygunlu\u011fu garanti etmek i\u00e7in s\u0131k\u0131 kalite kontrollerinden ge\u00e7er.<\/span><\/p>\n<p class=\"ds-markdown-paragraph\"><span style=\"font-family: verdana, geneva, sans-serif; color: #4d4949;\"><strong>Neden \u015eanz\u0131man Ba\u011flant\u0131m\u0131z\u0131 Se\u00e7melisiniz?<\/strong><\/span><br \/>\n<span style=\"font-family: verdana, geneva, sans-serif; color: #4d4949;\">OEM g\u00fcvenilirli\u011fini sat\u0131\u015f sonras\u0131 yeniliklerle birle\u015ftiren bir par\u00e7a ile HONDA CR-V'nizin performans\u0131n\u0131 y\u00fckseltin. \u0130ster a\u015f\u0131r\u0131 motor hareketi, ister ola\u011fand\u0131\u015f\u0131 sesler veya erken a\u015f\u0131nma ile ilgileniyor olun, \u015fanz\u0131man yata\u011f\u0131m\u0131z arac\u0131n\u0131z\u0131n kritik bile\u015fenlerini korumak i\u00e7in uygun maliyetli bir \u00e7\u00f6z\u00fcm sunar.\u00a0<\/span><\/p>\n<hr \/>\n<p class=\"ds-markdown-paragraph\"><span style=\"font-family: verdana, geneva, sans-serif; color: #4d4949;\"><strong>Uyumluluk:<\/strong><\/span><br \/>\n<span style=\"font-family: verdana, geneva, sans-serif; color: #4d4949;\">-\u00a0<strong>Ara\u00e7<\/strong>: HONDA CR-V 2002-2004 i\u00e7in \u00f6zel olarak tasarlanm\u0131\u015ft\u0131r (Uyum i\u00e7in model y\u0131l\u0131n\u0131z\u0131 onaylay\u0131n).<\/span><br \/>\n<span style=\"font-family: verdana, geneva, sans-serif; color: #4d4949;\">-\u00a0<strong>OEM Referans\u0131<\/strong>: 50805S9A983 | 50805-S9A-983<\/span><\/p>","protected":false},"excerpt":{"rendered":"<p><span style=\"font-family: verdana, geneva, sans-serif; color: #524d4d;\"><strong>\u00dcr\u00fcn Ad\u0131\uff1a<\/strong>\u015eanz\u0131man Montaj\u0131<\/span><br \/>\n<span style=\"font-family: verdana, geneva, sans-serif; color: #524d4d;\"><strong>Garanti\uff1a<\/strong>1 y\u0131l<\/span><br \/>\n<span style=\"font-family: verdana, geneva, sans-serif; color: #524d4d;\"><strong>Durum\uff1a<\/strong>Yeni<\/span><br \/>\n<span style=\"font-family: verdana, geneva, sans-serif; color: #524d4d;\"><strong>Araba Modeli\uff1a<\/strong>Honda CR-V (2002-2004)<\/span><br \/>\n<span style=\"font-family: verdana, geneva, sans-serif; color: #524d4d;\"><strong>OEM NO .:<\/strong>50805S9A983<\/span><br \/>\n<span style=\"font-family: verdana, geneva, sans-serif; color: #524d4d;\"><strong>Kalite:<\/strong>\u00a0100% Test Edildi<\/span><br \/>\n<span style=\"font-family: verdana, geneva, sans-serif; color: #524d4d;\"><strong>Teslimat S\u00fcresi:<\/strong>\u00a07-10 G\u00fcn<\/span><\/p>","protected":false},"featured_media":1801,"comment_status":"closed","ping_status":"closed","template":"","meta":[],"product_cat":[50],"product_tag":[],"class_list":{"0":"post-1800","1":"product","2":"type-product","3":"status-publish","4":"has-post-thumbnail","6":"product_cat-chassis-parts","8":"first","9":"instock","10":"featured","11":"shipping-taxable","12":"product-type-simple"},"_links":{"self":[{"href":"https:\/\/carbitautoparts.com\/tr\/wp-json\/wp\/v2\/product\/1800","targetHints":{"allow":["GET"]}}],"collection":[{"href":"https:\/\/carbitautoparts.com\/tr\/wp-json\/wp\/v2\/product"}],"about":[{"href":"https:\/\/carbitautoparts.com\/tr\/wp-json\/wp\/v2\/types\/product"}],"replies":[{"embeddable":true,"href":"https:\/\/carbitautoparts.com\/tr\/wp-json\/wp\/v2\/comments?post=1800"}],"wp:featuredmedia":[{"embeddable":true,"href":"https:\/\/carbitautoparts.com\/tr\/wp-json\/wp\/v2\/media\/1801"}],"wp:attachment":[{"href":"https:\/\/carbitautoparts.com\/tr\/wp-json\/wp\/v2\/media?parent=1800"}],"wp:term":[{"taxonomy":"product_cat","embeddable":true,"href":"https:\/\/carbitautoparts.com\/tr\/wp-json\/wp\/v2\/product_cat?post=1800"},{"taxonomy":"product_tag","embeddable":true,"href":"https:\/\/carbitautoparts.com\/tr\/wp-json\/wp\/v2\/product_tag?post=1800"}],"curies":[{"name":"wp","href":"https:\/\/api.w.org\/{rel}","templated":true}]}}