{"id":1805,"date":"2025-05-06T15:30:52","date_gmt":"2025-05-06T07:30:52","guid":{"rendered":"https:\/\/carbitautoparts.com\/?post_type=product&#038;p=1805"},"modified":"2025-05-06T15:34:34","modified_gmt":"2025-05-06T07:34:34","slug":"engine-head-gasket-for-ford-focusfiestaecosport-oem-7s7g-6051-xb","status":"publish","type":"product","link":"https:\/\/carbitautoparts.com\/tr\/product\/ford-focusfiestaecosport-icin-motor-kafasi-contasi-oem-7s7g-6051-xb\/","title":{"rendered":"Ford Focus,Fiesta,Ecosport-OEM 7S7G-6051-XB i\u00e7in Motor Kafa Contas\u0131"},"content":{"rendered":"<p class=\"ds-markdown-paragraph\"><span style=\"font-family: verdana, geneva, sans-serif; color: #5e5757;\"><strong>Ford Focus, Fiesta, Ecosport i\u00e7in Premium Motor Kafa Contas\u0131 - OEM 7S7G-6051-XB<\/strong><\/span><\/p>\n<p class=\"ds-markdown-paragraph\"><span style=\"color: #5e5757;\"><span style=\"font-family: verdana, geneva, sans-serif;\">Ford motorunuzun uzun \u00f6m\u00fcrl\u00fc olmas\u0131n\u0131 ve en y\u00fcksek performans\u0131 g\u00f6stermesini sa\u011flamak i\u00e7in\u00a0<strong>y\u00fcksek kaliteli Motor Kafas\u0131 Contas\u0131<\/strong>OEM spesifikasyonlar\u0131n\u0131 (7S7G-6051-XB) kar\u015f\u0131lamak veya a\u015fmak i\u00e7in titizlikle \u00fcretilmi\u015ftir. Ford Focus, Fiesta ve Ecosport modelleri i\u00e7in tasarlanm\u0131\u015ft\u0131r.<\/span><\/span><\/p>\n<hr \/>\n<p class=\"ds-markdown-paragraph\"><span style=\"color: #5e5757;\"><span style=\"font-family: verdana, geneva, sans-serif;\"><br \/>\n<\/span><span style=\"font-family: verdana, geneva, sans-serif;\">\u2705 <strong>Tam OEM Uyumu:<\/strong> Ford par\u00e7as\u0131 7S7G-6051-XB ile do\u011frudan de\u011fi\u015ftirilerek Focus (2011-2015), Fiesta (2008-2015) ve Ecosport (2012-2014) motorlar\u0131yla sorunsuz uyumluluk sa\u011flar.<br \/>\n<\/span><\/span><br \/>\n<span style=\"font-family: verdana, geneva, sans-serif; color: #5e5757;\">\u2705\u00a0<strong>Geli\u015fmi\u015f \u00c7ok Katmanl\u0131 \u00c7elik (MLS) Tasar\u0131m\u0131:<\/strong>\u00a0G\u00fc\u00e7lendirilmi\u015f yap\u0131, a\u015f\u0131r\u0131 s\u0131cakl\u0131klara ve bas\u0131n\u00e7 dalgalanmalar\u0131na kar\u015f\u0131 diren\u00e7 g\u00f6stererek s\u0131z\u0131nt\u0131lar\u0131 ve kafa e\u011frilmesini \u00f6nler.<br \/>\n<\/span><br \/>\n<span style=\"font-family: verdana, geneva, sans-serif; color: #5e5757;\">\u2705\u00a0<strong>Hassas S\u0131zd\u0131rmazl\u0131k Teknolojisi:<\/strong>\u00a0Motorunuzu maliyetli hasarlardan korumak i\u00e7in yanma ka\u00e7aklar\u0131n\u0131, so\u011futma s\u0131v\u0131s\u0131 kar\u0131\u015f\u0131m\u0131n\u0131 ve ya\u011f kirlenmesini ortadan kald\u0131r\u0131r.<br \/>\n<\/span><br \/>\n<span style=\"font-family: verdana, geneva, sans-serif; color: #5e5757;\">\u2705\u00a0<strong>Dayan\u0131kl\u0131 Malzemeler:<\/strong>\u00a0Y\u00fcksek kaliteli elastomerler ve korozyona dayan\u0131kl\u0131 kaplamalar zorlu s\u00fcr\u00fc\u015f ko\u015fullar\u0131nda uzun s\u00fcreli dayan\u0131kl\u0131l\u0131k sa\u011flar.<br \/>\n<\/span><br \/>\n<span style=\"font-family: verdana, geneva, sans-serif; color: #5e5757;\">\u2705\u00a0<strong>Kolay Kurulum:<\/strong>\u00a0\u00d6nceden kesilmi\u015f c\u0131vata delikleri ve fabrikada e\u015fle\u015ftirilmi\u015f boyutlar, kurulum s\u00fcresini ve hatalar\u0131 azalt\u0131r.<\/span><\/p>\n<p class=\"ds-markdown-paragraph\"><span style=\"font-family: verdana, geneva, sans-serif; color: #5e5757;\"><strong>Neden Bu Kafa Contas\u0131n\u0131 Se\u00e7melisiniz?<\/strong><\/span><br \/>\n<span style=\"font-family: verdana, geneva, sans-serif; color: #5e5757;\">Ar\u0131zal\u0131 bir kafa contas\u0131 felaket boyutunda motor ar\u0131zas\u0131na, a\u015f\u0131r\u0131 \u0131s\u0131nmaya ve pahal\u0131 onar\u0131mlara yol a\u00e7abilir. OEM e\u015fde\u011feri contam\u0131z, motorun\u00a0<strong>uygun maliyetli \u00e7\u00f6z\u00fcm<\/strong>\u00a0kompresyonu korumak, s\u0131v\u0131 s\u0131z\u0131nt\u0131lar\u0131n\u0131 \u00f6nlemek ve motorunuzun \u00f6mr\u00fcn\u00fc uzatmak i\u00e7in. Otomotiv profesyonelleri taraf\u0131ndan g\u00fcvenilen bu \u00fcr\u00fcn, a\u015fa\u011f\u0131dakiler i\u00e7in ideal se\u00e7imdir:<\/span><\/p>\n<ul>\n<li>\n<p class=\"ds-markdown-paragraph\"><span style=\"font-family: verdana, geneva, sans-serif; color: #5e5757;\">Rutin motor yenilemeleri<\/span><\/p>\n<\/li>\n<li>\n<p class=\"ds-markdown-paragraph\"><span style=\"font-family: verdana, geneva, sans-serif; color: #5e5757;\">A\u015f\u0131r\u0131 \u0131s\u0131nma onar\u0131mlar\u0131<\/span><\/p>\n<\/li>\n<li>\n<p class=\"ds-markdown-paragraph\"><span style=\"font-family: verdana, geneva, sans-serif; color: #5e5757;\">\u00d6nleyici bak\u0131m<\/span><\/p>\n<\/li>\n<\/ul>\n<p class=\"ds-markdown-paragraph\"><span style=\"font-family: verdana, geneva, sans-serif; color: #5e5757;\"><strong>Ford Modelleri i\u00e7in M\u00fckemmel Uyum:<\/strong><\/span><\/p>\n<ul>\n<li>\n<p class=\"ds-markdown-paragraph\"><span style=\"font-family: verdana, geneva, sans-serif; color: #5e5757;\">Ford Focus (<span style=\"color: #5e5757;\"><span style=\"font-family: verdana, geneva, sans-serif;\">2011-2015<\/span><\/span>)<\/span><\/p>\n<\/li>\n<li>\n<p class=\"ds-markdown-paragraph\"><span style=\"font-family: verdana, geneva, sans-serif; color: #5e5757;\">Ford Fiesta (<span style=\"color: #5e5757;\"><span style=\"font-family: verdana, geneva, sans-serif;\">2008-2015<\/span><\/span>)<\/span><\/p>\n<\/li>\n<li>\n<p class=\"ds-markdown-paragraph\"><span style=\"font-family: verdana, geneva, sans-serif; color: #5e5757;\">Ford Ecosport (<span style=\"color: #5e5757;\"><span style=\"font-family: verdana, geneva, sans-serif;\">2012-2014<\/span><\/span>)<\/span><\/p>\n<\/li>\n<\/ul>\n<p class=\"ds-markdown-paragraph\"><span style=\"font-family: verdana, geneva, sans-serif; color: #5e5757;\"><strong>OEM Kalite G\u00fcvencesi:<\/strong><\/span><br \/>\n<span style=\"font-family: verdana, geneva, sans-serif; color: #5e5757;\">Her conta, kat\u0131 OE standartlar\u0131n\u0131 kar\u015f\u0131lamak i\u00e7in titiz testlerden ge\u00e7irilerek optimum termal iletkenlik ve m\u00fckemmel bir s\u0131zd\u0131rmazl\u0131k sa\u011flar. Endi\u015fesiz sat\u0131n alma i\u00e7in 12 ayl\u0131k garanti ile desteklenir.<\/span><\/p>","protected":false},"excerpt":{"rendered":"<p><span style=\"font-family: verdana, geneva, sans-serif; color: #615d5d;\"><strong>\u00dcr\u00fcn Ad\u0131\uff1a<\/strong>Motor Kafa Contas\u0131<\/span><br \/>\n<span style=\"font-family: verdana, geneva, sans-serif; color: #615d5d;\"><strong>Garanti\uff1a<\/strong>1 y\u0131l<\/span><br \/>\n<span style=\"font-family: verdana, geneva, sans-serif; color: #615d5d;\"><strong>Durum\uff1a<\/strong>Yeni<\/span><br \/>\n<span style=\"font-family: verdana, geneva, sans-serif; color: #615d5d;\"><strong>Araba Modeli\uff1a<\/strong>Ford <span style=\"color: #5e5757;\"><span style=\"font-family: verdana, geneva, sans-serif;\">Focus (2011-2015), Fiesta (2008-2015) ve Ecosport (2012-2014)<\/span><\/span><\/span><br \/>\n<span style=\"font-family: verdana, geneva, sans-serif; color: #615d5d;\"><strong>OEM NO .:<\/strong><span style=\"color: #5e5757;\"><span style=\"font-family: verdana, geneva, sans-serif;\">7S7G-6051-XB<\/span><\/span><\/span><br \/>\n<span style=\"font-family: verdana, geneva, sans-serif; color: #615d5d;\"><strong>Kalite:<\/strong>\u00a0100% Test Edildi<\/span><br \/>\n<span style=\"font-family: verdana, geneva, sans-serif; color: #615d5d;\"><strong>Teslimat S\u00fcresi:<\/strong>\u00a07-10 G\u00fcn<\/span><\/p>","protected":false},"featured_media":1806,"comment_status":"closed","ping_status":"closed","template":"","meta":[],"product_cat":[18],"product_tag":[],"class_list":{"0":"post-1805","1":"product","2":"type-product","3":"status-publish","4":"has-post-thumbnail","6":"product_cat-engine-parts","8":"first","9":"instock","10":"featured","11":"shipping-taxable","12":"product-type-simple"},"_links":{"self":[{"href":"https:\/\/carbitautoparts.com\/tr\/wp-json\/wp\/v2\/product\/1805","targetHints":{"allow":["GET"]}}],"collection":[{"href":"https:\/\/carbitautoparts.com\/tr\/wp-json\/wp\/v2\/product"}],"about":[{"href":"https:\/\/carbitautoparts.com\/tr\/wp-json\/wp\/v2\/types\/product"}],"replies":[{"embeddable":true,"href":"https:\/\/carbitautoparts.com\/tr\/wp-json\/wp\/v2\/comments?post=1805"}],"wp:featuredmedia":[{"embeddable":true,"href":"https:\/\/carbitautoparts.com\/tr\/wp-json\/wp\/v2\/media\/1806"}],"wp:attachment":[{"href":"https:\/\/carbitautoparts.com\/tr\/wp-json\/wp\/v2\/media?parent=1805"}],"wp:term":[{"taxonomy":"product_cat","embeddable":true,"href":"https:\/\/carbitautoparts.com\/tr\/wp-json\/wp\/v2\/product_cat?post=1805"},{"taxonomy":"product_tag","embeddable":true,"href":"https:\/\/carbitautoparts.com\/tr\/wp-json\/wp\/v2\/product_tag?post=1805"}],"curies":[{"name":"wp","href":"https:\/\/api.w.org\/{rel}","templated":true}]}}