{"id":1834,"date":"2025-05-09T16:06:22","date_gmt":"2025-05-09T08:06:22","guid":{"rendered":"https:\/\/carbitautoparts.com\/?post_type=product&#038;p=1834"},"modified":"2025-05-09T16:06:22","modified_gmt":"2025-05-09T08:06:22","slug":"engine-mounting-toyota-vios-yaris-ncp90-oem-12363-0m040-0m010-0m011","status":"publish","type":"product","link":"https:\/\/carbitautoparts.com\/tr\/product\/motor-montaji-toyota-vios-yaris-ncp90-oem-12363-0m040-0m010-0m011\/","title":{"rendered":"TOYOTA Vios YARIS NCP90 i\u00e7in Motor Montaj\u0131 | OEM 12363-0M040\/0M010\/0M011"},"content":{"rendered":"<p class=\"ds-markdown-paragraph\"><span style=\"font-family: verdana, geneva, sans-serif; color: #524d4d;\"><strong>TOYOTA Vios YARIS NCP90 i\u00e7in Premium Motor Montaj\u0131 | OEM 12363-0M040\/0M010\/0M011<\/strong><\/span><\/p>\n<p class=\"ds-markdown-paragraph\"><span style=\"font-family: verdana, geneva, sans-serif; color: #524d4d;\">TOYOTA Vios YARIS NCP90'\u0131n\u0131z\u0131n performans\u0131n\u0131 bizim \u00fcr\u00fcnlerimizle y\u00fckseltin\u00a0<strong>Y\u00fcksek hassasiyetli motor montaj\u0131<\/strong>Orijinal kalitede g\u00fcvenilirlik ve titre\u015fim kontrol\u00fc sa\u011flamak i\u00e7in tasarlanm\u0131\u015ft\u0131r. OEM ile do\u011frudan uyumlu\u00a0 <strong>12363-0M040, 12363-0M010 ve 12363-0M011<\/strong>Bu sa\u011flam bile\u015fen, arac\u0131n\u0131z\u0131n motor sistemiyle m\u00fckemmel bir uyum ve sorunsuz entegrasyon sa\u011flar.<\/p>\n<p><\/span><span style=\"font-family: verdana, geneva, sans-serif; color: #524d4d;\">\u2705\u00a0<strong>Tam OEM De\u011fi\u015ftirme<\/strong>: Optimum uyum ve dayan\u0131kl\u0131l\u0131k i\u00e7in s\u0131k\u0131 Toyota spesifikasyonlar\u0131n\u0131 kar\u015f\u0131lamak \u00fczere \u00fcretilmi\u015ftir.<br \/>\n<\/span><br \/>\n<span style=\"font-family: verdana, geneva, sans-serif; color: #524d4d;\">\u2705\u00a0<strong>Geli\u015fmi\u015f Titre\u015fim S\u00f6n\u00fcmleme<\/strong>: G\u00fc\u00e7lendirilmi\u015f kau\u00e7uk ve y\u00fcksek mukavemetli \u00e7elik yap\u0131, motor g\u00fcr\u00fclt\u00fcs\u00fcn\u00fc ve yol \u015foklar\u0131n\u0131 en aza indirir.<br \/>\n<\/span><br \/>\n<span style=\"font-family: verdana, geneva, sans-serif; color: #524d4d;\">\u2705\u00a0<strong>Uzat\u0131lm\u0131\u015f Uzun \u00d6m\u00fcr<\/strong>Y\u00fcksek mukavemetli \u00e7elik ve elektro kaplamal\u0131 y\u00fczey i\u015flemi, uzun \u00f6m\u00fcrl\u00fc performans i\u00e7in \u0131s\u0131ya, ya\u011fa, pasa ve a\u015f\u0131nmaya kar\u015f\u0131 dayan\u0131kl\u0131d\u0131r.<br \/>\n<\/span><\/p>\n<p class=\"ds-markdown-paragraph\"><span style=\"font-family: verdana, geneva, sans-serif; color: #524d4d;\"><strong>Neden Motor Takozumuzu Se\u00e7melisiniz?<\/strong><\/span><\/p>\n<ul>\n<li>\n<p class=\"ds-markdown-paragraph\"><span style=\"font-family: verdana, geneva, sans-serif; color: #524d4d;\"><strong>Garantili Uyumluluk<\/strong>: TOYOTA Vios YARIS NCP90 modelleri (2006-2014) i\u00e7in \u00f6zel olarak tasarlanm\u0131\u015ft\u0131r.<\/span><\/p>\n<\/li>\n<li>\n<p class=\"ds-markdown-paragraph\"><span style=\"font-family: verdana, geneva, sans-serif; color: #524d4d;\"><strong>Geli\u015ftirilmi\u015f S\u00fcr\u00fc\u015f Konforu<\/strong>: Daha yumu\u015fak, daha sessiz bir s\u00fcr\u00fc\u015f i\u00e7in kabin titre\u015fimlerini azalt\u0131r.<\/span><\/p>\n<\/li>\n<li>\n<p class=\"ds-markdown-paragraph\"><span style=\"font-family: verdana, geneva, sans-serif; color: #524d4d;\"><strong>Uygun Maliyetli \u00c7\u00f6z\u00fcm<\/strong>: OEM kalitesini korurken bayilik zamlar\u0131ndan ka\u00e7\u0131n\u0131n.<\/span><\/p>\n<\/li>\n<\/ul>","protected":false},"excerpt":{"rendered":"<p><span style=\"font-family: verdana, geneva, sans-serif; color: #595353;\"><strong>\u00dcr\u00fcn Ad\u0131\uff1a<\/strong>Motor Montaj\u0131<\/span><br \/>\n<span style=\"font-family: verdana, geneva, sans-serif; color: #595353;\"><strong>Garanti\uff1a<\/strong>1 y\u0131l<\/span><br \/>\n<span style=\"font-family: verdana, geneva, sans-serif; color: #595353;\"><strong>Durum\uff1a<\/strong>Yeni<\/span><br \/>\n<span style=\"font-family: verdana, geneva, sans-serif; color: #595353;\"><strong>Araba Modeli\uff1a<\/strong><span style=\"font-family: verdana, geneva, sans-serif; color: #524d4d;\">TOYOTA Vios YARIS NCP90 (2006-2014)<\/span><\/span><br \/>\n<span style=\"font-family: verdana, geneva, sans-serif; color: #595353;\"><strong>OEM NO .: <\/strong><span style=\"font-family: verdana, geneva, sans-serif; color: #524d4d;\">12363-0M040, 12363-0M010, 12363-0M011<\/span><\/span><br \/>\n<span style=\"font-family: verdana, geneva, sans-serif; color: #595353;\"><strong>Kalite:<\/strong>\u00a0100% Test Edildi<\/span><br \/>\n<span style=\"font-family: verdana, geneva, sans-serif; color: #595353;\"><strong>Teslimat S\u00fcresi:<\/strong>\u00a07-10 G\u00fcn<\/span><\/p>","protected":false},"featured_media":1835,"comment_status":"closed","ping_status":"closed","template":"","meta":[],"product_cat":[50],"product_tag":[],"class_list":{"0":"post-1834","1":"product","2":"type-product","3":"status-publish","4":"has-post-thumbnail","6":"product_cat-chassis-parts","8":"first","9":"instock","10":"shipping-taxable","11":"product-type-simple"},"_links":{"self":[{"href":"https:\/\/carbitautoparts.com\/tr\/wp-json\/wp\/v2\/product\/1834","targetHints":{"allow":["GET"]}}],"collection":[{"href":"https:\/\/carbitautoparts.com\/tr\/wp-json\/wp\/v2\/product"}],"about":[{"href":"https:\/\/carbitautoparts.com\/tr\/wp-json\/wp\/v2\/types\/product"}],"replies":[{"embeddable":true,"href":"https:\/\/carbitautoparts.com\/tr\/wp-json\/wp\/v2\/comments?post=1834"}],"wp:featuredmedia":[{"embeddable":true,"href":"https:\/\/carbitautoparts.com\/tr\/wp-json\/wp\/v2\/media\/1835"}],"wp:attachment":[{"href":"https:\/\/carbitautoparts.com\/tr\/wp-json\/wp\/v2\/media?parent=1834"}],"wp:term":[{"taxonomy":"product_cat","embeddable":true,"href":"https:\/\/carbitautoparts.com\/tr\/wp-json\/wp\/v2\/product_cat?post=1834"},{"taxonomy":"product_tag","embeddable":true,"href":"https:\/\/carbitautoparts.com\/tr\/wp-json\/wp\/v2\/product_tag?post=1834"}],"curies":[{"name":"wp","href":"https:\/\/api.w.org\/{rel}","templated":true}]}}