{"id":1848,"date":"2025-09-23T19:23:43","date_gmt":"2025-09-23T11:23:43","guid":{"rendered":"https:\/\/carbitautoparts.com\/?post_type=product&#038;p=1848"},"modified":"2025-09-23T19:23:43","modified_gmt":"2025-09-23T11:23:43","slug":"front-strut-mount-for-mazda-cx-3-cx-5-oem-kd3534380","status":"publish","type":"product","link":"https:\/\/carbitautoparts.com\/tr\/product\/mazda-cx-3-cx-5-icin-on-dikme-yuvasi-oem-kd3534380\/","title":{"rendered":"Mazda CX-3 ve CX-5 i\u00e7in Dikme Takozu | OEM KD3534380"},"content":{"rendered":"<p><strong><span style=\"font-family: verdana, geneva, sans-serif;\">2016-2020 Mazda CX-3 ve 2013-2016 Mazda CX-5 i\u00e7in Premium \u00d6n Dikme Takozu | OEM KD3534380 De\u011fi\u015ftirme<\/span><\/strong><\/p>\n<p class=\"ds-markdown-paragraph\"><span style=\"font-family: verdana, geneva, sans-serif;\">Orijinal ekipman teknik \u00f6zelliklerini kar\u015f\u0131lamak veya a\u015fmak \u00fczere tasarlanan bu dikme takozu, do\u011frudan OEM par\u00e7a numaras\u0131n\u0131n yerini al\u0131r <strong>KD3534380<\/strong>. M\u00fckemmel bir uyum ve kusursuz performans sa\u011flayarak arac\u0131n\u0131z\u0131n s\u00fcspansiyon ve direksiyon sistemlerinin uyum i\u00e7inde \u00e7al\u0131\u015fmas\u0131n\u0131 garanti eder.<\/span><\/p>\n<hr \/>\n<p class=\"ds-markdown-paragraph\"><span style=\"font-family: verdana, geneva, sans-serif;\"><strong>Temel \u00d6zellikler ve Faydalar:<\/strong><\/span><\/p>\n<ul>\n<li>\n<p class=\"ds-markdown-paragraph\"><span style=\"font-family: verdana, geneva, sans-serif;\"><strong>Hassas OEM Uyumu:<\/strong>\u00a0OEM par\u00e7as\u0131 # i\u00e7in do\u011frudan yedek olarak tasarlanm\u0131\u015ft\u0131r\u00a0<strong>KD3534380<\/strong>2016-2020 Mazda CX-3 veya 2013-2016 Mazda CX-5 ile m\u00fckemmel uyumluluk sa\u011flar. Sorunsuz bir kurulum i\u00e7in hi\u00e7bir modifikasyon gerekmez.<\/span><\/p>\n<\/li>\n<li>\n<p class=\"ds-markdown-paragraph\"><span style=\"font-family: verdana, geneva, sans-serif;\"><strong>G\u00fcr\u00fclt\u00fc ve Titre\u015fimi Ortadan Kald\u0131r\u0131r:<\/strong>\u00a0Dikme takozumuzda y\u00fcksek kaliteli kau\u00e7uk izolat\u00f6r ve hassas yatak bulunur. Bu sa\u011flam yap\u0131, yol \u015foklar\u0131n\u0131 etkili bir \u015fekilde emer, titre\u015fimleri azalt\u0131r ve \u00f6n s\u00fcspansiyondan gelen t\u0131k\u0131rt\u0131 veya vuruntu seslerini ortadan kald\u0131r\u0131r.<\/span><\/p>\n<\/li>\n<li>\n<p class=\"ds-markdown-paragraph\"><span style=\"font-family: verdana, geneva, sans-serif;\"><strong>Kullan\u0131m ve G\u00fcvenli\u011fi Art\u0131r\u0131r:<\/strong>\u00a0Takviye grubu ile ara\u00e7 \u015fasisi aras\u0131nda do\u011fru hizalamay\u0131 sa\u011flayan bu montaj par\u00e7as\u0131, hassas direksiyon tepkisi ve dengeli yol tutu\u015fu sa\u011flar. Bu, genel s\u00fcr\u00fc\u015f g\u00fcvenli\u011fine katk\u0131da bulunur ve d\u00fczensiz lastik a\u015f\u0131nmas\u0131n\u0131 \u00f6nlemeye yard\u0131mc\u0131 olur.<\/span><\/p>\n<\/li>\n<li>\n<p class=\"ds-markdown-paragraph\"><span style=\"font-family: verdana, geneva, sans-serif;\"><strong>Dayan\u0131kl\u0131 ve Uzun \u00d6m\u00fcrl\u00fc:<\/strong>\u00a0Y\u00fcksek mukavemetli malzemelerden \u00fcretilen ve titiz kalite kontrol\u00fcne tabi tutulan bu bile\u015fen, orijinal par\u00e7an\u0131n \u00f6mr\u00fcyle e\u015fle\u015fen dayan\u0131kl\u0131l\u0131k ve uzun vadeli g\u00fcvenilirlik i\u00e7in \u00fcretilmi\u015ftir.<\/span><\/p>\n<\/li>\n<li>\n<p class=\"ds-markdown-paragraph\"><span style=\"font-family: verdana, geneva, sans-serif;\"><strong>Uygun Maliyetli \u00c7\u00f6z\u00fcm:<\/strong>\u00a0Neden bayi fiyatlar\u0131n\u0131 \u00f6deyesiniz ki? Dikme takozumuz, OEM par\u00e7a ile ayn\u0131 kalite ve performans\u0131 maliyetinin \u00e7ok alt\u0131nda sunarak \u00f6d\u00fcn vermeden ola\u011fan\u00fcst\u00fc de\u011fer sa\u011flar.<\/span><\/p>\n<\/li>\n<\/ul>","protected":false},"excerpt":{"rendered":"<p><span style=\"font-family: verdana, geneva, sans-serif; color: #3b3838;\"><strong><b>\u00dcr\u00fcn Ad\u0131\uff1a<\/b><\/strong><span style=\"font-family: verdana, geneva, sans-serif;\">Dikme Montaj\u0131<\/span><\/span><br \/>\n<span style=\"font-family: verdana, geneva, sans-serif; color: #3b3838;\"><strong><b>Garanti\uff1a<\/b><\/strong>1 y\u0131l<\/span><br \/>\n<span style=\"font-family: verdana, geneva, sans-serif; color: #3b3838;\"><strong><b>Durum\uff1a<\/b><\/strong>Yeni<\/span><br \/>\n<span style=\"font-family: verdana, geneva, sans-serif; color: #3b3838;\"><strong><b>Araba Modeli\uff1a<\/b><\/strong><span style=\"font-family: verdana, geneva, sans-serif;\">Mazda CX-3 2016-2020 &amp; Mazda CX-5 2013-2016<\/span><\/span><br \/>\n<span style=\"font-family: verdana, geneva, sans-serif; color: #3b3838;\"><strong><b>OEM NO .:<\/b><\/strong> <span style=\"font-family: verdana, geneva, sans-serif;\">KD3534380<\/span><\/span><br \/>\n<span style=\"font-family: verdana, geneva, sans-serif; color: #3b3838;\"><strong><b>Kalite:<\/b><\/strong>\u00a0100% Test Edildi<\/span><\/p>","protected":false},"featured_media":1849,"comment_status":"closed","ping_status":"closed","template":"","meta":[],"product_cat":[50],"product_tag":[],"class_list":{"0":"post-1848","1":"product","2":"type-product","3":"status-publish","4":"has-post-thumbnail","6":"product_cat-chassis-parts","8":"first","9":"instock","10":"shipping-taxable","11":"product-type-simple"},"_links":{"self":[{"href":"https:\/\/carbitautoparts.com\/tr\/wp-json\/wp\/v2\/product\/1848","targetHints":{"allow":["GET"]}}],"collection":[{"href":"https:\/\/carbitautoparts.com\/tr\/wp-json\/wp\/v2\/product"}],"about":[{"href":"https:\/\/carbitautoparts.com\/tr\/wp-json\/wp\/v2\/types\/product"}],"replies":[{"embeddable":true,"href":"https:\/\/carbitautoparts.com\/tr\/wp-json\/wp\/v2\/comments?post=1848"}],"wp:featuredmedia":[{"embeddable":true,"href":"https:\/\/carbitautoparts.com\/tr\/wp-json\/wp\/v2\/media\/1849"}],"wp:attachment":[{"href":"https:\/\/carbitautoparts.com\/tr\/wp-json\/wp\/v2\/media?parent=1848"}],"wp:term":[{"taxonomy":"product_cat","embeddable":true,"href":"https:\/\/carbitautoparts.com\/tr\/wp-json\/wp\/v2\/product_cat?post=1848"},{"taxonomy":"product_tag","embeddable":true,"href":"https:\/\/carbitautoparts.com\/tr\/wp-json\/wp\/v2\/product_tag?post=1848"}],"curies":[{"name":"wp","href":"https:\/\/api.w.org\/{rel}","templated":true}]}}