{"id":1861,"date":"2025-09-26T14:42:51","date_gmt":"2025-09-26T06:42:51","guid":{"rendered":"https:\/\/carbitautoparts.com\/?post_type=product&#038;p=1861"},"modified":"2025-09-26T14:42:51","modified_gmt":"2025-09-26T06:42:51","slug":"tie-rod-end-for-toyota-hilux-oem-45046-09800","status":"publish","type":"product","link":"https:\/\/carbitautoparts.com\/tr\/product\/toyota-hilux-icin-rot-basi-oem-45046-09800\/","title":{"rendered":"Toyota Hilux i\u00e7in Rotba\u015f\u0131 - OEM 45046-09800"},"content":{"rendered":"<p class=\"ds-markdown-paragraph\"><span style=\"font-family: verdana, geneva, sans-serif; color: #3b3535;\"><strong>Toyota Hilux i\u00e7in Orijinal Kalite Rotba\u015f\u0131 - OEM 45046-09800 i\u00e7in Do\u011frudan Yedek<\/strong><\/span><\/p>\n<p class=\"ds-markdown-paragraph\"><span style=\"font-family: verdana, geneva, sans-serif; color: #3b3535;\">Toyota Hilux i\u00e7in do\u011frudan OEM 45046-09800 yedek olan premium Rot Ba\u015fl\u0131\u011f\u0131m\u0131zla hassas direksiyon ve g\u00fcvenlik sa\u011flay\u0131n. Y\u00fcksek mukavemetli yap\u0131, m\u00fckemmel uyum. Arac\u0131n\u0131z\u0131n yol tutu\u015funu geri kazan\u0131n.<\/span><\/p>\n<hr \/>\n<h3><\/h3>\n<p class=\"ds-markdown-paragraph\"><span style=\"font-family: verdana, geneva, sans-serif; color: #3b3535;\"><strong>Toyota Hilux i\u00e7in Premium Rot Ba\u015fl\u0131\u011f\u0131m\u0131z ile Fabrika Direksiyon Hassasiyetini ve G\u00fcvenli\u011fini Geri Kazan\u0131n<\/strong><\/span><\/p>\n<p class=\"ds-markdown-paragraph\"><span style=\"font-family: verdana, geneva, sans-serif; color: #3b3535;\">Bu y\u00fcksek performansl\u0131 Rotba\u015f\u0131, OEM par\u00e7a numaras\u0131 i\u00e7in do\u011frudan yedek olarak tasarlanm\u0131\u015ft\u0131r\u00a0<strong>45046-09800<\/strong>Toyota Hilux'\u0131n zorlu taleplerini kar\u015f\u0131lamak i\u00e7in \u00f6zel olarak tasarlanm\u0131\u015ft\u0131r. Arac\u0131n\u0131z\u0131n direksiyon sisteminin kritik bir bile\u015feni olan a\u015f\u0131nm\u0131\u015f bir rot ba\u015f\u0131, belirsiz direksiyon hakimiyetine, d\u00fczensiz lastik a\u015f\u0131nmas\u0131na ve g\u00fcvenli\u011fin tehlikeye girmesine neden olabilir. Yedek par\u00e7am\u0131z, ikonik Hilux'\u0131n dayan\u0131kl\u0131l\u0131\u011f\u0131n\u0131, yol tutu\u015funu ve s\u00fcr\u00fc\u015f g\u00fcvenini geri kazanman\u0131z\u0131 sa\u011flar.<\/span><\/p>\n<p class=\"ds-markdown-paragraph\"><span style=\"font-family: verdana, geneva, sans-serif; color: #3b3535;\">Y\u00fcksek kaliteli malzemelerden ve titiz kalite standartlar\u0131na g\u00f6re \u00fcretilen bu rot ba\u015f\u0131, Hilux'\u0131n\u0131z\u0131n direksiyon ba\u011flant\u0131s\u0131na m\u00fckemmel bir uyum ve kusursuz entegrasyon sa\u011flar. Hilux'\u0131n bilinen zorlu ko\u015fullar\u0131na ve a\u011f\u0131r y\u00fcklerine dayanacak \u015fekilde \u00fcretilmi\u015ftir ve uzun s\u00fcreli g\u00fcvenilirlik sa\u011flar.<\/span><\/p>\n<p class=\"ds-markdown-paragraph\">\n<ul>\n<li>\n<p class=\"ds-markdown-paragraph\"><span style=\"font-family: verdana, geneva, sans-serif; color: #3b3535;\"><strong>Tam OEM De\u011fi\u015ftirme:<\/strong>\u00a0Orijinal Toyota par\u00e7as\u0131n\u0131n \u00f6zelliklerine m\u00fckemmel \u015fekilde uyacak \u015fekilde tasarlanm\u0131\u015ft\u0131r (OEM #\u00a0<strong>45046-09800<\/strong>). Bu, hi\u00e7bir de\u011fi\u015fiklik gerektirmeden sorunsuz bir kurulum sa\u011flar ve optimum performans ve uyumlulu\u011fu garanti eder.<\/span><\/p>\n<\/li>\n<li>\n<p class=\"ds-markdown-paragraph\"><span style=\"font-family: verdana, geneva, sans-serif; color: #3b3535;\"><strong>\u00dcst\u00fcn Dayan\u0131kl\u0131l\u0131k:<\/strong>\u00a0Darbeye, gerilime ve a\u015f\u0131nmaya kar\u015f\u0131 ola\u011fan\u00fcst\u00fc diren\u00e7 i\u00e7in hassas d\u00f6v\u00fclm\u00fc\u015f bir g\u00f6vde ve y\u00fcksek mukavemetli bir saplama ile \u00fcretilmi\u015ftir. Bu sa\u011flam yap\u0131 hem yolda denge hem de arazide dayan\u0131kl\u0131l\u0131k i\u00e7in gereklidir.<\/span><\/p>\n<\/li>\n<li>\n<p class=\"ds-markdown-paragraph\"><span style=\"font-family: verdana, geneva, sans-serif; color: #3b3535;\"><strong>Uzun \u00d6m\u00fcr i\u00e7in \u00d6nceden Ya\u011flanm\u0131\u015ft\u0131r:<\/strong>\u00a0S\u00fcrt\u00fcnmeyi en aza indirmek, kirlenmeyi \u00f6nlemek ve bile\u015fenin hizmet \u00f6mr\u00fcn\u00fc uzatmak i\u00e7in y\u00fcksek s\u0131cakl\u0131k gresi ile \u00f6nceden doldurulmu\u015f ve dayan\u0131kl\u0131 bir toz k\u00f6r\u00fc\u011f\u00fc ile korunmu\u015ftur. Bu, bak\u0131m ihtiya\u00e7lar\u0131n\u0131 azalt\u0131r ve sorunsuz \u00e7al\u0131\u015fmay\u0131 sa\u011flar.<\/span><\/p>\n<\/li>\n<li>\n<p class=\"ds-markdown-paragraph\"><span style=\"font-family: verdana, geneva, sans-serif; color: #3b3535;\"><strong>Geli\u015ftirilmi\u015f G\u00fcvenlik ve Kullan\u0131m:<\/strong>\u00a0Direksiyon bo\u015flu\u011funu ortadan kald\u0131rarak ve hassas tekerlek hizalamas\u0131n\u0131 geri kazand\u0131rarak, bu rot ba\u015f\u0131 daha keskin direksiyon tepkisine, geli\u015fmi\u015f ara\u00e7 dengesine ve anormal lastik a\u015f\u0131nmas\u0131n\u0131n \u00f6nlenmesine do\u011frudan katk\u0131da bulunur.<\/span><\/p>\n<\/li>\n<li>\n<p class=\"ds-markdown-paragraph\"><span style=\"font-family: verdana, geneva, sans-serif; color: #3b3535;\"><strong>Titiz Kalite Kontrol:<\/strong>\u00a0Her bir \u00fcnite, boyutsal do\u011fruluk, mekanik g\u00fc\u00e7 ve performans a\u00e7\u0131s\u0131ndan OEM standartlar\u0131n\u0131 kar\u015f\u0131lad\u0131\u011f\u0131ndan veya a\u015ft\u0131\u011f\u0131ndan emin olmak i\u00e7in s\u0131k\u0131 testlerden ge\u00e7irilir ve size tam bir g\u00f6n\u00fcl rahatl\u0131\u011f\u0131 sa\u011flar.<\/span><\/p>\n<\/li>\n<\/ul>\n<p class=\"ds-markdown-paragraph\"><span style=\"font-family: verdana, geneva, sans-serif; color: #3b3535;\"><strong>Uyumluluk Bilgileri:<\/strong><\/span><\/p>\n<p class=\"ds-markdown-paragraph\"><span style=\"font-family: verdana, geneva, sans-serif; color: #3b3535;\">Bu Rot Ba\u015f\u0131, Toyota Hilux'\u0131n \u00e7e\u015fitli nesilleriyle uyumludur. Arac\u0131n\u0131z\u0131n VIN (Ara\u00e7 Kimlik Numaras\u0131) numaras\u0131na \u00e7apraz referans vermenizi veya OEM numaras\u0131n\u0131 kar\u015f\u0131la\u015ft\u0131rman\u0131z\u0131 \u015fiddetle tavsiye ederiz\u00a0<strong>45046-09800<\/strong>\u00a0m\u00fckemmel uyumu onaylamak i\u00e7in orijinal par\u00e7an\u0131zla birlikte kullan\u0131n.<\/span><\/p>","protected":false},"excerpt":{"rendered":"<p><span style=\"font-family: verdana, geneva, sans-serif; color: #453d3d;\"><strong><b>\u00dcr\u00fcn Ad\u0131\uff1a<\/b><\/strong>Rot Ba\u015f\u0131<\/span><br \/>\n<span style=\"font-family: verdana, geneva, sans-serif; color: #453d3d;\"><strong><b>Garanti\uff1a<\/b><\/strong>1 y\u0131l<\/span><br \/>\n<span style=\"font-family: verdana, geneva, sans-serif; color: #453d3d;\"><strong><b>Durum\uff1a<\/b><\/strong>Yeni<\/span><br \/>\n<span style=\"font-family: verdana, geneva, sans-serif; color: #453d3d;\"><strong><b>Araba Modeli\uff1a<\/b><\/strong><span style=\"font-family: verdana, geneva, sans-serif; color: #3b3535;\">Toyota Hilux<\/span> (2015-2021)<\/span><br \/>\n<span style=\"font-family: verdana, geneva, sans-serif; color: #453d3d;\"><strong><b>OEM NO .: <\/b><\/strong><span style=\"font-family: verdana, geneva, sans-serif; color: #3b3535;\">45046-09800<\/span><\/span><br \/>\n<span style=\"font-family: verdana, geneva, sans-serif; color: #453d3d;\"><strong><b>Kalite:<\/b><\/strong>\u00a0100% Test Edildi<\/span><\/p>","protected":false},"featured_media":1862,"comment_status":"closed","ping_status":"closed","template":"","meta":[],"product_cat":[50],"product_tag":[],"class_list":{"0":"post-1861","1":"product","2":"type-product","3":"status-publish","4":"has-post-thumbnail","6":"product_cat-chassis-parts","8":"first","9":"instock","10":"shipping-taxable","11":"product-type-simple"},"_links":{"self":[{"href":"https:\/\/carbitautoparts.com\/tr\/wp-json\/wp\/v2\/product\/1861","targetHints":{"allow":["GET"]}}],"collection":[{"href":"https:\/\/carbitautoparts.com\/tr\/wp-json\/wp\/v2\/product"}],"about":[{"href":"https:\/\/carbitautoparts.com\/tr\/wp-json\/wp\/v2\/types\/product"}],"replies":[{"embeddable":true,"href":"https:\/\/carbitautoparts.com\/tr\/wp-json\/wp\/v2\/comments?post=1861"}],"wp:featuredmedia":[{"embeddable":true,"href":"https:\/\/carbitautoparts.com\/tr\/wp-json\/wp\/v2\/media\/1862"}],"wp:attachment":[{"href":"https:\/\/carbitautoparts.com\/tr\/wp-json\/wp\/v2\/media?parent=1861"}],"wp:term":[{"taxonomy":"product_cat","embeddable":true,"href":"https:\/\/carbitautoparts.com\/tr\/wp-json\/wp\/v2\/product_cat?post=1861"},{"taxonomy":"product_tag","embeddable":true,"href":"https:\/\/carbitautoparts.com\/tr\/wp-json\/wp\/v2\/product_tag?post=1861"}],"curies":[{"name":"wp","href":"https:\/\/api.w.org\/{rel}","templated":true}]}}