{"id":1865,"date":"2025-09-26T15:13:22","date_gmt":"2025-09-26T07:13:22","guid":{"rendered":"https:\/\/carbitautoparts.com\/?post_type=product&#038;p=1865"},"modified":"2025-09-26T15:13:22","modified_gmt":"2025-09-26T07:13:22","slug":"front-lower-control-arm-for-toyota-corolla-oem-48068-02150","status":"publish","type":"product","link":"https:\/\/carbitautoparts.com\/tr\/product\/toyota-corolla-icin-on-alt-salincak-kolu-oem-48068-02150\/","title":{"rendered":"Toyota Corolla | OEM 48068-02150 i\u00e7in \u00d6n Alt Sal\u0131ncak Kolu"},"content":{"rendered":"<p class=\"ds-markdown-paragraph\"><span style=\"font-family: verdana, geneva, sans-serif; color: #423939;\"><strong>Toyota Corolla i\u00e7in \u00d6n Alt Sal\u0131ncak Kolu | Par\u00e7a # 48068-02150 | Toyota Corolla 2000-2008 ile uyumlu<\/strong><\/span><\/p>\n<hr \/>\n<p class=\"ds-markdown-paragraph\">\n<span style=\"font-family: verdana, geneva, sans-serif; color: #423939;\">Alt sal\u0131ncak kolu, \u00f6n s\u00fcspansiyon sisteminin kritik bir yap\u0131sal bile\u015fenidir. Arac\u0131n \u015fasisi ile \u00f6n tekerlek grubu aras\u0131nda eksenel ba\u011flant\u0131 noktas\u0131 olarak g\u00f6rev yapar. Ba\u015fl\u0131ca i\u015flevleri do\u011fru tekerlek hizalamas\u0131n\u0131 sa\u011flamak, kontroll\u00fc dikey tekerlek hareketine izin vermek ve yol kusurlar\u0131 \u00fczerinde direksiyon ve s\u00fcr\u00fc\u015f s\u0131ras\u0131nda olu\u015fan kuvvetleri absorbe etmektir. Ar\u0131zal\u0131 bir kontrol kolu g\u00fcvenli olmayan yol tutu\u015funa, d\u00fczensiz lastik a\u015f\u0131nmas\u0131na ve zay\u0131f ara\u00e7 dengesine yol a\u00e7abilir.<\/span><\/p>\n<p class=\"ds-markdown-paragraph\"><span style=\"font-family: verdana, geneva, sans-serif; color: #423939;\">Bu sal\u0131ncak kolu, Toyota'n\u0131n a\u015fa\u011f\u0131dakileri i\u00e7eren titiz kalite standartlar\u0131na g\u00f6re \u00fcretilmi\u015ftir:<\/span><\/p>\n<ul>\n<li>\n<p class=\"ds-markdown-paragraph\"><span style=\"font-family: verdana, geneva, sans-serif; color: #423939;\"><strong>Y\u00fcksek \u00c7ekme Damgal\u0131 ve Kaynakl\u0131 \u00c7elik Levha<\/strong>\u00a0Kol, hassas damgalama ve kaynak i\u015flemleriyle y\u00fcksek mukavemetli \u00e7elikten olu\u015fturulmu\u015ftur. Bu yap\u0131, g\u00fcnl\u00fck s\u00fcr\u00fc\u015f s\u0131ras\u0131nda kar\u015f\u0131la\u015f\u0131lan \u00f6nemli gerilimlere ve darbelere kar\u015f\u0131 ola\u011fan\u00fcst\u00fc yap\u0131sal b\u00fct\u00fcnl\u00fck ve diren\u00e7 sa\u011flar.<\/span><\/p>\n<\/li>\n<li>\n<p class=\"ds-markdown-paragraph\"><span style=\"font-family: verdana, geneva, sans-serif; color: #423939;\"><strong>Y\u00fczey Elektroforetik Kaplama:<\/strong>\u00a0Bile\u015fen kapsaml\u0131 bir elektroforetik boyama i\u015fleminden ge\u00e7er. Bu geli\u015fmi\u015f kaplama tekni\u011fi, ula\u015f\u0131lmas\u0131 zor alanlar da dahil olmak \u00fczere t\u00fcm y\u00fczeyde tek tip, korozyon \u00f6nleyici bir katman sa\u011flayarak paslanmaya ve \u00e7evresel fakt\u00f6rlerin neden oldu\u011fu bozulmaya kar\u015f\u0131 \u00fcst\u00fcn koruma sa\u011flar.<\/span><\/p>\n<\/li>\n<\/ul>","protected":false},"excerpt":{"rendered":"<p><span style=\"font-family: verdana, geneva, sans-serif; color: #403737;\"><strong><b>\u00dcr\u00fcn Ad\u0131\uff1a<\/b><\/strong><span style=\"font-family: verdana, geneva, sans-serif; color: #423939;\">Alt Sal\u0131ncak Kolu<\/span><\/span><br \/>\n<span style=\"font-family: verdana, geneva, sans-serif; color: #403737;\"><strong><b>Garanti\uff1a<\/b><\/strong>1 y\u0131l<\/span><br \/>\n<span style=\"font-family: verdana, geneva, sans-serif; color: #403737;\"><strong><b>Durum\uff1a<\/b><\/strong>Yeni<\/span><br \/>\n<span style=\"font-family: verdana, geneva, sans-serif; color: #403737;\"><strong><b>Araba Modeli\uff1a<\/b><\/strong>Toyota Corolla (2000-2008)<\/span><br \/>\n<span style=\"font-family: verdana, geneva, sans-serif; color: #403737;\"><strong><b>OEM NO .: <\/b><\/strong><span style=\"font-family: verdana, geneva, sans-serif; color: #423939;\">48068-02150<\/span><\/span><br \/>\n<span style=\"font-family: verdana, geneva, sans-serif; color: #403737;\"><strong><b>Kalite:<\/b><\/strong>\u00a0100% Test Edildi<\/span><\/p>","protected":false},"featured_media":1866,"comment_status":"closed","ping_status":"closed","template":"","meta":[],"product_cat":[50],"product_tag":[],"class_list":{"0":"post-1865","1":"product","2":"type-product","3":"status-publish","4":"has-post-thumbnail","6":"product_cat-chassis-parts","8":"first","9":"instock","10":"shipping-taxable","11":"product-type-simple"},"_links":{"self":[{"href":"https:\/\/carbitautoparts.com\/tr\/wp-json\/wp\/v2\/product\/1865","targetHints":{"allow":["GET"]}}],"collection":[{"href":"https:\/\/carbitautoparts.com\/tr\/wp-json\/wp\/v2\/product"}],"about":[{"href":"https:\/\/carbitautoparts.com\/tr\/wp-json\/wp\/v2\/types\/product"}],"replies":[{"embeddable":true,"href":"https:\/\/carbitautoparts.com\/tr\/wp-json\/wp\/v2\/comments?post=1865"}],"wp:featuredmedia":[{"embeddable":true,"href":"https:\/\/carbitautoparts.com\/tr\/wp-json\/wp\/v2\/media\/1866"}],"wp:attachment":[{"href":"https:\/\/carbitautoparts.com\/tr\/wp-json\/wp\/v2\/media?parent=1865"}],"wp:term":[{"taxonomy":"product_cat","embeddable":true,"href":"https:\/\/carbitautoparts.com\/tr\/wp-json\/wp\/v2\/product_cat?post=1865"},{"taxonomy":"product_tag","embeddable":true,"href":"https:\/\/carbitautoparts.com\/tr\/wp-json\/wp\/v2\/product_tag?post=1865"}],"curies":[{"name":"wp","href":"https:\/\/api.w.org\/{rel}","templated":true}]}}