{"id":1883,"date":"2025-09-29T11:41:34","date_gmt":"2025-09-29T03:41:34","guid":{"rendered":"https:\/\/carbitautoparts.com\/?post_type=product&#038;p=1883"},"modified":"2025-09-29T11:41:34","modified_gmt":"2025-09-29T03:41:34","slug":"starter-motor-for-kia-cerato-oem-36100-2b100","status":"publish","type":"product","link":"https:\/\/carbitautoparts.com\/tr\/product\/kia-cerato-icin-mars-motoru-oem-36100-2b100\/","title":{"rendered":"Kia Cerato i\u00e7in Mar\u015f Motoru - OEM 36100-2B100"},"content":{"rendered":"<h3><strong>\u00a0<span style=\"font-family: verdana, geneva, sans-serif; color: #4d4242;\">i\u00e7in Y\u00fcksek Performansl\u0131 Mar\u015f Motoru <\/span><\/strong><span style=\"font-family: verdana, geneva, sans-serif; color: #574747;\"><strong>Kia Cerato (2009-2013)<\/strong><\/span><strong><span style=\"font-family: verdana, geneva, sans-serif; color: #4d4242;\">- OEM 36100-2B100<\/span><\/strong><\/h3>\n<p class=\"ds-markdown-paragraph\"><span style=\"font-family: verdana, geneva, sans-serif; color: #4d4242;\">Bu y\u00fcksek performansl\u0131 mar\u015f motoru, par\u00e7a numaras\u0131 i\u00e7in do\u011frudan OEM yerine ge\u00e7er\u00a0<strong>36100-2B100<\/strong>. Kia Cerato'nuzdan (baz\u0131 pazarlarda Kia Forte olarak da bilinir) bekledi\u011finiz g\u00fcvenilir ate\u015flemeyi geri kazand\u0131rarak m\u00fckemmel bir uyum ve sorunsuz \u00e7al\u0131\u015fmay\u0131 garanti eder. Hassasiyet ve dayan\u0131kl\u0131l\u0131k g\u00f6z \u00f6n\u00fcnde bulundurularak \u00fcretilen bu mar\u015f motoru, g\u00fc\u00e7l\u00fc bir krank ve uzun bir hizmet \u00f6mr\u00fc sa\u011flar.<\/span><\/p>\n<hr \/>\n<h3><\/h3>\n<ul>\n<li>\n<p class=\"ds-markdown-paragraph\"><span style=\"font-family: verdana, geneva, sans-serif; color: #4d4242;\"><strong>Do\u011frudan OEM De\u011fi\u015ftirme:<\/strong>\u00a0Bu mar\u015f motoru OEM numaras\u0131n\u0131n yerini almak \u00fczere tasarlanm\u0131\u015ft\u0131r\u00a0<strong>36100-2B100<\/strong>2009-2013 Kia Cerato\/Forte'niz i\u00e7in herhangi bir modifikasyon gerektirmeden m\u00fckemmel uyum sa\u011flar.<\/span><\/p>\n<\/li>\n<li>\n<p class=\"ds-markdown-paragraph\"><span style=\"font-family: verdana, geneva, sans-serif; color: #4d4242;\"><strong>G\u00fcvenilir Motor Ate\u015flemesi:<\/strong>\u00a0H\u0131zl\u0131 ve tutarl\u0131 motor mar\u015f\u0131n\u0131 deneyimleyin. Mar\u015f motorumuz, her t\u00fcrl\u00fc hava ko\u015fulunda g\u00fcvenilir mar\u015f i\u00e7in gereken y\u00fcksek torku sa\u011flayarak sizi h\u0131zl\u0131 ve g\u00fcvenli bir \u015fekilde yola \u00e7\u0131kar\u0131r.<\/span><\/p>\n<\/li>\n<li>\n<p class=\"ds-markdown-paragraph\"><span style=\"font-family: verdana, geneva, sans-serif; color: #4d4242;\"><strong>Dayan\u0131kl\u0131 Yap\u0131:<\/strong>\u00a0Y\u00fcksek kaliteli malzemeler ve geli\u015fmi\u015f m\u00fchendislikle \u00fcretilen bu mar\u015f motoru \u0131s\u0131ya, a\u015f\u0131nmaya ve korozyona kar\u015f\u0131 dayan\u0131kl\u0131d\u0131r. Uzun s\u00fcreli g\u00fcvenilirlik i\u00e7in tasarlanm\u0131\u015f sa\u011flam bir bile\u015fendir.<\/span><\/p>\n<\/li>\n<li>\n<p class=\"ds-markdown-paragraph\"><span style=\"font-family: verdana, geneva, sans-serif; color: #4d4242;\"><strong>Kolay Kurulum:<\/strong>\u00a0\u0130\u015f\u00e7ilikte zamandan ve paradan tasarruf edin. Bu \u00fcnite tak ve \u00e7al\u0131\u015ft\u0131r \u00f6zellikli bir yedektir ve hem profesyonel teknisyenler hem de deneyimli DIY'ciler i\u00e7in basit bir kurulum s\u00fcreci sa\u011flar.<\/span><\/p>\n<\/li>\n<li>\n<p class=\"ds-markdown-paragraph\"><span style=\"font-family: verdana, geneva, sans-serif; color: #4d4242;\"><strong>Titiz Kalite Testleri:<\/strong>\u00a0Her mar\u015f motoru, kutudan \u00e7\u0131kar \u00e7\u0131kmaz optimum performans, elektrik verimlili\u011fi ve mekanik b\u00fct\u00fcnl\u00fck sa\u011flamak i\u00e7in s\u0131k\u0131 kalite kontrol kontrollerinden ge\u00e7er.<\/span><\/p>\n<\/li>\n<\/ul>","protected":false},"excerpt":{"rendered":"<p><span style=\"font-family: verdana, geneva, sans-serif; color: #403737;\"><strong><b>\u00dcr\u00fcn Ad\u0131\uff1a<\/b><\/strong>Motor \u00c7al\u0131\u015ft\u0131r\u0131c\u0131<\/span><br \/>\n<span style=\"font-family: verdana, geneva, sans-serif; color: #403737;\"><strong><b>Garanti\uff1a<\/b><\/strong>1 y\u0131l<\/span><br \/>\n<span style=\"font-family: verdana, geneva, sans-serif; color: #403737;\"><strong><b>Durum\uff1a<\/b><\/strong>Yeni<\/span><br \/>\n<span style=\"font-family: verdana, geneva, sans-serif; color: #403737;\"><strong><b>Araba Modeli\uff1a<\/b><\/strong><\/span><span style=\"font-family: verdana, geneva, sans-serif; color: #574747;\">Kia Cerato (2009-2013)<br \/>\n<\/span><strong style=\"color: #403737; font-family: verdana, geneva, sans-serif;\"><b>OEM NO .:<\/b><\/strong><span style=\"font-family: verdana, geneva, sans-serif; color: #4d4242;\">36100-2B100<br \/>\n<\/span><strong style=\"color: #403737; font-family: verdana, geneva, sans-serif;\"><b>Kalite:<\/b><\/strong><span style=\"color: #403737; font-family: verdana, geneva, sans-serif;\">\u00a0100% Test Edildi<\/span><\/p>","protected":false},"featured_media":1884,"comment_status":"closed","ping_status":"closed","template":"","meta":[],"product_cat":[19],"product_tag":[],"class_list":{"0":"post-1883","1":"product","2":"type-product","3":"status-publish","4":"has-post-thumbnail","6":"product_cat-electric-almotor-parts","8":"first","9":"instock","10":"shipping-taxable","11":"product-type-simple"},"_links":{"self":[{"href":"https:\/\/carbitautoparts.com\/tr\/wp-json\/wp\/v2\/product\/1883","targetHints":{"allow":["GET"]}}],"collection":[{"href":"https:\/\/carbitautoparts.com\/tr\/wp-json\/wp\/v2\/product"}],"about":[{"href":"https:\/\/carbitautoparts.com\/tr\/wp-json\/wp\/v2\/types\/product"}],"replies":[{"embeddable":true,"href":"https:\/\/carbitautoparts.com\/tr\/wp-json\/wp\/v2\/comments?post=1883"}],"wp:featuredmedia":[{"embeddable":true,"href":"https:\/\/carbitautoparts.com\/tr\/wp-json\/wp\/v2\/media\/1884"}],"wp:attachment":[{"href":"https:\/\/carbitautoparts.com\/tr\/wp-json\/wp\/v2\/media?parent=1883"}],"wp:term":[{"taxonomy":"product_cat","embeddable":true,"href":"https:\/\/carbitautoparts.com\/tr\/wp-json\/wp\/v2\/product_cat?post=1883"},{"taxonomy":"product_tag","embeddable":true,"href":"https:\/\/carbitautoparts.com\/tr\/wp-json\/wp\/v2\/product_tag?post=1883"}],"curies":[{"name":"wp","href":"https:\/\/api.w.org\/{rel}","templated":true}]}}