{"id":805,"date":"2025-02-20T10:16:45","date_gmt":"2025-02-20T02:16:45","guid":{"rendered":"https:\/\/carbitautoparts.com\/?post_type=product&#038;p=805"},"modified":"2025-05-06T15:39:07","modified_gmt":"2025-05-06T07:39:07","slug":"dual-iridium-spark-plug-for-toyota-camry-corolla-rav4-90919-01297","status":"publish","type":"product","link":"https:\/\/carbitautoparts.com\/tr\/product\/toyota-camry-corolla-rav4-90919-01297-icin-cift-iridyum-buji\/","title":{"rendered":"Toyota Camry\uff0cCorolla\uff0cRAV4-OEM 90919-01297 i\u00e7in \u00c7ift \u0130ridyum Buji"},"content":{"rendered":"<p><span style=\"font-family: verdana, geneva, sans-serif; color: #4f4d4d; font-size: 14pt;\"><strong>Geli\u015fmi\u015f Verimlilik ve Dayan\u0131kl\u0131l\u0131k i\u00e7in Hassas Ate\u015fleme Performans\u0131<\/strong><\/span><\/p>\n<p><span style=\"font-family: verdana, geneva, sans-serif; color: #636060;\">Motor performans\u0131n\u0131 ve yak\u0131t ekonomisini en \u00fcst d\u00fczeye \u00e7\u0131kar\u0131n\u00a0<strong>\u00c7ift \u0130ridyum Buji<\/strong> <strong>(OEM:90919-01297)<\/strong>Toyota'n\u0131n 1.8L, 2.0L ve 2.5L motorlar\u0131 i\u00e7in \u00f6zel olarak tasarlanm\u0131\u015ft\u0131r. A\u015fa\u011f\u0131dakileri kar\u015f\u0131lamak veya a\u015fmak \u00fczere tasarlanm\u0131\u015ft\u0131r<br \/>\nOEM standartlar\u0131na uygun bu y\u00fcksek performansl\u0131 buji Camry, Corolla, Auris, RAV4, Lexus modelleri i\u00e7in g\u00fcvenilir ate\u015fleme, azalt\u0131lm\u0131\u015f emisyon ve daha uzun hizmet \u00f6mr\u00fc sa\u011flar.<\/span><\/p>\n<hr \/>\n<ul>\n<li><span style=\"font-family: verdana, geneva, sans-serif; color: #736f6f;\"><strong><b>Daha Uzun Hizmet \u00d6mr\u00fc<\/b><\/strong><\/span><\/li>\n<\/ul>\n<p style=\"padding-left: 40px;\"><span style=\"font-family: verdana, geneva, sans-serif; color: #736f6f;\">\u00c7ift iridyum malzeme g\u00fc\u00e7l\u00fc oksidasyon direncine sahiptir ve yan elektrot<br \/>\nteknolojisi, buji aral\u0131\u011f\u0131n\u0131 neredeyse a\u015f\u0131nmas\u0131z hale getirir ve b\u00f6ylece hizmet \u00f6mr\u00fcn\u00fc uzat\u0131r.<\/span><\/p>\n<ul>\n<li><span style=\"font-family: verdana, geneva, sans-serif; color: #736f6f;\"><strong><b>Daha G\u00fc\u00e7l\u00fc Ate\u015fleme Performans\u0131<\/b><\/strong><\/span><\/li>\n<\/ul>\n<p style=\"padding-left: 40px;\"><span style=\"font-family: verdana, geneva, sans-serif; color: #736f6f;\">\u00c7ift iridyum \u00e7ift i\u011fneli tasar\u0131m, iyi termal iletkenlik, \"s\u0131cak eriyik\" kullan\u0131m\u0131<br \/>\nteknolojisi, y\u00fcksek derecede hava ge\u00e7irmezlik. S\u0131cakl\u0131\u011f\u0131n a\u015fa\u011f\u0131dakilere y\u00fckselmesini sa\u011flay\u0131n<br \/>\nba\u015flat\u0131ld\u0131ktan sonra birka\u00e7 saniye i\u00e7inde kendi kendini temizleme s\u0131cakl\u0131\u011f\u0131n\u0131 art\u0131rarak<br \/>\nba\u015far\u0131l\u0131 ate\u015fleme oran\u0131.<\/span><\/p>\n<ul>\n<li><span style=\"font-family: verdana, geneva, sans-serif; color: #736f6f;\"><strong><b>Daha H\u0131zl\u0131 Ate\u015fleme <\/b><\/strong><\/span><\/li>\n<\/ul>\n<p style=\"padding-left: 40px;\"><span style=\"font-family: verdana, geneva, sans-serif; color: #736f6f;\">Geli\u015ftirilmi\u015f yak\u0131t verimlili\u011fi ve daha yumu\u015fak h\u0131zlanma.<\/span><\/p>\n<ul>\n<li><span style=\"font-family: verdana, geneva, sans-serif; color: #736f6f;\"><strong><b>Yak\u0131t Tasarrufu<\/b><\/strong><\/span><\/li>\n<\/ul>\n<p style=\"padding-left: 40px;\"><span style=\"font-family: verdana, geneva, sans-serif; color: #736f6f;\">Yan elektrotlar koni \u015feklinde i\u015flenmi\u015ftir, bu da y\u00fck k\u00fcmelenmesini art\u0131r\u0131r<br \/>\netkisi yarat\u0131r ve ate\u015fleme yolunu iyile\u015ftirir, b\u00f6ylece yak\u0131t tasarrufu sa\u011flar ve ara\u00e7 bak\u0131m maliyetinden tasarruf etmek i\u00e7in \u00fc\u00e7 yollu katalitik konvert\u00f6r\u00fcn\u00fcz\u00fc korur.<\/span><\/p>\n<ul>\n<li><span style=\"font-family: verdana, geneva, sans-serif; color: #736f6f;\"><strong><b>Motor Sars\u0131nt\u0131s\u0131n\u0131 \u00c7\u00f6zme<\/b><\/strong><\/span><\/li>\n<\/ul>\n<p style=\"padding-left: 40px;\"><span style=\"font-family: verdana, geneva, sans-serif; color: #736f6f;\">Buji oksidasyonunun neden oldu\u011fu motor sars\u0131nt\u0131s\u0131n\u0131 etkili bir \u015fekilde \u00e7\u00f6zer ve motor g\u00fcc\u00fcn\u00fc art\u0131r\u0131r.<\/span><\/p>","protected":false},"excerpt":{"rendered":"<p><span style=\"font-family: verdana, geneva, sans-serif; color: #4a4747;\"><strong>\u00dcr\u00fcn Ad\u0131\uff1a<\/strong>\u00c7ift \u0130ridyum Buji <\/span><br \/>\n<span style=\"font-family: verdana, geneva, sans-serif; color: #4a4747;\"><strong>Garanti\uff1a<\/strong>1 y\u0131l<\/span><br \/>\n<span style=\"font-family: verdana, geneva, sans-serif; color: #4a4747;\"><strong>Durum\uff1a<\/strong>Yeni<\/span><br \/>\n<span style=\"font-family: verdana, geneva, sans-serif; color: #4a4747;\"><strong>Araba Modeli\uff1a<\/strong>Toyota Camry\/Corolla\/<span style=\"font-family: verdana, geneva, sans-serif; color: #636060;\">Auris<\/span>\/RAV4\/Lexus<\/span><br \/>\n<span style=\"font-family: verdana, geneva, sans-serif; color: #4a4747;\"><strong>OEM NO .:<\/strong> 90919-01297<\/span><br \/>\n<span style=\"font-family: verdana, geneva, sans-serif; color: #4a4747;\"><strong>Kalite:<\/strong>\u00a0100% Test Edildi<\/span><br \/>\n<span style=\"font-family: verdana, geneva, sans-serif; color: #4a4747;\"><strong>Teslimat S\u00fcresi:<\/strong>\u00a03-7 G\u00fcn<\/span><\/p>","protected":false},"featured_media":806,"comment_status":"closed","ping_status":"closed","template":"","meta":[],"product_cat":[18],"product_tag":[],"class_list":{"0":"post-805","1":"product","2":"type-product","3":"status-publish","4":"has-post-thumbnail","6":"product_cat-engine-parts","8":"first","9":"instock","10":"featured","11":"shipping-taxable","12":"product-type-simple"},"_links":{"self":[{"href":"https:\/\/carbitautoparts.com\/tr\/wp-json\/wp\/v2\/product\/805","targetHints":{"allow":["GET"]}}],"collection":[{"href":"https:\/\/carbitautoparts.com\/tr\/wp-json\/wp\/v2\/product"}],"about":[{"href":"https:\/\/carbitautoparts.com\/tr\/wp-json\/wp\/v2\/types\/product"}],"replies":[{"embeddable":true,"href":"https:\/\/carbitautoparts.com\/tr\/wp-json\/wp\/v2\/comments?post=805"}],"wp:featuredmedia":[{"embeddable":true,"href":"https:\/\/carbitautoparts.com\/tr\/wp-json\/wp\/v2\/media\/806"}],"wp:attachment":[{"href":"https:\/\/carbitautoparts.com\/tr\/wp-json\/wp\/v2\/media?parent=805"}],"wp:term":[{"taxonomy":"product_cat","embeddable":true,"href":"https:\/\/carbitautoparts.com\/tr\/wp-json\/wp\/v2\/product_cat?post=805"},{"taxonomy":"product_tag","embeddable":true,"href":"https:\/\/carbitautoparts.com\/tr\/wp-json\/wp\/v2\/product_tag?post=805"}],"curies":[{"name":"wp","href":"https:\/\/api.w.org\/{rel}","templated":true}]}}