{"id":828,"date":"2025-02-20T18:00:27","date_gmt":"2025-02-20T10:00:27","guid":{"rendered":"https:\/\/carbitautoparts.com\/?post_type=product&#038;p=828"},"modified":"2025-09-29T11:20:43","modified_gmt":"2025-09-29T03:20:43","slug":"mazda-3-starter-oem-88320-48150","status":"publish","type":"product","link":"https:\/\/carbitautoparts.com\/tr\/product\/mazda-3-mars-motoru-oem-88320-48150\/","title":{"rendered":"MAZDA 3 6 CX-5 Mar\u015f Motoru - OEM 88320-48150"},"content":{"rendered":"<p style=\"padding-left: 40px;\"><span style=\"font-family: verdana, geneva, sans-serif; color: #4d4949;\"><strong>Mazda Ara\u00e7lar\u0131 i\u00e7in Y\u00fcksek Performansl\u0131 Ate\u015fleme Sistemi Bile\u015feni<\/strong><\/span><\/p>\n<hr \/>\n<ul>\n<li><span style=\"font-family: verdana, geneva, sans-serif; color: #5c5757;\"><span style=\"font-family: verdana, geneva, sans-serif; color: #5c5757;\"><strong><b>H<\/b><\/strong><strong><b>igh<\/b><\/strong><strong><b>\u00a0P<\/b><\/strong><strong><b>performans<\/b><\/strong><strong><b>\u00a0D<\/b><\/strong><strong><b>TASARIM<\/b><\/strong><strong><b>: <\/b><\/strong>Daha y\u00fcksek mar\u015f verimlili\u011fi ve daha uzun hizmet \u00f6mr\u00fc sa\u011flamak i\u00e7in geli\u015fmi\u015f elektromanyetik teknoloji ve hassas bir di\u015fli sistemi kullan\u0131r. Hem a\u015f\u0131r\u0131 so\u011fuk hem de s\u0131cak ortamlarda h\u0131zl\u0131 ve g\u00fcvenilir bir \u015fekilde \u00e7al\u0131\u015fabilir.<\/span><\/span><\/li>\n<li><span style=\"font-family: verdana, geneva, sans-serif; color: #5c5757;\"><span style=\"font-family: verdana, geneva, sans-serif; color: #5c5757;\"><strong><b>E<\/b><\/strong><strong><b>M\u00fckemmel<\/b><\/strong><strong><b>\u00a0C<\/b><\/strong><strong><b>ompati\u0307kli\u0307k<\/b><\/strong><strong><b>: <\/b><\/strong>M\u00fckemmel uyumluluk sa\u011flamak i\u00e7in Mazda spesifikasyonlar\u0131na tam olarak uygun \u015fekilde \u00fcretilmi\u015ftir.<\/span><\/span><\/li>\n<li><span style=\"font-family: verdana, geneva, sans-serif; color: #5c5757;\"><strong><b>D<\/b><\/strong><strong><b>\u00dcRET\u0130LEB\u0130L\u0130RL\u0130K<\/b><\/strong><strong><b>:<\/b><\/strong>\u00a0\u00c7e\u015fitli iklimlerde dayan\u0131kl\u0131l\u0131k sa\u011flamak i\u00e7in y\u00fcksek mukavemetli malzemeler ve korozyona dayan\u0131kl\u0131 kaplamalar kullan\u0131r.<\/span><\/li>\n<\/ul>","protected":false},"excerpt":{"rendered":"<p><span style=\"font-family: verdana, geneva, sans-serif;\"><strong>\u00dcr\u00fcn Ad\u0131\uff1a<\/strong>Motor Mar\u015f Motoru<br \/>\n<\/span><strong style=\"font-family: verdana, geneva, sans-serif;\">Garanti\uff1a<\/strong><span style=\"font-family: verdana, geneva, sans-serif;\">1 y\u0131l<br \/>\n<\/span><strong style=\"font-family: verdana, geneva, sans-serif;\">Durum\uff1a<\/strong><span style=\"font-family: verdana, geneva, sans-serif;\">Yeni<br \/>\n<\/span><strong style=\"font-family: verdana, geneva, sans-serif;\">Araba Modeli\uff1a<\/strong><span style=\"font-family: verdana, geneva, sans-serif;\">MAZDA 3 6 CX-5<br \/>\n<\/span><strong style=\"font-family: verdana, geneva, sans-serif;\">Voltaj:\u00a0<\/strong><span style=\"font-family: verdana, geneva, sans-serif;\">12V<br \/>\n<\/span><strong style=\"font-family: verdana, geneva, sans-serif;\">OEM NO .: <\/strong><span style=\"font-family: verdana, geneva, sans-serif;\">PE0718400<br \/>\n<\/span><strong style=\"font-family: verdana, geneva, sans-serif;\">Kalite: <\/strong><span style=\"font-family: verdana, geneva, sans-serif;\">100% Test Edildi<\/span><br \/>\n<strong style=\"font-family: verdana, geneva, sans-serif;\">Teslimat S\u00fcresi: <\/strong><span style=\"font-family: verdana, geneva, sans-serif;\">3-7 G\u00fcn<\/span><\/p>","protected":false},"featured_media":851,"comment_status":"closed","ping_status":"closed","template":"","meta":[],"product_cat":[19],"product_tag":[],"class_list":{"0":"post-828","1":"product","2":"type-product","3":"status-publish","4":"has-post-thumbnail","6":"product_cat-electric-almotor-parts","8":"first","9":"instock","10":"shipping-taxable","11":"product-type-simple"},"_links":{"self":[{"href":"https:\/\/carbitautoparts.com\/tr\/wp-json\/wp\/v2\/product\/828","targetHints":{"allow":["GET"]}}],"collection":[{"href":"https:\/\/carbitautoparts.com\/tr\/wp-json\/wp\/v2\/product"}],"about":[{"href":"https:\/\/carbitautoparts.com\/tr\/wp-json\/wp\/v2\/types\/product"}],"replies":[{"embeddable":true,"href":"https:\/\/carbitautoparts.com\/tr\/wp-json\/wp\/v2\/comments?post=828"}],"wp:featuredmedia":[{"embeddable":true,"href":"https:\/\/carbitautoparts.com\/tr\/wp-json\/wp\/v2\/media\/851"}],"wp:attachment":[{"href":"https:\/\/carbitautoparts.com\/tr\/wp-json\/wp\/v2\/media?parent=828"}],"wp:term":[{"taxonomy":"product_cat","embeddable":true,"href":"https:\/\/carbitautoparts.com\/tr\/wp-json\/wp\/v2\/product_cat?post=828"},{"taxonomy":"product_tag","embeddable":true,"href":"https:\/\/carbitautoparts.com\/tr\/wp-json\/wp\/v2\/product_tag?post=828"}],"curies":[{"name":"wp","href":"https:\/\/api.w.org\/{rel}","templated":true}]}}