{"id":872,"date":"2025-02-21T11:17:26","date_gmt":"2025-02-21T03:17:26","guid":{"rendered":"https:\/\/carbitautoparts.com\/?post_type=product&#038;p=872"},"modified":"2025-03-31T09:28:01","modified_gmt":"2025-03-31T01:28:01","slug":"engine-valve-cover-for-bmw-3-5-7-x3-x5-series-oem-11127570292","status":"publish","type":"product","link":"https:\/\/carbitautoparts.com\/tr\/product\/bmw-3-5-7-x3-x5-seri\u0307si\u0307-i\u0307ci\u0307n-motor-supap-kapagi-oem-11127570292\/","title":{"rendered":"BMW 3\/5\/7\/X3\/X5 Serisi i\u00e7in Motor Valf Kapa\u011f\u0131-OEM 11127570292"},"content":{"rendered":"<p style=\"padding-left: 40px;\"><span style=\"font-family: verdana, geneva, sans-serif; color: #5e5959;\"><strong>BMW Motorlar\u0131 i\u00e7in Hassas Tasarlanm\u0131\u015f Koruma<\/strong><\/span><\/p>\n<hr \/>\n<ul>\n<li><span style=\"color: #636060;\"><span style=\"font-family: verdana, geneva, sans-serif;\"><strong>Geli\u015fmi\u015f Plastik Yap\u0131<br \/>\n<\/strong><\/span><span style=\"font-family: verdana, geneva, sans-serif;\"><strong><br \/>\n-Y\u00fcksek mukavemetli malzeme<\/strong><br \/>\n<\/span><span style=\"font-family: verdana, geneva, sans-serif;\"><strong>-Entegre PCV valfi<\/strong> hassas karter havaland\u0131rmas\u0131 i\u00e7in.<br \/>\n<\/span><span style=\"font-family: verdana, geneva, sans-serif;\"><strong>-Is\u0131ya dayan\u0131kl\u0131<\/strong> Turbo\u015farjl\u0131 motorlar i\u00e7in 180\u00b0C'ye (356\u00b0F) kadar.<\/span><\/span><\/li>\n<li><span style=\"font-family: verdana, geneva, sans-serif; color: #636060;\"><strong>S\u0131zd\u0131rmaz Tasar\u0131m<\/strong><\/span><span style=\"color: #636060;\"><span style=\"font-family: verdana, geneva, sans-serif;\"><strong>-\u00d6nceden y\u00fcklenmi\u015f h<\/strong><\/span><strong><span style=\"font-family: verdana, geneva, sans-serif;\">y\u00fcksek kaliteli kau\u00e7uk <\/span><\/strong><span style=\"font-family: verdana, geneva, sans-serif;\"><strong>conta<\/strong> \u00e7ok katmanl\u0131 s\u0131zd\u0131rmazl\u0131k teknolojisi ile,<br \/>\n<\/span><span style=\"font-family: verdana, geneva, sans-serif;\">daha uzun hizmet \u00f6mr\u00fc i\u00e7in y\u00fcksek s\u0131cakl\u0131\u011fa ve korozyona dayan\u0131kl\u0131d\u0131r.<br \/>\n<\/span><strong style=\"font-family: verdana, geneva, sans-serif;\">-\u00c7arpma \u00f6nleyici kaburgalar<\/strong><span style=\"font-family: verdana, geneva, sans-serif;\">\u00a0uzun vadeli istikrar i\u00e7in<\/span><\/span><\/li>\n<li><span style=\"color: #636060;\"><strong><span style=\"font-family: verdana, geneva, sans-serif;\">Orijinal Hassas Boyut Tasar\u0131m\u0131<\/span><\/strong><\/span><span style=\"font-family: verdana, geneva, sans-serif; color: #636060;\">Orijinal hassas boyut tasar\u0131m\u0131n\u0131n kurulumu kolay ve h\u0131zl\u0131d\u0131r, de\u011fi\u015ftirmeye gerek yoktur.<\/span><\/li>\n<\/ul>\n<p>&nbsp;<\/p>","protected":false},"excerpt":{"rendered":"<p><span style=\"font-family: verdana, geneva, sans-serif;\"><strong>\u00dcr\u00fcn Ad\u0131\uff1a<\/strong>Far Tertibat\u0131<\/span><br \/>\n<span style=\"font-family: verdana, geneva, sans-serif;\"><strong>Garanti\uff1a<\/strong>1 y\u0131l<\/span><br \/>\n<span style=\"font-family: verdana, geneva, sans-serif;\"><strong>Durum\uff1a<\/strong>Yeni<\/span><br \/>\n<span style=\"font-family: verdana, geneva, sans-serif;\"><strong>Araba Modeli\uff1a<\/strong>BMW 1\/3\/5\/6\/7\/X3\/X5\/X6 Serisi<\/span><br \/>\n<span style=\"font-family: verdana, geneva, sans-serif;\"><strong>OEM NO .:<\/strong> 11127570292<\/span><br \/>\n<span style=\"font-family: verdana, geneva, sans-serif;\"><strong>Kalite:<\/strong>\u00a0100% Test Edildi<\/span><br \/>\n<span style=\"font-family: verdana, geneva, sans-serif;\"><strong>Teslimat S\u00fcresi:<\/strong>\u00a03-7 G\u00fcn<\/span><\/p>","protected":false},"featured_media":881,"comment_status":"closed","ping_status":"closed","template":"","meta":[],"product_cat":[18],"product_tag":[],"class_list":{"0":"post-872","1":"product","2":"type-product","3":"status-publish","4":"has-post-thumbnail","6":"product_cat-engine-parts","8":"first","9":"instock","10":"shipping-taxable","11":"product-type-simple"},"_links":{"self":[{"href":"https:\/\/carbitautoparts.com\/tr\/wp-json\/wp\/v2\/product\/872","targetHints":{"allow":["GET"]}}],"collection":[{"href":"https:\/\/carbitautoparts.com\/tr\/wp-json\/wp\/v2\/product"}],"about":[{"href":"https:\/\/carbitautoparts.com\/tr\/wp-json\/wp\/v2\/types\/product"}],"replies":[{"embeddable":true,"href":"https:\/\/carbitautoparts.com\/tr\/wp-json\/wp\/v2\/comments?post=872"}],"wp:featuredmedia":[{"embeddable":true,"href":"https:\/\/carbitautoparts.com\/tr\/wp-json\/wp\/v2\/media\/881"}],"wp:attachment":[{"href":"https:\/\/carbitautoparts.com\/tr\/wp-json\/wp\/v2\/media?parent=872"}],"wp:term":[{"taxonomy":"product_cat","embeddable":true,"href":"https:\/\/carbitautoparts.com\/tr\/wp-json\/wp\/v2\/product_cat?post=872"},{"taxonomy":"product_tag","embeddable":true,"href":"https:\/\/carbitautoparts.com\/tr\/wp-json\/wp\/v2\/product_tag?post=872"}],"curies":[{"name":"wp","href":"https:\/\/api.w.org\/{rel}","templated":true}]}}