{"id":891,"date":"2025-02-21T19:33:21","date_gmt":"2025-02-21T11:33:21","guid":{"rendered":"https:\/\/carbitautoparts.com\/?post_type=product&#038;p=891"},"modified":"2025-03-07T17:36:57","modified_gmt":"2025-03-07T09:36:57","slug":"carbon-ceramic-car-brake-disc-for-audi-s6-s7-c7-rs5-rs6-rs7-porsche","status":"publish","type":"product","link":"https:\/\/carbitautoparts.com\/tr\/product\/audi-s6-s7-c7-rs5-rs6-rs7-porsche-icin-karbon-seramik-araba-fren-diski\/","title":{"rendered":"Audi S6 S7 C7 RS5 RS6 RS7 i\u00e7in Karbon Seramik Araba Fren Diski"},"content":{"rendered":"<h1 style=\"padding-left: 40px;\"><span style=\"font-family: verdana, geneva, sans-serif;\"><strong>Karbon Seramik Fren Diski | L\u00fcks ve Spor Otomobiller i\u00e7in Y\u00fcksek Performansl\u0131 Frenleme<\/strong><\/span><\/h1>\n<hr \/>\n<p style=\"padding-left: 40px;\"><span style=\"font-family: verdana, geneva, sans-serif;\"><strong>E\u015fsiz Durdurma G\u00fcc\u00fc ve Dayan\u0131kl\u0131l\u0131k<\/strong><\/span><\/p>\n<p style=\"padding-left: 40px;\"><span style=\"font-family: verdana, geneva, sans-serif;\">Premium fren sistemimiz ile arac\u0131n\u0131z\u0131n fren sistemini y\u00fckseltin\u00a0<strong>Karbon Seramik Fren Diskleri<\/strong>y\u00fcksek performansl\u0131 s\u00fcr\u00fc\u015f i\u00e7in tasarlanm\u0131\u015ft\u0131r. \u00dcst\u00fcn durdurma g\u00fcc\u00fc, d\u00fc\u015f\u00fck a\u011f\u0131rl\u0131k ve ola\u011fan\u00fcst\u00fc dayan\u0131kl\u0131l\u0131k sunmak \u00fczere tasarlanan bu fren diskleri, l\u00fcks ve spor otomobil tutkunlar\u0131 i\u00e7in en iyi se\u00e7imdir.<\/span><\/p>\n<p>\u00a0 \u00a0 <img fetchpriority=\"high\" decoding=\"async\" class=\"size-large wp-image-903 aligncenter\" src=\"https:\/\/carbitautoparts.com\/wp-content\/uploads\/2025\/02\/9cbfb11d7c6a9731f4bc0be0912af6c7-1024x569.jpg\" alt=\"\" width=\"1024\" height=\"569\" srcset=\"https:\/\/carbitautoparts.com\/wp-content\/uploads\/2025\/02\/9cbfb11d7c6a9731f4bc0be0912af6c7-1024x569.jpg 1024w, https:\/\/carbitautoparts.com\/wp-content\/uploads\/2025\/02\/9cbfb11d7c6a9731f4bc0be0912af6c7-300x167.jpg 300w, https:\/\/carbitautoparts.com\/wp-content\/uploads\/2025\/02\/9cbfb11d7c6a9731f4bc0be0912af6c7-768x427.jpg 768w, https:\/\/carbitautoparts.com\/wp-content\/uploads\/2025\/02\/9cbfb11d7c6a9731f4bc0be0912af6c7-600x333.jpg 600w, https:\/\/carbitautoparts.com\/wp-content\/uploads\/2025\/02\/9cbfb11d7c6a9731f4bc0be0912af6c7-150x83.jpg 150w, https:\/\/carbitautoparts.com\/wp-content\/uploads\/2025\/02\/9cbfb11d7c6a9731f4bc0be0912af6c7.jpg 1080w\" sizes=\"(max-width: 1024px) 100vw, 1024px\" \/><\/p>\n<p>&nbsp;<\/p>\n<ul>\n<li><span style=\"font-family: verdana, geneva, sans-serif;\"><strong><b>Hafif A\u011f\u0131rl\u0131k:<\/b><\/strong><\/span><\/li>\n<\/ul>\n<p style=\"padding-left: 40px;\"><span style=\"font-family: verdana, geneva, sans-serif;\">Arac\u0131 daha esnek hale getirin. Yo\u011funluk gri d\u00f6kme demirin sadece 1\/3'\u00fc kadard\u0131r, amortis\u00f6r alt\u0131ndaki a\u011f\u0131rl\u0131\u011f\u0131 etkili bir \u015fekilde azalt\u0131r, ara\u00e7 kullan\u0131m\u0131n\u0131 iyile\u015ftirir.<\/span><\/p>\n<ul>\n<li><span style=\"font-family: verdana, geneva, sans-serif;\"><strong><b>Y\u00fcksek S\u00fcrt\u00fcnme Katsay\u0131s\u0131.<\/b><\/strong><\/span><\/li>\n<\/ul>\n<p style=\"padding-left: 40px;\"><span style=\"font-family: verdana, geneva, sans-serif;\">Daha k\u0131sa fren mesafesi daha g\u00fcvenli durma sa\u011flar.<\/span><\/p>\n<p style=\"padding-left: 40px;\"><span style=\"font-family: verdana, geneva, sans-serif;\">Karbon seramik fren sistemi geli\u015fmi\u015f frenleme performans\u0131 sunarak frenleme s\u00fcrecini daha g\u00fcvenli ve g\u00fcvenilir hale getirir.<\/span><\/p>\n<ul>\n<li><span style=\"font-family: verdana, geneva, sans-serif;\"><strong><b>Islak hal zay\u0131flamas\u0131 yok. <\/b><\/strong><\/span><\/li>\n<\/ul>\n<p style=\"padding-left: 40px;\"><span style=\"font-family: verdana, geneva, sans-serif;\">Ya\u011fmurlu g\u00fcnlerde frenleme kuvveti azalmaz.<\/span><\/p>\n<ul>\n<li><span style=\"font-family: verdana, geneva, sans-serif;\"><strong><b>Is\u0131 zay\u0131flamas\u0131 yok <\/b><\/strong><\/span><\/li>\n<\/ul>\n<p style=\"padding-left: 40px;\"><span style=\"font-family: verdana, geneva, sans-serif;\">S\u00fcrekli frenlemenin y\u00fcksek s\u0131cakl\u0131k (1200\u00b0C) ko\u015fullar\u0131 alt\u0131nda, karbon seramik frenleme sisteminin frenleme kuvveti neredeyse hi\u00e7 zay\u0131flama g\u00f6stermez.<\/span><\/p>\n<ul>\n<li><span style=\"font-family: verdana, geneva, sans-serif;\"><strong><b>\u0130yi kimyasal stabilite <\/b><\/strong><\/span><\/li>\n<\/ul>\n<p style=\"padding-left: 40px;\"><span style=\"font-family: verdana, geneva, sans-serif;\">Paslanmaz, asit, alkali ve tuz erozyonuna kar\u015f\u0131 dayan\u0131kl\u0131d\u0131r.<\/span><\/p>\n<ul>\n<li><span style=\"font-family: verdana, geneva, sans-serif;\"><strong><b>Uzun hizmet \u00f6mr\u00fc<\/b><\/strong><\/span><\/li>\n<\/ul>\n<p style=\"padding-left: 40px;\"><span style=\"font-family: verdana, geneva, sans-serif;\">Hizmet \u00f6mr\u00fc geleneksel d\u00f6kme demir fren disklerinden \u00e7ok daha uzundur.<\/span><\/p>","protected":false},"excerpt":{"rendered":"<p><span style=\"font-family: verdana, geneva, sans-serif;\"><strong>\u00dcr\u00fcn Ad\u0131\uff1a<\/strong>Karbon Seramik Fren Diski<\/span><br \/>\n<span style=\"font-family: verdana, geneva, sans-serif;\"><strong>Garanti\uff1a<\/strong>1 y\u0131l<\/span><br \/>\n<span style=\"font-family: verdana, geneva, sans-serif;\"><strong>Durum\uff1a<\/strong>Yeni<br \/>\n<strong>Yo\u011funluk:\u00a0 <\/strong>2.0\u00b10.05g\/cm3<br \/>\n<strong>\u00c7ekme Dayan\u0131m\u0131: <\/strong>87MPa<br \/>\n<strong>Bas\u0131n\u00e7 Dayan\u0131m\u0131:<\/strong> 212MPa<br \/>\n<strong>E\u011filme Dayan\u0131m\u0131: <\/strong>189MPa<br \/>\n<strong>\u0130nterlaminar Kesme Dayan\u0131m\u0131: <\/strong>26MPa<br \/>\n<strong>D\u00fczlem \u0130\u00e7i Kesme Dayan\u0131m\u0131: <\/strong>49MPa<br \/>\n<strong>Oda S\u0131cakl\u0131\u011f\u0131 \u00d6zg\u00fcl Is\u0131s\u0131: <\/strong>1140-1880(RT-1200\u00baC)J\/kg\u00b7k<br \/>\n<strong>Termal \u0130letkenlik: <\/strong>40~50W\/mK<\/span><br \/>\n<span style=\"font-family: verdana, geneva, sans-serif;\"><strong>Kalite:<\/strong>\u00a0100% Test Edildi<\/span><\/p>","protected":false},"featured_media":911,"comment_status":"closed","ping_status":"closed","template":"","meta":[],"product_cat":[15],"product_tag":[],"class_list":{"0":"post-891","1":"product","2":"type-product","3":"status-publish","4":"has-post-thumbnail","6":"product_cat-brake-parts","8":"first","9":"instock","10":"shipping-taxable","11":"product-type-simple"},"_links":{"self":[{"href":"https:\/\/carbitautoparts.com\/tr\/wp-json\/wp\/v2\/product\/891","targetHints":{"allow":["GET"]}}],"collection":[{"href":"https:\/\/carbitautoparts.com\/tr\/wp-json\/wp\/v2\/product"}],"about":[{"href":"https:\/\/carbitautoparts.com\/tr\/wp-json\/wp\/v2\/types\/product"}],"replies":[{"embeddable":true,"href":"https:\/\/carbitautoparts.com\/tr\/wp-json\/wp\/v2\/comments?post=891"}],"wp:featuredmedia":[{"embeddable":true,"href":"https:\/\/carbitautoparts.com\/tr\/wp-json\/wp\/v2\/media\/911"}],"wp:attachment":[{"href":"https:\/\/carbitautoparts.com\/tr\/wp-json\/wp\/v2\/media?parent=891"}],"wp:term":[{"taxonomy":"product_cat","embeddable":true,"href":"https:\/\/carbitautoparts.com\/tr\/wp-json\/wp\/v2\/product_cat?post=891"},{"taxonomy":"product_tag","embeddable":true,"href":"https:\/\/carbitautoparts.com\/tr\/wp-json\/wp\/v2\/product_tag?post=891"}],"curies":[{"name":"wp","href":"https:\/\/api.w.org\/{rel}","templated":true}]}}