{"id":904,"date":"2025-02-23T13:12:50","date_gmt":"2025-02-23T05:12:50","guid":{"rendered":"https:\/\/carbitautoparts.com\/?post_type=product&#038;p=904"},"modified":"2025-03-08T11:37:44","modified_gmt":"2025-03-08T03:37:44","slug":"aluminum-based-silicon-carbide-brake-discs","status":"publish","type":"product","link":"https:\/\/carbitautoparts.com\/tr\/product\/aluminyum-bazli-silisyum-karbur-fren-diskleri\/","title":{"rendered":"Al\u00fcminyum Bazl\u0131 Silisyum Karb\u00fcr (AlSiC) Fren Diskleri"},"content":{"rendered":"<h1 style=\"padding-left: 40px;\"><span style=\"font-family: verdana, geneva, sans-serif; color: #635e5e;\"><strong>Al\u00fcminyum <span style=\"font-family: verdana, geneva, sans-serif;\">Tabanl\u0131 <\/span>Silisyum Karb\u00fcr (AlSiC) Fren Diskleri | Geli\u015fmi\u015f Frenleme Performans\u0131<\/strong><\/span><\/h1>\n<p style=\"padding-left: 40px;\"><span style=\"font-family: verdana, geneva, sans-serif; font-size: 14pt; color: #7a7777;\"><strong>\u00dcst\u00fcn Is\u0131 Da\u011f\u0131t\u0131m\u0131 ve A\u011f\u0131rl\u0131k Azalt\u0131m\u0131 i\u00e7in Tasarland\u0131<\/strong><\/span><\/p>\n<hr \/>\n<p style=\"padding-left: 40px;\"><span style=\"font-family: verdana, geneva, sans-serif; color: #575454;\">Son teknoloji \u00fcr\u00fcnlerimizle arac\u0131n\u0131z\u0131n fren performans\u0131n\u0131 y\u00fckseltin\u00a0<strong>Al\u00fcminyum Bazl\u0131 Silisyum Karb\u00fcr (AlSiC) Fren Diskleri<\/strong>. Havac\u0131l\u0131k s\u0131n\u0131f\u0131 malzemeleri hassas m\u00fchendislikle birle\u015ftiren bu rotorlar l\u00fcks, spor ve y\u00fcksek performansl\u0131 elektrikli ara\u00e7lar i\u00e7in benzersiz dayan\u0131kl\u0131l\u0131k, termal stabilite ve verimlilik sunar.<\/span><\/p>\n<p><img fetchpriority=\"high\" decoding=\"async\" class=\"aligncenter size-full wp-image-1666\" src=\"http:\/\/carbitautoparts.com\/wp-content\/uploads\/2025\/02\/ChMkJ1bKyF2IAzc8AAWbKjY7JKgAALIBAOHQ-EABZtC900_\u526f\u672c.jpg\" alt=\"Profesyonel Al\u00fcminyum Esasl\u0131 Silisyum Karb\u00fcr Fren Diskleri \u00dcreticisi\" width=\"800\" height=\"500\" srcset=\"https:\/\/carbitautoparts.com\/wp-content\/uploads\/2025\/02\/ChMkJ1bKyF2IAzc8AAWbKjY7JKgAALIBAOHQ-EABZtC900_\u526f\u672c.jpg 800w, https:\/\/carbitautoparts.com\/wp-content\/uploads\/2025\/02\/ChMkJ1bKyF2IAzc8AAWbKjY7JKgAALIBAOHQ-EABZtC900_\u526f\u672c-300x188.jpg 300w, https:\/\/carbitautoparts.com\/wp-content\/uploads\/2025\/02\/ChMkJ1bKyF2IAzc8AAWbKjY7JKgAALIBAOHQ-EABZtC900_\u526f\u672c-768x480.jpg 768w, https:\/\/carbitautoparts.com\/wp-content\/uploads\/2025\/02\/ChMkJ1bKyF2IAzc8AAWbKjY7JKgAALIBAOHQ-EABZtC900_\u526f\u672c-18x12.jpg 18w, https:\/\/carbitautoparts.com\/wp-content\/uploads\/2025\/02\/ChMkJ1bKyF2IAzc8AAWbKjY7JKgAALIBAOHQ-EABZtC900_\u526f\u672c-600x375.jpg 600w, https:\/\/carbitautoparts.com\/wp-content\/uploads\/2025\/02\/ChMkJ1bKyF2IAzc8AAWbKjY7JKgAALIBAOHQ-EABZtC900_\u526f\u672c-150x94.jpg 150w\" sizes=\"(max-width: 800px) 100vw, 800px\" \/><\/p>\n<p>&nbsp;<\/p>\n<ul>\n<li><span style=\"font-family: verdana, geneva, sans-serif; font-size: 14pt; color: #575454;\"><strong>Geli\u015fmi\u015f Performans i\u00e7in Hafif Tasar\u0131m<\/strong><\/span><\/li>\n<\/ul>\n<p style=\"padding-left: 40px;\"><span style=\"font-family: verdana, geneva, sans-serif; color: #575454;\"><strong>Yo\u011funluk<\/strong>: Sadece bir yo\u011funluk ile\u00a0<strong>2,8-3,0 g\/cm\u00b3<\/strong>AlSiC rotorlar\u0131m\u0131z\u00a0<strong>50-60% \u00e7akmak<\/strong>\u00a0geleneksel d\u00f6kme demir rotorlara g\u00f6re (7,8 g\/cm\u00b3).<\/span><\/p>\n<p style=\"padding-left: 40px;\"><span style=\"font-family: verdana, geneva, sans-serif; color: #575454;\"><strong>Etki<\/strong>: Yay alt\u0131ndaki a\u011f\u0131rl\u0131\u011f\u0131 \u015fu kadar azalt\u0131r\u00a0<strong>40%<\/strong>Ara\u00e7 dinamiklerini, h\u0131zlanmay\u0131 ve yak\u0131t verimlili\u011fini art\u0131r\u0131r. Elektrikli ara\u00e7lar (EV'ler) ve y\u00fcksek performansl\u0131 otomobiller i\u00e7in idealdir.<\/span><\/p>\n<p>&nbsp;<\/p>\n<ul>\n<li><span style=\"font-family: verdana, geneva, sans-serif; font-size: 14pt; color: #575454;\"><strong>\u00dcst\u00fcn Termal Y\u00f6netim<\/strong><\/span><\/li>\n<\/ul>\n<p style=\"padding-left: 40px;\"><span style=\"font-family: verdana, geneva, sans-serif; color: #575454;\"><strong>Termal \u0130letkenlik<\/strong>: Rotorlar\u0131m\u0131z a\u015fa\u011f\u0131daki termal iletkenli\u011fe sahiptir\u00a0<strong>160-200 W\/m-K<\/strong>d\u00f6kme demirden \u00f6nemli \u00f6l\u00e7\u00fcde daha y\u00fcksektir.\u00a0<strong>50-55 W\/m-K<\/strong>.<\/span><\/p>\n<p style=\"padding-left: 40px;\"><span style=\"font-family: verdana, geneva, sans-serif; color: #575454;\"><strong>Is\u0131 Da\u011f\u0131l\u0131m\u0131<\/strong>: En y\u00fcksek \u00e7al\u0131\u015fma s\u0131cakl\u0131klar\u0131n\u0131 \u015fu kadar azalt\u0131r\u00a0<strong>15-25%<\/strong>termal solmay\u0131 en aza indirerek ve sabit bir s\u00fcrt\u00fcnme katsay\u0131s\u0131 (\u03bc \u2248\u00a0<strong>0.4-0.45<\/strong>) a\u015fan s\u0131cakl\u0131klarda bile\u00a0<strong>600\u00b0C<\/strong>.<\/span><\/p>\n<p>&nbsp;<\/p>\n<ul>\n<li><span style=\"font-family: verdana, geneva, sans-serif; font-size: 14pt; color: #575454;\"><strong>Ola\u011fan\u00fcst\u00fc A\u015f\u0131nma Direnci ve Uzun \u00d6m\u00fcrl\u00fcl\u00fck<\/strong><\/span><\/li>\n<\/ul>\n<p style=\"padding-left: 40px;\"><span style=\"font-family: verdana, geneva, sans-serif; color: #575454;\"><strong>Sertlik<\/strong>: A\u015fa\u011f\u0131dakilerin dahil edilmesi\u00a0<strong>20-30% silisyum karb\u00fcr (SiC)<\/strong>\u00a0hacim olarak Vickers sertli\u011fi sa\u011flar\u00a0<strong>250-300 HV<\/strong>ile kar\u015f\u0131la\u015ft\u0131r\u0131ld\u0131\u011f\u0131nda\u00a0<strong>180-220 HV<\/strong>\u00a0d\u00f6kme demir i\u00e7in.<\/span><\/p>\n<p style=\"padding-left: 40px;\"><span style=\"font-family: verdana, geneva, sans-serif; color: #575454;\"><strong>Dayan\u0131kl\u0131l\u0131k<\/strong>: A\u015f\u0131nma oranlar\u0131\u00a0<strong>40-60% alt<\/strong>\u00a0rotor \u00f6mr\u00fcn\u00fc d\u00f6kme demirden daha fazla uzat\u0131r.\u00a0<strong>2-3\u00d7<\/strong>\u00a0a\u015f\u0131r\u0131 s\u00fcr\u00fc\u015f ko\u015fullar\u0131 alt\u0131nda.<\/span><\/p>\n<p>&nbsp;<\/p>\n<ul>\n<li><span style=\"font-family: verdana, geneva, sans-serif; font-size: 14pt; color: #575454;\"><strong>Optimize Edilmi\u015f Termal Genle\u015fme ve Kararl\u0131l\u0131k<\/strong><\/span><\/li>\n<\/ul>\n<p style=\"padding-left: 40px;\"><span style=\"font-family: verdana, geneva, sans-serif; color: #575454;\"><strong>CTE<\/strong>: AlSiC rotorlar\u0131m\u0131z a\u015fa\u011f\u0131daki termal genle\u015fme katsay\u0131s\u0131na (CTE) sahiptir\u00a0<strong>7-9 ppm\/\u00b0C<\/strong>, yak\u0131ndan e\u015fle\u015fen \u00e7elik g\u00f6bekler (\u2248<strong>11 ppm\/\u00b0C<\/strong>).<\/span><\/p>\n<p style=\"padding-left: 40px;\"><span style=\"font-family: verdana, geneva, sans-serif; color: #575454;\"><strong>Performans<\/strong>: Termal gerilimi ve bozulmay\u0131 azaltarak balata-rotor temas\u0131n\u0131n ve frenleme performans\u0131n\u0131n tutarl\u0131 olmas\u0131n\u0131 sa\u011flar.<\/span><\/p>\n<p>&nbsp;<\/p>\n<ul>\n<li><span style=\"font-family: verdana, geneva, sans-serif; font-size: 14pt; color: #575454;\"><strong>Zorlu Ortamlar i\u00e7in Korozyon Direnci<\/strong><\/span><\/li>\n<\/ul>\n<p style=\"padding-left: 40px;\"><span style=\"font-family: verdana, geneva, sans-serif; color: #575454;\"><strong>Koruma<\/strong>: Al\u00fcminyum matris do\u011fal bir oksit tabakas\u0131 olu\u015ftururken SiC kimyasal bozulmaya kar\u015f\u0131 diren\u00e7 g\u00f6sterir.<\/span><\/p>\n<p style=\"padding-left: 40px;\"><span style=\"font-family: verdana, geneva, sans-serif; color: #575454;\"><strong>Test<\/strong>: Tuz p\u00fcsk\u00fcrtme testleri (ASTM B117) g\u00f6stermektedir ki\u00a0<strong>&lt;5% y\u00fczey korozyonu<\/strong>\u00a01.000 saat sonra\u00a0<strong>&gt;20%<\/strong>\u00a0d\u00f6kme demir i\u00e7in.<\/span><\/p>\n<p>&nbsp;<\/p>\n<ul>\n<li><span style=\"font-family: verdana, geneva, sans-serif; font-size: 14pt; color: #575454;\"><strong>Y\u00fcksek Spesifik Sertlik ve Yorulma Direnci<\/strong><\/span><\/li>\n<\/ul>\n<p style=\"padding-left: 40px;\"><span style=\"color: #575454;\"><strong style=\"font-family: verdana, geneva, sans-serif;\">Sertlik<\/strong><span style=\"font-family: verdana, geneva, sans-serif;\">: Spesifik sertlik ula\u015f\u0131r\u00a0<\/span><strong style=\"font-family: verdana, geneva, sans-serif;\">35-40 GPa-cm\u00b3\/g<\/strong><span style=\"font-family: verdana, geneva, sans-serif;\">d\u00f6kme demirden daha iyi performans g\u00f6steriyor\u00a0<\/span><strong style=\"font-family: verdana, geneva, sans-serif;\">25 GPa-cm\u00b3\/g<\/strong><span style=\"font-family: verdana, geneva, sans-serif;\">.<\/span><\/span><\/p>\n<p style=\"padding-left: 40px;\"><span style=\"font-family: verdana, geneva, sans-serif; color: #575454;\"><strong>Yorulma Dayan\u0131m\u0131<\/strong>: 10\u2077 d\u00f6ng\u00fcde yorulma direnci\u00a0<strong>120-150 MPa<\/strong>,\u00a0<strong>2 kat daha y\u00fcksek<\/strong>\u00a0d\u00f6kme demirden daha fazla.<\/span><\/p>\n<p>&nbsp;<\/p>\n<ul>\n<li><span style=\"font-family: verdana, geneva, sans-serif; font-size: 14pt; color: #575454;\"><strong>Karbon Serami\u011fe Uygun Maliyetli Alternatif<\/strong><\/span><\/li>\n<\/ul>\n<p style=\"padding-left: 40px;\"><span style=\"font-family: verdana, geneva, sans-serif; color: #575454;\"><strong>Maliyet<\/strong>: AlSiC rotorlar\u0131m\u0131z\u00a0<strong>50-70% daha uygun fiyatl\u0131<\/strong>\u00a0karbon-seramik sistemlere k\u0131yasla \u00e7ok daha d\u00fc\u015f\u00fck fiyata benzer performans sunar.<\/span><\/p>\n<h3 style=\"padding-left: 40px;\"><span style=\"font-family: verdana, geneva, sans-serif; color: #575454;\"><strong>Performans Verileri \u00d6zeti<\/strong><\/span><\/h3>\n<table style=\"margin-left: 40px;\">\n<tbody style=\"padding-left: 40px;\">\n<tr style=\"padding-left: 40px;\">\n<td style=\"padding-left: 40px;\">\n<p style=\"padding-left: 40px;\"><span style=\"font-family: verdana, geneva, sans-serif; color: #575454;\"><strong><b>M\u00fclkiyet<\/b><\/strong><\/span><\/p>\n<\/td>\n<td style=\"padding-left: 40px;\">\n<p style=\"padding-left: 40px;\"><span style=\"font-family: verdana, geneva, sans-serif; color: #575454;\"><strong><b>AlSiC Fren Rotorlar\u0131<\/b><\/strong><\/span><\/p>\n<\/td>\n<td style=\"padding-left: 40px;\">\n<p style=\"padding-left: 40px;\"><span style=\"font-family: verdana, geneva, sans-serif; color: #575454;\"><strong><b>D\u00f6kme Demir Rotorlar<\/b><\/strong><\/span><\/p>\n<\/td>\n<td style=\"padding-left: 40px;\">\n<p style=\"padding-left: 40px;\"><span style=\"font-family: verdana, geneva, sans-serif; color: #575454;\"><strong><b>Karbon-Seramik Rotorlar<\/b><\/strong><\/span><\/p>\n<\/td>\n<\/tr>\n<tr style=\"padding-left: 40px;\">\n<td style=\"padding-left: 40px;\">\n<p style=\"padding-left: 40px;\"><span style=\"font-family: verdana, geneva, sans-serif; color: #575454;\">Yo\u011funluk (g\/cm\u00b3)<\/span><\/p>\n<\/td>\n<td style=\"padding-left: 40px;\">\n<p style=\"padding-left: 40px;\"><span style=\"font-family: verdana, geneva, sans-serif; color: #575454;\">2.8-3.0<\/span><\/p>\n<\/td>\n<td style=\"padding-left: 40px;\">\n<p style=\"padding-left: 40px;\"><span style=\"font-family: verdana, geneva, sans-serif; color: #575454;\">7.8<\/span><\/p>\n<\/td>\n<td style=\"padding-left: 40px;\">\n<p style=\"padding-left: 40px;\"><span style=\"font-family: verdana, geneva, sans-serif; color: #575454;\">2.5-2.7<\/span><\/p>\n<\/td>\n<\/tr>\n<tr style=\"padding-left: 40px;\">\n<td style=\"padding-left: 40px;\">\n<p style=\"padding-left: 40px;\"><span style=\"font-family: verdana, geneva, sans-serif; color: #575454;\">Termal \u0130letkenlik (W\/m-K)<\/span><\/p>\n<\/td>\n<td style=\"padding-left: 40px;\">\n<p style=\"padding-left: 40px;\"><span style=\"font-family: verdana, geneva, sans-serif; color: #575454;\">160-200<\/span><\/p>\n<\/td>\n<td style=\"padding-left: 40px;\">\n<p style=\"padding-left: 40px;\"><span style=\"font-family: verdana, geneva, sans-serif; color: #575454;\">50-55<\/span><\/p>\n<\/td>\n<td style=\"padding-left: 40px;\">\n<p style=\"padding-left: 40px;\"><span style=\"font-family: verdana, geneva, sans-serif; color: #575454;\">200-250<\/span><\/p>\n<\/td>\n<\/tr>\n<tr style=\"padding-left: 40px;\">\n<td style=\"padding-left: 40px;\">\n<p style=\"padding-left: 40px;\"><span style=\"font-family: verdana, geneva, sans-serif; color: #575454;\">Sertlik (HV)<\/span><\/p>\n<\/td>\n<td style=\"padding-left: 40px;\">\n<p style=\"padding-left: 40px;\"><span style=\"font-family: verdana, geneva, sans-serif; color: #575454;\">250-300<\/span><\/p>\n<\/td>\n<td style=\"padding-left: 40px;\">\n<p style=\"padding-left: 40px;\"><span style=\"font-family: verdana, geneva, sans-serif; color: #575454;\">180-220<\/span><\/p>\n<\/td>\n<td style=\"padding-left: 40px;\">\n<p style=\"padding-left: 40px;\"><span style=\"font-family: verdana, geneva, sans-serif; color: #575454;\">1,500-2,000<\/span><\/p>\n<\/td>\n<\/tr>\n<tr style=\"padding-left: 40px;\">\n<td style=\"padding-left: 40px;\">\n<p style=\"padding-left: 40px;\"><span style=\"font-family: verdana, geneva, sans-serif; color: #575454;\">CTE (ppm\/\u00b0C)<\/span><\/p>\n<\/td>\n<td style=\"padding-left: 40px;\">\n<p style=\"padding-left: 40px;\"><span style=\"font-family: verdana, geneva, sans-serif; color: #575454;\">7-9<\/span><\/p>\n<\/td>\n<td style=\"padding-left: 40px;\">\n<p style=\"padding-left: 40px;\"><span style=\"font-family: verdana, geneva, sans-serif; color: #575454;\">12-14<\/span><\/p>\n<\/td>\n<td style=\"padding-left: 40px;\">\n<p style=\"padding-left: 40px;\"><span style=\"font-family: verdana, geneva, sans-serif; color: #575454;\">4-6<\/span><\/p>\n<\/td>\n<\/tr>\n<\/tbody>\n<\/table>\n<h3 style=\"padding-left: 40px;\"><span style=\"font-family: verdana, geneva, sans-serif; color: #575454;\"><strong>Neden Al\u00fcminyumumuzu Se\u00e7melisiniz<\/strong><strong>\u00a0Tabanl\u0131<\/strong><strong>\u00a0Silisyum Karb\u00fcr (AlSiC) Fren <\/strong><strong>Disk<\/strong><strong>s?<\/strong><\/span><\/h3>\n<p style=\"padding-left: 40px;\"><span style=\"font-family: verdana, geneva, sans-serif; color: #575454;\"><strong>Kan\u0131tlanm\u0131\u015f Performans<\/strong>: Motor sporlar\u0131, havac\u0131l\u0131k ve y\u00fcksek performansl\u0131 otomotiv sekt\u00f6rlerinde titiz testler ve ger\u00e7ek d\u00fcnya uygulamalar\u0131 ile desteklenmektedir.<\/span><\/p>\n<p style=\"padding-left: 40px;\"><span style=\"font-family: verdana, geneva, sans-serif; color: #575454;\"><strong>\u00d6zel \u00c7\u00f6z\u00fcmler<\/strong>: \u00d6zel OEM ve sat\u0131\u015f sonras\u0131 gereksinimlerini kar\u015f\u0131lamak i\u00e7in \u00f6zel tasar\u0131mlar.OEM hizmetleri sa\u011flan\u0131r, ayr\u0131ca \u00e7izimlere dayal\u0131 par\u00e7alar da yapabilir.<\/span><\/p>\n<p style=\"padding-left: 40px;\"><span style=\"font-family: verdana, geneva, sans-serif; color: #575454;\"><strong>S\u00fcrd\u00fcr\u00fclebilirlik<\/strong>: Hafif yap\u0131, daha az yak\u0131t t\u00fcketimine ve daha d\u00fc\u015f\u00fck emisyonlara katk\u0131da bulunur.<\/span><\/p>\n<p>&nbsp;<\/p>\n<p style=\"padding-left: 40px;\"><span style=\"font-family: verdana, geneva, sans-serif; color: #ff9900; font-size: 14pt;\"><strong>Bug\u00fcn Bize Ula\u015f\u0131n<\/strong><\/span><br \/>\n<span style=\"font-family: verdana, geneva, sans-serif; color: #575454;\">Son teknoloji \u00fcr\u00fcn\u00fc AlSiC fren rotorlar\u0131m\u0131zla fren sisteminizi geli\u015ftirin. \u0130ster bir OEM, ister yar\u0131\u015f tak\u0131m\u0131 veya performans tutkunu olun, ihtiya\u00e7lar\u0131n\u0131z\u0131 kar\u015f\u0131layacak teknoloji ve uzmanl\u0131\u011f\u0131 sa\u011fl\u0131yoruz. \u0130novasyonu birlikte y\u00f6nlendirelim.<\/span><\/p>","protected":false},"excerpt":{"rendered":"<p><span style=\"color: #696666;\"><span style=\"font-family: verdana, geneva, sans-serif;\"><strong>\u00dcr\u00fcn Ad\u0131\uff1a<\/strong><\/span><span style=\"font-family: verdana, geneva, sans-serif;\">Al\u00fcminyum Silisyum Karb\u00fcr (AlSiC) Fren Rotorlar\u0131<strong><br \/>\n<\/strong><\/span><span style=\"font-family: verdana, geneva, sans-serif;\"><strong>Garanti\uff1a<\/strong>1 y\u0131l<\/span><\/span><br \/>\n<span style=\"font-family: verdana, geneva, sans-serif; color: #696666;\"><strong>Durum\uff1a<\/strong>Yeni<\/span><br \/>\n<span style=\"font-family: verdana, geneva, sans-serif; color: #696666;\"><strong>Yo\u011funluk:<\/strong> 2,8-3,0 g\/cm\u00b3<\/span><br \/>\n<span style=\"font-family: verdana, geneva, sans-serif; color: #696666;\"><strong>Kalite:<\/strong>\u00a0100% Test Edildi<\/span><\/p>","protected":false},"featured_media":906,"comment_status":"closed","ping_status":"closed","template":"","meta":[],"product_cat":[15],"product_tag":[],"class_list":{"0":"post-904","1":"product","2":"type-product","3":"status-publish","4":"has-post-thumbnail","6":"product_cat-brake-parts","8":"first","9":"instock","10":"shipping-taxable","11":"product-type-simple"},"_links":{"self":[{"href":"https:\/\/carbitautoparts.com\/tr\/wp-json\/wp\/v2\/product\/904","targetHints":{"allow":["GET"]}}],"collection":[{"href":"https:\/\/carbitautoparts.com\/tr\/wp-json\/wp\/v2\/product"}],"about":[{"href":"https:\/\/carbitautoparts.com\/tr\/wp-json\/wp\/v2\/types\/product"}],"replies":[{"embeddable":true,"href":"https:\/\/carbitautoparts.com\/tr\/wp-json\/wp\/v2\/comments?post=904"}],"wp:featuredmedia":[{"embeddable":true,"href":"https:\/\/carbitautoparts.com\/tr\/wp-json\/wp\/v2\/media\/906"}],"wp:attachment":[{"href":"https:\/\/carbitautoparts.com\/tr\/wp-json\/wp\/v2\/media?parent=904"}],"wp:term":[{"taxonomy":"product_cat","embeddable":true,"href":"https:\/\/carbitautoparts.com\/tr\/wp-json\/wp\/v2\/product_cat?post=904"},{"taxonomy":"product_tag","embeddable":true,"href":"https:\/\/carbitautoparts.com\/tr\/wp-json\/wp\/v2\/product_tag?post=904"}],"curies":[{"name":"wp","href":"https:\/\/api.w.org\/{rel}","templated":true}]}}