{"id":962,"date":"2025-02-24T16:34:37","date_gmt":"2025-02-24T08:34:37","guid":{"rendered":"https:\/\/carbitautoparts.com\/?post_type=product&#038;p=962"},"modified":"2025-03-13T10:40:43","modified_gmt":"2025-03-13T02:40:43","slug":"ignition-coil-for-hyundai-sonata-elantra-kia-oem-27300-3f100","status":"publish","type":"product","link":"https:\/\/carbitautoparts.com\/tr\/product\/hyundai-sonata-elantra-kia-icin-atesleme-bobini-oem-27300-3f100\/","title":{"rendered":"Hyundai Sonata\uff0cElantra\uff0cKia-OEM 27300-3F100 i\u00e7in Ate\u015fleme Bobini"},"content":{"rendered":"<p><span style=\"font-size: 18pt; color: #403e3e;\"><strong style=\"font-family: verdana, geneva, sans-serif;\">Hyundai Sonata\/Elantra\/Kia | OEM 27300-3F100 i\u00e7in Ate\u015fleme Bobini<\/strong><\/span><\/p>\n<p><span style=\"font-family: verdana, geneva, sans-serif; color: #545151;\"><strong>Y\u00fcksek Performansl\u0131 Ate\u015fleme Sistemi Bile\u015feni<\/strong><\/span><\/p>\n<p><span style=\"font-family: verdana, geneva, sans-serif; color: #545151;\">OEM s\u0131n\u0131f\u0131 ate\u015fleme bobinimizle g\u00fcvenilir motor \u00e7al\u0131\u015ft\u0131rma, daha yumu\u015fak h\u0131zlanma ve optimum yak\u0131t verimlili\u011fi sa\u011flay\u0131n<strong> (OEM:27300-3F100)<\/strong>. Hyundai Sonata, Elantra ve Kia modelleri i\u00e7in do\u011frudan yedek olarak tasarlanan bu hassas m\u00fchendislik \u00fcr\u00fcn\u00fc bobin, modern benzinli motorlar i\u00e7in tutarl\u0131 k\u0131v\u0131lc\u0131m enerjisi ve dayan\u0131kl\u0131l\u0131k sunar.<\/span><\/p>\n<hr \/>\n<ul>\n<li><span style=\"color: #4a4848;\"><span style=\"color: #4a4848;\"><span style=\"color: #4a4848;\"><span style=\"font-family: verdana, geneva, sans-serif;\">Birinci s\u0131n\u0131f hammaddeler kullan\u0131larak \u00fcretilen \u00fcr\u00fcn, y\u00fcksek s\u0131cakl\u0131klara ve eskimeye kar\u015f\u0131 m\u00fckemmel diren\u00e7 g\u00f6stererek uzun bir hizmet \u00f6mr\u00fc sa\u011flar. Titre\u015fim sorunlar\u0131n\u0131 azaltan, yak\u0131t t\u00fcketimini etkili bir \u015fekilde azaltan ve ara\u00e7 performans\u0131n\u0131 \u00f6nemli \u00f6l\u00e7\u00fcde art\u0131ran kararl\u0131 voltaj \u00e7\u0131k\u0131\u015f\u0131 sunar.<\/span><\/span><\/span><\/span><\/li>\n<li><span style=\"color: #4a4848;\"><span style=\"font-family: verdana, geneva, sans-serif;\">\u00c7e\u015fitli ate\u015fleme bobinleri \u00fczerinde performans de\u011ferlendirmesi, termal \u015fok direnci, y\u00fcksek s\u0131cakl\u0131k dayan\u0131kl\u0131l\u0131\u011f\u0131, yorulma direnci ve g\u00fc\u00e7 termal d\u00f6ng\u00fcs\u00fcn\u00fc kapsayan s\u00fcrekli ve titiz testler ger\u00e7ekle\u015ftirilir. Bu testler her \u00fcr\u00fcn\u00fcn kalitesini ve g\u00fcvenilirli\u011fini sa\u011flamak i\u00e7in tasarlanm\u0131\u015ft\u0131r.<br \/>\n<\/span><\/span><\/li>\n<li><span style=\"color: #4a4848;\"><span style=\"color: #4a4848;\"><span style=\"font-family: verdana, geneva, sans-serif;\">Hyundai\/Kia 27300-3F100, Denso 471-1111, NGK U5050 ve Bosch 0221504476 ile uyumludur. 2015-2021 Hyundai Sonata\/Elantra ve Kia'ya uyar.<\/span><\/span><\/span><\/li>\n<li><span style=\"font-family: verdana, geneva, sans-serif; color: #4a4848;\"><strong>Tak ve \u00c7al\u0131\u015ft\u0131r Kurulum<\/strong><\/span><\/li>\n<\/ul>\n<p><span style=\"color: #4a4848;\"><span style=\"font-family: verdana, geneva, sans-serif;\">\u00a0 \u00a0 \u00a0 \u00a0OE konnekt\u00f6rleri ve montaj braketleri ile do\u011frudan de\u011fi\u015ftirme.<br \/>\n<\/span><span style=\"font-family: verdana, geneva, sans-serif;\">\u00a0 \u00a0 \u00a0 \u00a0Kodlama veya modifikasyon gerektirmez.<br \/>\n<\/span><span style=\"font-family: verdana, geneva, sans-serif;\">\u00a0 \u00a0 \u00a0 \u00a0OEM bujileriyle uyumludur (\u00f6rn. NGK 94193).<\/span><\/span><\/p>","protected":false},"excerpt":{"rendered":"<p><span style=\"font-family: verdana, geneva, sans-serif; color: #4a4444;\"><strong>\u00dcr\u00fcn Ad\u0131\uff1a<\/strong>Far Tertibat\u0131<\/span><br \/>\n<span style=\"font-family: verdana, geneva, sans-serif; color: #4a4444;\"><strong>Garanti\uff1a<\/strong>1 y\u0131l<\/span><br \/>\n<span style=\"font-family: verdana, geneva, sans-serif; color: #4a4444;\"><strong>Durum\uff1a<\/strong>Yeni<\/span><br \/>\n<span style=\"font-family: verdana, geneva, sans-serif; color: #4a4444;\"><strong>Araba Modeli\uff1a<\/strong>Hyundai Sonata\/Elantra\/Kia<\/span><br \/>\n<span style=\"color: #4a4444;\"><span style=\"font-family: verdana, geneva, sans-serif;\"><strong>OEM NO .:<\/strong> 27300-3F100<br \/>\n<\/span><strong style=\"font-family: verdana, geneva, sans-serif;\">Birincil Diren\u00e7:<\/strong><span style=\"font-family: verdana, geneva, sans-serif;\"> 0.55-0.75 \u03a9<br \/>\n<\/span><strong style=\"font-family: verdana, geneva, sans-serif;\">\u0130kincil Diren\u00e7:<\/strong><span style=\"font-family: verdana, geneva, sans-serif;\"> 6,8-8,2 k\u03a9<br \/>\n<\/span><strong style=\"font-family: verdana, geneva, sans-serif;\">Voltaj:<\/strong><span style=\"font-family: verdana, geneva, sans-serif;\"> 12V DC<br \/>\n<\/span><strong style=\"font-family: verdana, geneva, sans-serif;\">\u00c7al\u0131\u015fma S\u0131cakl\u0131k Aral\u0131\u011f\u0131:<\/strong><span style=\"font-family: verdana, geneva, sans-serif;\"> -40\u00b0C ila 150\u00b0C<br \/>\n<strong>Su Ge\u00e7irmez ve Toz Ge\u00e7irmez Koruma: <\/strong>IP67<br \/>\n<\/span><strong style=\"font-family: verdana, geneva, sans-serif;\">Kalite:<\/strong><span style=\"font-family: verdana, geneva, sans-serif;\"> 100% Test Edildi<br \/>\n<\/span><strong style=\"font-family: verdana, geneva, sans-serif;\">Teslimat S\u00fcresi:<\/strong><span style=\"font-family: verdana, geneva, sans-serif;\">\u00a03-7 G\u00fcn<\/span><\/span><\/p>","protected":false},"featured_media":963,"comment_status":"closed","ping_status":"closed","template":"","meta":[],"product_cat":[18],"product_tag":[],"class_list":{"0":"post-962","1":"product","2":"type-product","3":"status-publish","4":"has-post-thumbnail","6":"product_cat-engine-parts","8":"first","9":"instock","10":"shipping-taxable","11":"product-type-simple"},"_links":{"self":[{"href":"https:\/\/carbitautoparts.com\/tr\/wp-json\/wp\/v2\/product\/962","targetHints":{"allow":["GET"]}}],"collection":[{"href":"https:\/\/carbitautoparts.com\/tr\/wp-json\/wp\/v2\/product"}],"about":[{"href":"https:\/\/carbitautoparts.com\/tr\/wp-json\/wp\/v2\/types\/product"}],"replies":[{"embeddable":true,"href":"https:\/\/carbitautoparts.com\/tr\/wp-json\/wp\/v2\/comments?post=962"}],"wp:featuredmedia":[{"embeddable":true,"href":"https:\/\/carbitautoparts.com\/tr\/wp-json\/wp\/v2\/media\/963"}],"wp:attachment":[{"href":"https:\/\/carbitautoparts.com\/tr\/wp-json\/wp\/v2\/media?parent=962"}],"wp:term":[{"taxonomy":"product_cat","embeddable":true,"href":"https:\/\/carbitautoparts.com\/tr\/wp-json\/wp\/v2\/product_cat?post=962"},{"taxonomy":"product_tag","embeddable":true,"href":"https:\/\/carbitautoparts.com\/tr\/wp-json\/wp\/v2\/product_tag?post=962"}],"curies":[{"name":"wp","href":"https:\/\/api.w.org\/{rel}","templated":true}]}}