{"id":976,"date":"2025-02-24T18:04:59","date_gmt":"2025-02-24T10:04:59","guid":{"rendered":"https:\/\/carbitautoparts.com\/?post_type=product&#038;p=976"},"modified":"2025-05-07T09:39:42","modified_gmt":"2025-05-07T01:39:42","slug":"hyundai-ix35-tucson-map-sensor-oem-39300-2b000","status":"publish","type":"product","link":"https:\/\/carbitautoparts.com\/tr\/product\/hyundai-ix35-tucson-hari\u0307ta-sensoru-oem-39300-2b000\/","title":{"rendered":"Hyundai IX35\/Tucson Manifold Mutlak Bas\u0131n\u00e7 (MAP) Sens\u00f6r\u00fc-OEM 39300-2B000"},"content":{"rendered":"<h1><span style=\"font-family: verdana, geneva, sans-serif; font-size: 14pt; color: #424141;\"><strong>Hyundai IX35\/ i\u00e7in Manifold Mutlak Bas\u0131n\u00e7 (MAP) Sens\u00f6r\u00fc<span style=\"font-family: verdana, geneva, sans-serif;\">Tucson<\/span>-OEM 39300-2B000<\/strong><\/span><\/h1>\n<p><span style=\"font-family: verdana, geneva, sans-serif; color: #595757;\"><strong>Optimum Yak\u0131t Verimlili\u011fi i\u00e7in Hassas Motor Performans\u0131<\/strong><\/span><\/p>\n<p><span style=\"font-family: verdana, geneva, sans-serif; color: #595757;\">OEM s\u0131n\u0131f\u0131 hava bas\u0131nc\u0131 \u00f6l\u00e7\u00fcmlerimizle do\u011fru hava bas\u0131nc\u0131 okumalar\u0131 ve optimum motor performans\u0131 sa\u011flay\u0131n\u00a0<strong>Manifold Mutlak Bas\u0131n\u00e7 (MAP) Sens\u00f6r\u00fc (OEM: 39300-2B000)<\/strong>. Hyundai IX35, Kia Sportage modelleri i\u00e7in \u00f6zel olarak tasarlanan bu sens\u00f6r, ECU'ya g\u00fcvenilir veriler sa\u011flayarak yak\u0131t verimlili\u011fini, gaz kelebe\u011fi tepkisini ve emisyon kontrol\u00fcn\u00fc iyile\u015ftirir.<\/span><\/p>\n<hr \/>\n<ul>\n<li><span style=\"color: #575151;\"><span style=\"color: #575151;\"><span style=\"font-family: verdana, geneva, sans-serif;\"><strong>Tam OEM Uyum<br \/>\n<\/strong><\/span><span style=\"font-family: verdana, geneva, sans-serif;\">\u0130le uyumludur:<br \/>\n<\/span><span style=\"font-family: verdana, geneva, sans-serif;\"><strong>-Hyundai IX35<\/strong> (2010-2015) - 2.0L Nu MPI &amp; 2.4L GDI motorlar.<br \/>\n<\/span><span style=\"font-family: verdana, geneva, sans-serif;\"><strong>-Kia Sportage<\/strong> (2010-2015) - IX35 ile ortak platform.<br \/>\n<\/span><span style=\"font-family: verdana, geneva, sans-serif;\"><strong>-Hyundai Tucson<\/strong> (2010-2015) - 2.0L Nu MPI &amp; 2.4L GDI motorlar.<\/span><\/span><\/span><\/li>\n<li><span style=\"color: #575151;\"><span style=\"font-family: verdana, geneva, sans-serif;\"><strong>Geli\u015ftirilmi\u015f Motor Performans\u0131<br \/>\n<\/strong><\/span><span style=\"font-family: verdana, geneva, sans-serif;\">-Y\u00fcksek do\u011frulukta bas\u0131n\u00e7 alg\u0131lama (0-250 kPa aral\u0131\u011f\u0131).<br \/>\n<\/span><span style=\"font-family: verdana, geneva, sans-serif;\">-Ger\u00e7ek zamanl\u0131 ECU ayarlamalar\u0131 i\u00e7in h\u0131zl\u0131 yan\u0131t s\u00fcresi (&lt;10 ms).<br \/>\n<\/span><span style=\"font-family: verdana, geneva, sans-serif;\">-S\u0131cakl\u0131k telafisi (-40\u00b0C ila 130\u00b0C \/ -40\u00b0F ila 266\u00b0F).<\/span>\u00a0<\/span><\/li>\n<li><span style=\"color: #575151;\"><span style=\"font-family: verdana, geneva, sans-serif;\"><strong>Dayan\u0131kl\u0131 Yap\u0131<br \/>\n<\/strong><\/span><span style=\"font-family: verdana, geneva, sans-serif;\">-UV ve kimyasal dirence sahip termoplastik g\u00f6vde.<br \/>\n<\/span><span style=\"font-family: verdana, geneva, sans-serif;\">-S\u0131zd\u0131rmaz kurulum i\u00e7in entegre silikon conta.<br \/>\n<\/span><span style=\"font-family: verdana, geneva, sans-serif;\">-IP67 s\u0131n\u0131f\u0131 su ve toz ge\u00e7irmezlik.<\/span>\u00a0<\/span><\/li>\n<li><span style=\"color: #575151;\"><span style=\"font-family: verdana, geneva, sans-serif;\"><strong>Kolay Kurulum<br \/>\n<\/strong><\/span><span style=\"font-family: verdana, geneva, sans-serif;\">-Do\u011frudan tak ve \u00e7al\u0131\u015ft\u0131r de\u011fi\u015fimi (OE konekt\u00f6rleri dahildir).<br \/>\n<\/span><span style=\"font-family: verdana, geneva, sans-serif;\">-Kalibrasyon veya kodlama gerektirmez.<br \/>\n<\/span><span style=\"font-family: verdana, geneva, sans-serif;\">-Fabrika montaj noktalar\u0131na uyar (tork spesifikasyonu: 8-10 Nm).<\/span><\/span><\/li>\n<\/ul>","protected":false},"excerpt":{"rendered":"<p><span style=\"color: #544d4d;\"><span style=\"font-family: verdana, geneva, sans-serif;\"><strong>\u00dcr\u00fcn Ad\u0131<\/strong>\uff1a<\/span><span style=\"font-family: verdana, geneva, sans-serif; font-size: 12pt;\">MAP Sens\u00f6r\u00fc<br \/>\n<\/span><strong style=\"font-family: verdana, geneva, sans-serif;\">Garanti\uff1a<\/strong><span style=\"font-family: verdana, geneva, sans-serif;\">1 y\u0131l<br \/>\n<\/span><span style=\"font-family: verdana, geneva, sans-serif;\"><strong>Durum\uff1a<\/strong>Yeni<\/span><\/span><br \/>\n<span style=\"font-family: verdana, geneva, sans-serif; color: #544d4d;\"><strong>Araba Modeli\uff1a<\/strong>Hyundai IX35\/<span style=\"font-family: verdana, geneva, sans-serif;\">Tucson\/<\/span>Kia Sportage\u00a0<\/span><br \/>\n<span style=\"color: #544d4d;\"><span style=\"font-family: verdana, geneva, sans-serif;\"><strong>OEM NO .: <\/strong><\/span><span style=\"font-family: verdana, geneva, sans-serif; font-size: 12pt;\">39300-2B000<br \/>\n<\/span><strong style=\"font-family: verdana, geneva, sans-serif;\">Voltaj:<\/strong><span style=\"font-family: verdana, geneva, sans-serif;\"> 5V DC<br \/>\n<\/span><strong style=\"font-family: verdana, geneva, sans-serif;\">Bas\u0131n\u00e7 Aral\u0131\u011f\u0131:<\/strong><span style=\"font-family: verdana, geneva, sans-serif;\"> 0-250 kPa<br \/>\n<\/span><strong style=\"font-family: verdana, geneva, sans-serif;\">\u00c7al\u0131\u015fma S\u0131cakl\u0131\u011f\u0131:<\/strong><span style=\"font-family: verdana, geneva, sans-serif;\"> -40\u00b0C ila 130\u00b0C<br \/>\n<\/span><strong style=\"font-family: verdana, geneva, sans-serif;\">Konekt\u00f6r Tipi:<\/strong><span style=\"font-family: verdana, geneva, sans-serif;\"> 3 pimli su ge\u00e7irmez<br \/>\n<\/span><strong style=\"font-family: verdana, geneva, sans-serif;\">Kalite:<\/strong><span style=\"font-family: verdana, geneva, sans-serif;\">\u00a0100% Test Edildi<br \/>\n<\/span><span style=\"font-family: verdana, geneva, sans-serif;\"><strong>Teslimat S\u00fcresi:<\/strong>\u00a03-7 G\u00fcn<\/span><\/span><\/p>\n<p><span style=\"font-family: verdana, geneva, sans-serif; color: #544d4d;\">\u00a0<\/span><\/p>","protected":false},"featured_media":1814,"comment_status":"closed","ping_status":"closed","template":"","meta":[],"product_cat":[19],"product_tag":[],"class_list":{"0":"post-976","1":"product","2":"type-product","3":"status-publish","4":"has-post-thumbnail","6":"product_cat-electric-almotor-parts","8":"first","9":"instock","10":"featured","11":"shipping-taxable","12":"product-type-simple"},"_links":{"self":[{"href":"https:\/\/carbitautoparts.com\/tr\/wp-json\/wp\/v2\/product\/976","targetHints":{"allow":["GET"]}}],"collection":[{"href":"https:\/\/carbitautoparts.com\/tr\/wp-json\/wp\/v2\/product"}],"about":[{"href":"https:\/\/carbitautoparts.com\/tr\/wp-json\/wp\/v2\/types\/product"}],"replies":[{"embeddable":true,"href":"https:\/\/carbitautoparts.com\/tr\/wp-json\/wp\/v2\/comments?post=976"}],"wp:featuredmedia":[{"embeddable":true,"href":"https:\/\/carbitautoparts.com\/tr\/wp-json\/wp\/v2\/media\/1814"}],"wp:attachment":[{"href":"https:\/\/carbitautoparts.com\/tr\/wp-json\/wp\/v2\/media?parent=976"}],"wp:term":[{"taxonomy":"product_cat","embeddable":true,"href":"https:\/\/carbitautoparts.com\/tr\/wp-json\/wp\/v2\/product_cat?post=976"},{"taxonomy":"product_tag","embeddable":true,"href":"https:\/\/carbitautoparts.com\/tr\/wp-json\/wp\/v2\/product_tag?post=976"}],"curies":[{"name":"wp","href":"https:\/\/api.w.org\/{rel}","templated":true}]}}