{"id":997,"date":"2025-02-25T10:46:06","date_gmt":"2025-02-25T02:46:06","guid":{"rendered":"https:\/\/carbitautoparts.com\/?post_type=product&#038;p=997"},"modified":"2025-03-12T17:39:09","modified_gmt":"2025-03-12T09:39:09","slug":"chevry-aveo-oxygen-sensor-oem-96418965","status":"publish","type":"product","link":"https:\/\/carbitautoparts.com\/tr\/product\/chevry-aveo-oksi\u0307jen-sensoru-oem-96418965\/","title":{"rendered":"Chevry Aveo Oksijen Sens\u00f6r\u00fc-OEM 96418965"},"content":{"rendered":"<p><span style=\"font-family: verdana, geneva, sans-serif; font-size: 14pt;\"><span style=\"color: #4d4949;\"><strong>Chevrolet Aveo-OEM i\u00e7in Oksijen Sens\u00f6r\u00fc 96418965<\/strong><\/span><\/span><\/p>\n<p><span style=\"font-family: verdana, geneva, sans-serif; color: #5e5a5a;\"><strong>Hassas Emisyon Kontrol\u00fc ve Geli\u015ftirilmi\u015f Yak\u0131t Verimlili\u011fi<\/strong><\/span><\/p>\n<p><span style=\"font-family: verdana, geneva, sans-serif; color: #5e5a5a;\">OEM s\u0131n\u0131f\u0131 \u00fcr\u00fcnlerimizi kullanarak optimum motor performans\u0131 ve k\u00fcresel emisyon standartlar\u0131na uygunluk sa\u011flay\u0131n\u00a0<strong>Oksijen Sens\u00f6r\u00fc<\/strong> <strong>(OEM: 96418965)<\/strong>. Chevrolet Aveo modelleri i\u00e7in \u00f6zel olarak tasarlanan bu y\u00fcksek hassasiyetli sens\u00f6r, yak\u0131t enjeksiyonunu optimize etmek, emisyonlar\u0131 azaltmak ve yak\u0131t ekonomisini iyile\u015ftirmek i\u00e7in egzoz gaz\u0131 oksijen seviyelerini izler.<\/span><\/p>\n<hr \/>\n<ul>\n<li><span style=\"color: #4a4646;\"><span style=\"color: #4a4646;\"><span style=\"font-family: verdana, geneva, sans-serif;\"><strong>Y\u00fcksek Do\u011fruluk Performans\u0131<br \/>\n<\/strong><\/span><span style=\"font-family: verdana, geneva, sans-serif;\"><strong>-Geni\u015f bant zirkonya eleman<\/strong> hassas \u03bb (lambda) \u00f6l\u00e7\u00fcm\u00fc i\u00e7in.<br \/>\n<\/span><span style=\"font-family: verdana, geneva, sans-serif;\"><strong>-\u00c7al\u0131\u015fma s\u0131cakl\u0131\u011f\u0131 aral\u0131\u011f\u0131<\/strong>: -40\u00b0C ila 900\u00b0C (-40\u00b0F ila 1,652\u00b0F)<br \/>\n<\/span><span style=\"font-family: verdana, geneva, sans-serif;\"><strong>-H\u0131zl\u0131 yan\u0131t s\u00fcresi<\/strong> (&lt;100 ms) ger\u00e7ek zamanl\u0131 ECU ayar\u0131 i\u00e7in.<\/span><\/span><\/span><\/li>\n<li><span style=\"color: #4a4646;\"><span style=\"color: #4a4646;\"><strong style=\"font-family: verdana, geneva, sans-serif;\">Dayan\u0131kl\u0131 Yap\u0131<br \/>\n<\/strong><span style=\"font-family: verdana, geneva, sans-serif;\"><strong>-Paslanmaz \u00e7elik g\u00f6vde<\/strong> korozyon \u00f6nleyici kaplama ile.<br \/>\n<\/span><span style=\"font-family: verdana, geneva, sans-serif;\"><strong>-IP67 s\u0131n\u0131f\u0131<\/strong> su ve toz ge\u00e7irmez tasar\u0131m.<br \/>\n<\/span><span style=\"font-family: verdana, geneva, sans-serif;\"><strong>-Y\u00fcksek s\u0131cakl\u0131kta kablolama<\/strong> (PTFE yal\u0131t\u0131m)<\/span><\/span><\/span><\/li>\n<li><span style=\"color: #4a4646;\"><strong style=\"font-family: verdana, geneva, sans-serif;\">Tak ve \u00c7al\u0131\u015ft\u0131r Kurulum<br \/>\n<\/strong><span style=\"font-family: verdana, geneva, sans-serif;\">-Do\u011frudan OE konnekt\u00f6r uyumlulu\u011fu (4 pimli)<br \/>\n<\/span><span style=\"font-family: verdana, geneva, sans-serif;\">-ECU yeniden kalibrasyonu gerekmez<br \/>\n<\/span><span style=\"font-family: verdana, geneva, sans-serif;\">-Tork \u00f6zellikleri: 40-50 Nm (fabrika montaj\u0131)<\/span><\/span><\/li>\n<\/ul>","protected":false},"excerpt":{"rendered":"<p><span style=\"color: #545151;\"><strong style=\"font-family: verdana, geneva, sans-serif;\">\u00dcr\u00fcn Ad\u0131\uff1a<\/strong><span style=\"font-size: 12pt;\"><span style=\"font-family: verdana, geneva, sans-serif;\">Oksijen Sens\u00f6r\u00fc<br \/>\n<\/span><\/span><strong style=\"font-family: verdana, geneva, sans-serif;\">Garanti\uff1a<\/strong><span style=\"font-family: verdana, geneva, sans-serif;\">1 y\u0131l<br \/>\n<\/span><strong style=\"font-family: verdana, geneva, sans-serif;\">Durum\uff1a<\/strong><span style=\"font-family: verdana, geneva, sans-serif;\">Yeni<br \/>\n<\/span><strong style=\"font-family: verdana, geneva, sans-serif;\">Araba Modeli\uff1a<\/strong><span style=\"font-family: verdana, geneva, sans-serif; font-size: 12pt;\"><strong>Chevrolet Aveo<\/strong><\/span><span style=\"font-family: verdana, geneva, sans-serif;\"><br \/>\n<\/span><strong style=\"font-family: verdana, geneva, sans-serif;\">OEM:<\/strong><span style=\"font-family: verdana, geneva, sans-serif;\"> 96418965<br \/>\n<\/span><strong style=\"font-family: verdana, geneva, sans-serif;\">Gerilim<\/strong><span style=\"font-family: verdana, geneva, sans-serif;\">: 12V DC<br \/>\n<\/span><strong style=\"font-family: verdana, geneva, sans-serif;\">Sinyal Tipi<\/strong><span style=\"font-family: verdana, geneva, sans-serif;\">: 0.1-0.9V do\u011frusal \u00e7\u0131k\u0131\u015f<br \/>\n<\/span><strong style=\"font-family: verdana, geneva, sans-serif;\">Kalite:<\/strong><span style=\"font-family: verdana, geneva, sans-serif;\"> 100% Test Edildi<br \/>\n<\/span><strong style=\"font-family: verdana, geneva, sans-serif;\">Teslimat S\u00fcresi:<\/strong><span style=\"font-family: verdana, geneva, sans-serif;\">\u00a03-7 G\u00fcn<\/span><\/span><\/p>","protected":false},"featured_media":998,"comment_status":"closed","ping_status":"closed","template":"","meta":[],"product_cat":[19],"product_tag":[],"class_list":{"0":"post-997","1":"product","2":"type-product","3":"status-publish","4":"has-post-thumbnail","6":"product_cat-electric-almotor-parts","8":"first","9":"instock","10":"shipping-taxable","11":"product-type-simple"},"_links":{"self":[{"href":"https:\/\/carbitautoparts.com\/tr\/wp-json\/wp\/v2\/product\/997","targetHints":{"allow":["GET"]}}],"collection":[{"href":"https:\/\/carbitautoparts.com\/tr\/wp-json\/wp\/v2\/product"}],"about":[{"href":"https:\/\/carbitautoparts.com\/tr\/wp-json\/wp\/v2\/types\/product"}],"replies":[{"embeddable":true,"href":"https:\/\/carbitautoparts.com\/tr\/wp-json\/wp\/v2\/comments?post=997"}],"wp:featuredmedia":[{"embeddable":true,"href":"https:\/\/carbitautoparts.com\/tr\/wp-json\/wp\/v2\/media\/998"}],"wp:attachment":[{"href":"https:\/\/carbitautoparts.com\/tr\/wp-json\/wp\/v2\/media?parent=997"}],"wp:term":[{"taxonomy":"product_cat","embeddable":true,"href":"https:\/\/carbitautoparts.com\/tr\/wp-json\/wp\/v2\/product_cat?post=997"},{"taxonomy":"product_tag","embeddable":true,"href":"https:\/\/carbitautoparts.com\/tr\/wp-json\/wp\/v2\/product_tag?post=997"}],"curies":[{"name":"wp","href":"https:\/\/api.w.org\/{rel}","templated":true}]}}